{"id":9732,"date":"2023-05-22T09:19:07","date_gmt":"2023-05-22T07:19:07","guid":{"rendered":"https:\/\/thefactoryconceptstore.com\/?post_type=product&#038;p=9732"},"modified":"2025-12-01T20:28:20","modified_gmt":"2025-12-01T19:28:20","slug":"kaws-what-a-party-book","status":"publish","type":"product","link":"https:\/\/thefactoryconceptstore.com\/it\/products\/kaws-what-a-party-book\/","title":{"rendered":"KAWS - Che festa LIBRO 2021"},"content":{"rendered":"<p><b>Una monografia completa sul lavoro di KAWS, uno degli artisti e delle forze creative pi\u00f9 ricercate del nostro tempo.<\/b><\/p>\n<p>Attingendo alla tradizione della Pop art, il lavoro di KAWS si colloca a cavallo tra arte e cultura popolare, attraversando i mezzi della pittura e della scultura, insieme alla moda, al merchandise, ai giocattoli in vinile e, pi\u00f9 recentemente, alla realt\u00e0 aumentata. Questo libro, realizzato in stretta collaborazione con l'artista, presenta le sue opere pi\u00f9 note insieme a schizzi, disegni preparatori e immagini mai viste prima di KAWS al lavoro, rivelando il processo meticoloso che sta dietro alle sue opere iconiche. Accompagnando una grande mostra retrospettiva al Brooklyn Museum, l'opera cattura la capacit\u00e0 unica dell'artista di rimodellare il modo in cui oggi pensiamo all'arte e alla cultura contemporanea.<\/p>\n<p><strong>Specifiche:<\/strong><\/p>\n<ul>\n<li>Formato: Volume cartonato<\/li>\n<li>Dimensioni: 30,55 \u00d7 23,8 cm<\/li>\n<li>Pagine: 256 pp<\/li>\n<li>Illustrazioni: 1500 illustrazioni<\/li>\n<\/ul>","protected":false},"excerpt":{"rendered":"<p>Una monografia completa sul lavoro di KAWS, uno degli artisti e delle forze creative pi\u00f9 ricercate del nostro tempo. Attingendo alle tradizioni della Pop art, il lavoro di KAWS si colloca a cavallo tra arte e cultura popolare, attraversando i mezzi della pittura e della scultura, insieme alla moda, al merchandising, ai giocattoli in vinile e, pi\u00f9 recentemente, alla realt\u00e0 aumentata. Questo ...<\/p>\n<p class=\"read-more\"> <a class=\"\" href=\"https:\/\/thefactoryconceptstore.com\/it\/products\/kaws-what-a-party-book\/\"> <span class=\"screen-reader-text\">KAWS - Che festa LIBRO 2021<\/span> Leggi altro \"<\/a><\/p>","protected":false},"featured_media":9733,"template":"","meta":{"site-sidebar-layout":"default","site-content-layout":"default","ast-global-header-display":"","ast-banner-title-visibility":"","ast-main-header-display":"","ast-hfb-above-header-display":"","ast-hfb-below-header-display":"","ast-hfb-mobile-header-display":"","site-post-title":"","ast-breadcrumbs-content":"","ast-featured-img":"","footer-sml-layout":"","theme-transparent-header-meta":"default","adv-header-id-meta":"","stick-header-meta":"","header-above-stick-meta":"","header-main-stick-meta":"","header-below-stick-meta":""},"product_brand":[],"product_cat":[26],"product_tag":[59],"class_list":{"0":"post-9732","1":"product","2":"type-product","3":"status-publish","4":"has-post-thumbnail","6":"product_cat-books","7":"product_tag-kaws","8":"desktop-align-left","9":"tablet-align-left","10":"mobile-align-left","12":"first","13":"outofstock","14":"shipping-taxable","15":"purchasable","16":"product-type-simple"},"_links":{"self":[{"href":"https:\/\/thefactoryconceptstore.com\/it\/wp-json\/wp\/v2\/product\/9732","targetHints":{"allow":["GET"]}}],"collection":[{"href":"https:\/\/thefactoryconceptstore.com\/it\/wp-json\/wp\/v2\/product"}],"about":[{"href":"https:\/\/thefactoryconceptstore.com\/it\/wp-json\/wp\/v2\/types\/product"}],"version-history":[{"count":6,"href":"https:\/\/thefactoryconceptstore.com\/it\/wp-json\/wp\/v2\/product\/9732\/revisions"}],"predecessor-version":[{"id":10975,"href":"https:\/\/thefactoryconceptstore.com\/it\/wp-json\/wp\/v2\/product\/9732\/revisions\/10975"}],"wp:featuredmedia":[{"embeddable":true,"href":"https:\/\/thefactoryconceptstore.com\/it\/wp-json\/wp\/v2\/media\/9733"}],"wp:attachment":[{"href":"https:\/\/thefactoryconceptstore.com\/it\/wp-json\/wp\/v2\/media?parent=9732"}],"wp:term":[{"taxonomy":"product_brand","embeddable":true,"href":"https:\/\/thefactoryconceptstore.com\/it\/wp-json\/wp\/v2\/product_brand?post=9732"},{"taxonomy":"product_cat","embeddable":true,"href":"https:\/\/thefactoryconceptstore.com\/it\/wp-json\/wp\/v2\/product_cat?post=9732"},{"taxonomy":"product_tag","embeddable":true,"href":"https:\/\/thefactoryconceptstore.com\/it\/wp-json\/wp\/v2\/product_tag?post=9732"}],"curies":[{"name":"wp","href":"https:\/\/api.w.org\/{rel}","templated":true}]}}