{"id":9710,"date":"2023-05-22T09:01:06","date_gmt":"2023-05-22T07:01:06","guid":{"rendered":"https:\/\/thefactoryconceptstore.com\/?post_type=product&#038;p=9710"},"modified":"2024-12-03T17:08:46","modified_gmt":"2024-12-03T16:08:46","slug":"kaws-the-promise","status":"publish","type":"product","link":"https:\/\/thefactoryconceptstore.com\/it\/products\/kaws-the-promise\/","title":{"rendered":"KAWS - La Promessa Edizione Grigia 2022"},"content":{"rendered":"<p>KAWS - La Promessa Edizione Grigia 2022<\/p>\n<p>Dopo l'inaugurazione della sua installazione d'arte pubblica \"THE PROMISE\" presso il Qatar Museum's Dadu Gardens, KAWS ha lanciato una nuova serie di figure e poster in vinile per i collezionisti.<\/p>\n<p>Le grandiose figure in piedi nei Giardini di Dadu sono rappresentate come due figure KAWS COMPANION in grigio e sembrano avere analogie con le figure \"FAMILY\". La versione pi\u00f9 grande sembra passare una sfera simile a un globo alla versione infantile. La figura pu\u00f2 essere vista come un elemento caratteristico del Dadu, che \u00e8 appropriato in quanto \u00e8 il Museo dei bambini del Qatar.<\/p>\n<p>I fan possono ora possedere una statuetta replica dell'installazione. Le figure in vinile sono disponibili in tre diversi colori, tra cui grigio, marrone e nero.<br \/>\nIn tutte le figure, il mappamondo \u00e8 lo stesso e si presenta nella tradizionale veste blu e verde.<\/p>","protected":false},"excerpt":{"rendered":"<p>KAWS - The Promise Grey Edition 2022 Dopo la presentazione della sua installazione d'arte pubblica \"THE PROMISE\" presso i Giardini Dadu del Museo del Qatar, KAWS lancia una nuova serie di figure in vinile e poster per i collezionisti. Le grandiose figure che si ergono nei Giardini Dadu sono raffigurate come due KAWS COMPANION in grigio e sembrano disegnare ...<\/p>\n<p class=\"read-more\"> <a class=\"\" href=\"https:\/\/thefactoryconceptstore.com\/it\/products\/kaws-the-promise\/\"> <span class=\"screen-reader-text\">KAWS - La Promessa Edizione Grigia 2022<\/span> Leggi altro \"<\/a><\/p>","protected":false},"featured_media":9711,"template":"","meta":{"site-sidebar-layout":"default","site-content-layout":"default","ast-global-header-display":"","ast-banner-title-visibility":"","ast-main-header-display":"","ast-hfb-above-header-display":"","ast-hfb-below-header-display":"","ast-hfb-mobile-header-display":"","site-post-title":"","ast-breadcrumbs-content":"","ast-featured-img":"","footer-sml-layout":"","theme-transparent-header-meta":"default","adv-header-id-meta":"","stick-header-meta":"","header-above-stick-meta":"","header-main-stick-meta":"","header-below-stick-meta":""},"product_brand":[],"product_cat":[22],"product_tag":[],"class_list":{"0":"post-9710","1":"product","2":"type-product","3":"status-publish","4":"has-post-thumbnail","6":"product_cat-art-toys","7":"desktop-align-left","8":"tablet-align-left","9":"mobile-align-left","11":"first","12":"instock","13":"shipping-taxable","14":"purchasable","15":"product-type-simple"},"_links":{"self":[{"href":"https:\/\/thefactoryconceptstore.com\/it\/wp-json\/wp\/v2\/product\/9710","targetHints":{"allow":["GET"]}}],"collection":[{"href":"https:\/\/thefactoryconceptstore.com\/it\/wp-json\/wp\/v2\/product"}],"about":[{"href":"https:\/\/thefactoryconceptstore.com\/it\/wp-json\/wp\/v2\/types\/product"}],"version-history":[{"count":4,"href":"https:\/\/thefactoryconceptstore.com\/it\/wp-json\/wp\/v2\/product\/9710\/revisions"}],"predecessor-version":[{"id":10978,"href":"https:\/\/thefactoryconceptstore.com\/it\/wp-json\/wp\/v2\/product\/9710\/revisions\/10978"}],"wp:featuredmedia":[{"embeddable":true,"href":"https:\/\/thefactoryconceptstore.com\/it\/wp-json\/wp\/v2\/media\/9711"}],"wp:attachment":[{"href":"https:\/\/thefactoryconceptstore.com\/it\/wp-json\/wp\/v2\/media?parent=9710"}],"wp:term":[{"taxonomy":"product_brand","embeddable":true,"href":"https:\/\/thefactoryconceptstore.com\/it\/wp-json\/wp\/v2\/product_brand?post=9710"},{"taxonomy":"product_cat","embeddable":true,"href":"https:\/\/thefactoryconceptstore.com\/it\/wp-json\/wp\/v2\/product_cat?post=9710"},{"taxonomy":"product_tag","embeddable":true,"href":"https:\/\/thefactoryconceptstore.com\/it\/wp-json\/wp\/v2\/product_tag?post=9710"}],"curies":[{"name":"wp","href":"https:\/\/api.w.org\/{rel}","templated":true}]}}