{"id":9235,"date":"2023-05-17T12:52:18","date_gmt":"2023-05-17T10:52:18","guid":{"rendered":"https:\/\/thefactoryconceptstore.com\/?post_type=product&#038;p=9235"},"modified":"2024-12-03T17:09:34","modified_gmt":"2024-12-03T16:09:34","slug":"bearbrick-tetsujin-28-go-400-100","status":"publish","type":"product","link":"https:\/\/thefactoryconceptstore.com\/it\/products\/bearbrick-tetsujin-28-go-400-100\/","title":{"rendered":"BE@RBRICK TETSUJIN 28-GO 400% 100% 2022"},"content":{"rendered":"<p>Be@rbrick Tetsujin 28-g\u014d 400% 100%<\/p>\n<p>Medicom Toy's con la sua serie di figure Be@rbrick rende omaggio al leggendario Tetsujin 28-g\u014d!<\/p>\n<p>Tetsujin 28-g\u014d (\u9244\u4eba28\u53f7, Tetsujin Nij\u016bhachi-g\u014d, lett. \"Uomo di ferro numero 28\") \u00e8 un manga di Mitsuteru Yokoyama pubblicato dal luglio 1956 al maggio 1966.<\/p>\n<p>Medicom Toy utilizza la tecnologia di trasferimento ad acqua per garantire un posizionamento unico della stampa su ogni be@rbrick. Ci\u00f2 significa che ogni Be@rbrick sar\u00e0 speciale e unico.<\/p>","protected":false},"excerpt":{"rendered":"<p>Be@rbrick Tetsujin 28-g\u014d 400% 100% Medicom Toy's con la sua serie di figure Be@rbrick rende omaggio al leggendario Tetsujin 28-g\u014d! Tetsujin 28-g\u014d (\u9244\u4eba28\u53f7, Tetsujin Nij\u016bhachi-g\u014d, lett. \"Uomo di ferro numero 28\") \u00e8 un manga di Mitsuteru Yokoyama pubblicato dal luglio 1956 al maggio 1966. Medicom Toy utilizza la tecnologia di trasferimento ad acqua per garantire una stampa unica su ogni ...<\/p>\n<p class=\"read-more\"> <a class=\"\" href=\"https:\/\/thefactoryconceptstore.com\/it\/products\/bearbrick-tetsujin-28-go-400-100\/\"> <span class=\"screen-reader-text\">BE@RBRICK TETSUJIN 28-GO 400% 100% 2022<\/span> Leggi altro \"<\/a><\/p>","protected":false},"featured_media":9236,"template":"","meta":{"site-sidebar-layout":"default","site-content-layout":"default","ast-global-header-display":"","ast-banner-title-visibility":"","ast-main-header-display":"","ast-hfb-above-header-display":"","ast-hfb-below-header-display":"","ast-hfb-mobile-header-display":"","site-post-title":"","ast-breadcrumbs-content":"","ast-featured-img":"","footer-sml-layout":"","theme-transparent-header-meta":"default","adv-header-id-meta":"","stick-header-meta":"","header-above-stick-meta":"","header-main-stick-meta":"","header-below-stick-meta":""},"product_brand":[],"product_cat":[33],"product_tag":[],"class_list":{"0":"post-9235","1":"product","2":"type-product","3":"status-publish","4":"has-post-thumbnail","6":"product_cat-bearbrick","7":"desktop-align-left","8":"tablet-align-left","9":"mobile-align-left","11":"first","12":"outofstock","13":"shipping-taxable","14":"purchasable","15":"product-type-simple"},"_links":{"self":[{"href":"https:\/\/thefactoryconceptstore.com\/it\/wp-json\/wp\/v2\/product\/9235","targetHints":{"allow":["GET"]}}],"collection":[{"href":"https:\/\/thefactoryconceptstore.com\/it\/wp-json\/wp\/v2\/product"}],"about":[{"href":"https:\/\/thefactoryconceptstore.com\/it\/wp-json\/wp\/v2\/types\/product"}],"version-history":[{"count":5,"href":"https:\/\/thefactoryconceptstore.com\/it\/wp-json\/wp\/v2\/product\/9235\/revisions"}],"predecessor-version":[{"id":10980,"href":"https:\/\/thefactoryconceptstore.com\/it\/wp-json\/wp\/v2\/product\/9235\/revisions\/10980"}],"wp:featuredmedia":[{"embeddable":true,"href":"https:\/\/thefactoryconceptstore.com\/it\/wp-json\/wp\/v2\/media\/9236"}],"wp:attachment":[{"href":"https:\/\/thefactoryconceptstore.com\/it\/wp-json\/wp\/v2\/media?parent=9235"}],"wp:term":[{"taxonomy":"product_brand","embeddable":true,"href":"https:\/\/thefactoryconceptstore.com\/it\/wp-json\/wp\/v2\/product_brand?post=9235"},{"taxonomy":"product_cat","embeddable":true,"href":"https:\/\/thefactoryconceptstore.com\/it\/wp-json\/wp\/v2\/product_cat?post=9235"},{"taxonomy":"product_tag","embeddable":true,"href":"https:\/\/thefactoryconceptstore.com\/it\/wp-json\/wp\/v2\/product_tag?post=9235"}],"curies":[{"name":"wp","href":"https:\/\/api.w.org\/{rel}","templated":true}]}}