{"id":9138,"date":"2023-05-17T10:26:59","date_gmt":"2023-05-17T08:26:59","guid":{"rendered":"https:\/\/thefactoryconceptstore.com\/?post_type=product&#038;p=9138"},"modified":"2024-12-03T17:13:07","modified_gmt":"2024-12-03T16:13:07","slug":"bearbrick-iron-man-rescue-suit","status":"publish","type":"product","link":"https:\/\/thefactoryconceptstore.com\/it\/products\/bearbrick-iron-man-rescue-suit\/","title":{"rendered":"BE@RBRICK TUTA DI SALVATAGGIO IRON MAN 400% 100% 2022"},"content":{"rendered":"<p>BE@RBRICK TUTA DI SALVATAGGIO IRON MAN 400% 100% 2022<\/p>\n<p>Nuova collaborazione tra Medicom toy e DC Comics!<\/p>\n<p>L'armatura di Iron Man: Mark XLIX Armor, nota anche come Rescue Armor, \u00e8 un'armatura utilizzata da Pepper Potts. \u00c8 stata progettata da Tony Stark e ha una forte somiglianza con l'armatura di Iron Man: Mark LXXXV. Pepper Potts l'ha utilizzata durante la Battaglia della Terra per combattere l'esercito di Thanos insieme a suo marito, ai Vendicatori e ai loro alleati.<br \/>\nOriginariamente progettato prima di Infinity War, Tony Stark costru\u00ec questo costume per la sua fidanzata Pepper Potts.<\/p>\n<p>Alla fine Stark nascose il costume nel garage di casa sua. In seguito, la figlia Morgan lo trov\u00f2 e indoss\u00f2 il casco mentre giocava all'aperto. Stark riport\u00f2 l'elmo nel garage dopo aver detto a Morgan che era un regalo per Potts e si lament\u00f2 scherzosamente del fatto che lei non indossava mai le cose fatte da lui per lei.<\/p>\n<p>Medicom Toy utilizza la tecnologia di trasferimento ad acqua per garantire un posizionamento unico della stampa su ogni Be@rbrick. Ci\u00f2 significa che ogni Be@rbrick sar\u00e0 speciale e unico.<\/p>","protected":false},"excerpt":{"rendered":"<p>BE@RBRICK IRON MAN RESCUE SUIT 400% 100% 2022 Nuova collaborazione tra Medicom toy e DC Comics! L'Iron Man: Mark XLIX Armor, nota anche come Rescue Armor, \u00e8 un'armatura utilizzata da Pepper Potts. \u00c8 stata progettata da Tony Stark e ha una forte somiglianza con l'armatura di Iron Man: Mark LXXXV. Potts ha usato ...<\/p>\n<p class=\"read-more\"> <a class=\"\" href=\"https:\/\/thefactoryconceptstore.com\/it\/products\/bearbrick-iron-man-rescue-suit\/\"> <span class=\"screen-reader-text\">BE@RBRICK TUTA DI SALVATAGGIO IRON MAN 400% 100% 2022<\/span> Leggi altro \"<\/a><\/p>","protected":false},"featured_media":9139,"template":"","meta":{"site-sidebar-layout":"default","site-content-layout":"default","ast-global-header-display":"","ast-banner-title-visibility":"","ast-main-header-display":"","ast-hfb-above-header-display":"","ast-hfb-below-header-display":"","ast-hfb-mobile-header-display":"","site-post-title":"","ast-breadcrumbs-content":"","ast-featured-img":"","footer-sml-layout":"","theme-transparent-header-meta":"default","adv-header-id-meta":"","stick-header-meta":"","header-above-stick-meta":"","header-main-stick-meta":"","header-below-stick-meta":""},"product_brand":[],"product_cat":[33],"product_tag":[],"class_list":{"0":"post-9138","1":"product","2":"type-product","3":"status-publish","4":"has-post-thumbnail","6":"product_cat-bearbrick","7":"desktop-align-left","8":"tablet-align-left","9":"mobile-align-left","11":"first","12":"outofstock","13":"shipping-taxable","14":"purchasable","15":"product-type-simple"},"_links":{"self":[{"href":"https:\/\/thefactoryconceptstore.com\/it\/wp-json\/wp\/v2\/product\/9138","targetHints":{"allow":["GET"]}}],"collection":[{"href":"https:\/\/thefactoryconceptstore.com\/it\/wp-json\/wp\/v2\/product"}],"about":[{"href":"https:\/\/thefactoryconceptstore.com\/it\/wp-json\/wp\/v2\/types\/product"}],"version-history":[{"count":9,"href":"https:\/\/thefactoryconceptstore.com\/it\/wp-json\/wp\/v2\/product\/9138\/revisions"}],"predecessor-version":[{"id":11011,"href":"https:\/\/thefactoryconceptstore.com\/it\/wp-json\/wp\/v2\/product\/9138\/revisions\/11011"}],"wp:featuredmedia":[{"embeddable":true,"href":"https:\/\/thefactoryconceptstore.com\/it\/wp-json\/wp\/v2\/media\/9139"}],"wp:attachment":[{"href":"https:\/\/thefactoryconceptstore.com\/it\/wp-json\/wp\/v2\/media?parent=9138"}],"wp:term":[{"taxonomy":"product_brand","embeddable":true,"href":"https:\/\/thefactoryconceptstore.com\/it\/wp-json\/wp\/v2\/product_brand?post=9138"},{"taxonomy":"product_cat","embeddable":true,"href":"https:\/\/thefactoryconceptstore.com\/it\/wp-json\/wp\/v2\/product_cat?post=9138"},{"taxonomy":"product_tag","embeddable":true,"href":"https:\/\/thefactoryconceptstore.com\/it\/wp-json\/wp\/v2\/product_tag?post=9138"}],"curies":[{"name":"wp","href":"https:\/\/api.w.org\/{rel}","templated":true}]}}