{"id":9039,"date":"2023-05-20T19:31:04","date_gmt":"2023-05-20T17:31:04","guid":{"rendered":"https:\/\/thefactoryconceptstore.com\/?post_type=product&#038;p=9039"},"modified":"2024-12-03T17:09:02","modified_gmt":"2024-12-03T16:09:02","slug":"bearbrick-andy-warhol-brillo-2020-400-100","status":"publish","type":"product","link":"https:\/\/thefactoryconceptstore.com\/it\/products\/bearbrick-andy-warhol-brillo-2020-400-100\/","title":{"rendered":"BE@RBRICK ANDY WARHOL BRILLO 400% 100% 2020"},"content":{"rendered":"<p>BE@RBRICK ANDY WARHOL BRILLO 400% 100% 2020<\/p>\n<p>Con le loro audaci scritte rosse e blu, le Brillo Box di Andy Warhol sono repliche esatte del popolare prodotto a forma di cuscinetto di sapone degli anni Cinquanta.<\/p>\n<p>Non \u00e8 stata una sorpresa che Warhol abbia scelto Brillo, uno dei marchi domestici pi\u00f9 riconoscibili del Paese, quando negli anni Sessanta ha iniziato a produrre opere con etichette di prodotti iconici.<\/p>\n<p>Warhol assunse diversi assistenti e realizz\u00f2 decine di sculture alla volta, utilizzando compensato e inchiostro serigrafico per imitare la produzione commerciale di scatole Brillo in cartone.<\/p>\n<p>Per la loro prima mostra alla Stable Gallery nel 1964, le Brillo Box furono impilate intorno alla galleria come espositori da supermercato. Warhol immaginava decine di galleristi che portavano via le Brillo Box come se stessero facendo la spesa.<\/p>\n<p>Anche se all'epoca la sua visione non si realizz\u00f2 del tutto, Brillo Box \u00e8 oggi una delle opere pi\u00f9 iconiche di Warhol, venduta all'asta nel 2010 per oltre $3 milioni.<\/p>\n<p>L'opera d'arte \u00e8 ora al centro di un'edizione collaborativa BE@RBRICK tra la Andy Warhol Foundation e Medicom Toy.<\/p>\n<p>Medicom Toy utilizza la tecnologia di trasferimento ad acqua per garantire un posizionamento unico della stampa su ogni be@rbrick. Ci\u00f2 significa che ogni Be@rbrick sar\u00e0 speciale e unico.<\/p>","protected":false},"excerpt":{"rendered":"<p>BE@RBRICK ANDY WARHOL BRILLO 400% 100% 2020 Con le loro audaci scritte rosse e blu, le Brillo Boxes di Andy Warhol sono repliche esatte del popolare prodotto per pastiglie di sapone degli anni Cinquanta. Non \u00e8 stata una sorpresa che Warhol abbia scelto Brillo - uno dei marchi domestici pi\u00f9 riconoscibili del Paese - quando ha iniziato a produrre opere con etichette di prodotti iconici ...<\/p>\n<p class=\"read-more\"> <a class=\"\" href=\"https:\/\/thefactoryconceptstore.com\/it\/products\/bearbrick-andy-warhol-brillo-2020-400-100\/\"> <span class=\"screen-reader-text\">BE@RBRICK ANDY WARHOL BRILLO 400% 100% 2020<\/span> Leggi altro \"<\/a><\/p>","protected":false},"featured_media":9040,"template":"","meta":{"site-sidebar-layout":"default","site-content-layout":"default","ast-global-header-display":"","ast-banner-title-visibility":"","ast-main-header-display":"","ast-hfb-above-header-display":"","ast-hfb-below-header-display":"","ast-hfb-mobile-header-display":"","site-post-title":"","ast-breadcrumbs-content":"","ast-featured-img":"","footer-sml-layout":"","theme-transparent-header-meta":"default","adv-header-id-meta":"","stick-header-meta":"","header-above-stick-meta":"","header-main-stick-meta":"","header-below-stick-meta":""},"product_brand":[],"product_cat":[33],"product_tag":[],"class_list":{"0":"post-9039","1":"product","2":"type-product","3":"status-publish","4":"has-post-thumbnail","6":"product_cat-bearbrick","7":"desktop-align-left","8":"tablet-align-left","9":"mobile-align-left","11":"first","12":"instock","13":"shipping-taxable","14":"purchasable","15":"product-type-simple"},"_links":{"self":[{"href":"https:\/\/thefactoryconceptstore.com\/it\/wp-json\/wp\/v2\/product\/9039","targetHints":{"allow":["GET"]}}],"collection":[{"href":"https:\/\/thefactoryconceptstore.com\/it\/wp-json\/wp\/v2\/product"}],"about":[{"href":"https:\/\/thefactoryconceptstore.com\/it\/wp-json\/wp\/v2\/types\/product"}],"version-history":[{"count":5,"href":"https:\/\/thefactoryconceptstore.com\/it\/wp-json\/wp\/v2\/product\/9039\/revisions"}],"predecessor-version":[{"id":10979,"href":"https:\/\/thefactoryconceptstore.com\/it\/wp-json\/wp\/v2\/product\/9039\/revisions\/10979"}],"wp:featuredmedia":[{"embeddable":true,"href":"https:\/\/thefactoryconceptstore.com\/it\/wp-json\/wp\/v2\/media\/9040"}],"wp:attachment":[{"href":"https:\/\/thefactoryconceptstore.com\/it\/wp-json\/wp\/v2\/media?parent=9039"}],"wp:term":[{"taxonomy":"product_brand","embeddable":true,"href":"https:\/\/thefactoryconceptstore.com\/it\/wp-json\/wp\/v2\/product_brand?post=9039"},{"taxonomy":"product_cat","embeddable":true,"href":"https:\/\/thefactoryconceptstore.com\/it\/wp-json\/wp\/v2\/product_cat?post=9039"},{"taxonomy":"product_tag","embeddable":true,"href":"https:\/\/thefactoryconceptstore.com\/it\/wp-json\/wp\/v2\/product_tag?post=9039"}],"curies":[{"name":"wp","href":"https:\/\/api.w.org\/{rel}","templated":true}]}}