{"id":9015,"date":"2023-04-25T19:08:15","date_gmt":"2023-04-25T17:08:15","guid":{"rendered":"https:\/\/thefactoryconceptstore.com\/?post_type=product&#038;p=9015"},"modified":"2023-12-10T16:55:39","modified_gmt":"2023-12-10T15:55:39","slug":"bearbrick-series-44-2022","status":"publish","type":"product","link":"https:\/\/thefactoryconceptstore.com\/it\/products\/bearbrick-series-44-2022\/","title":{"rendered":"Serie Be@rbrick 44 2022"},"content":{"rendered":"<p>Serie Be@rbrick 44 24 pezzi.<\/p>\n<p>La Serie 44 di Be@rbrick \u00e8 stata pubblicata da Medicom Toys a met\u00e0 del 2022. La Serie 44 di Bearbrick presenta 21 disegni (6 disegni segreti) e ogni Bearbrick \u00e8 alto 3\u2033 (7 cm).<\/p>\n<p>Presenta disegni di CORALZ, Jean-Michel Basquiat, Kenny Scharf, Squid Game, Stranger Things, Magnet, Yamiken, Czarface, James Bond, Yumeminemu e molti altri!<\/p>\n<p>Questa Serie 44 di Bearbrick presenta 11 temi diversi, che sono costanti da una serie all'altra: Basic, Jellybean, Pattern, Flag, SF, Cute, Animal, Villain, Hero, Artist, Secret.<\/p>\n<p>Medicom Toy utilizza la tecnologia di trasferimento ad acqua per garantire un posizionamento unico della stampa su ogni Be@rbrick. Ci\u00f2 significa che ogni Be@rbrick sar\u00e0 speciale e unico.<\/p>\n<p>&nbsp;<\/p>","protected":false},"excerpt":{"rendered":"<p>Be@rbrick series 44 \u00a024 Pieces. Be@rbrick Series 44 was released by Medicom Toys mid 2022. Bearbrick Series 44 is featuring 21 designs (6 secret designs) and each Bearbrick is 3&#8243; (7 cm) tall. It features designs from CORALZ, Jean-Michel Basquiat, Kenny Scharf, Squid Game, Stranger Things, Magnet, Yamiken, Czarface, James Bond, Yumeminemu and many more! &hellip;<\/p>\n<p class=\"read-more\"> <a class=\"\" href=\"https:\/\/thefactoryconceptstore.com\/it\/products\/bearbrick-series-44-2022\/\"> <span class=\"screen-reader-text\">Serie Be@rbrick 44 2022<\/span> Leggi altro \"<\/a><\/p>","protected":false},"featured_media":9016,"template":"","meta":{"site-sidebar-layout":"default","site-content-layout":"default","ast-global-header-display":"","ast-banner-title-visibility":"","ast-main-header-display":"","ast-hfb-above-header-display":"","ast-hfb-below-header-display":"","ast-hfb-mobile-header-display":"","site-post-title":"","ast-breadcrumbs-content":"","ast-featured-img":"","footer-sml-layout":"","theme-transparent-header-meta":"default","adv-header-id-meta":"","stick-header-meta":"","header-above-stick-meta":"","header-main-stick-meta":"","header-below-stick-meta":""},"product_brand":[],"product_cat":[33],"product_tag":[],"class_list":{"0":"post-9015","1":"product","2":"type-product","3":"status-publish","4":"has-post-thumbnail","6":"product_cat-bearbrick","7":"desktop-align-left","8":"tablet-align-left","9":"mobile-align-left","11":"first","12":"instock","13":"shipping-taxable","14":"purchasable","15":"product-type-simple"},"_links":{"self":[{"href":"https:\/\/thefactoryconceptstore.com\/it\/wp-json\/wp\/v2\/product\/9015","targetHints":{"allow":["GET"]}}],"collection":[{"href":"https:\/\/thefactoryconceptstore.com\/it\/wp-json\/wp\/v2\/product"}],"about":[{"href":"https:\/\/thefactoryconceptstore.com\/it\/wp-json\/wp\/v2\/types\/product"}],"version-history":[{"count":3,"href":"https:\/\/thefactoryconceptstore.com\/it\/wp-json\/wp\/v2\/product\/9015\/revisions"}],"predecessor-version":[{"id":9086,"href":"https:\/\/thefactoryconceptstore.com\/it\/wp-json\/wp\/v2\/product\/9015\/revisions\/9086"}],"wp:featuredmedia":[{"embeddable":true,"href":"https:\/\/thefactoryconceptstore.com\/it\/wp-json\/wp\/v2\/media\/9016"}],"wp:attachment":[{"href":"https:\/\/thefactoryconceptstore.com\/it\/wp-json\/wp\/v2\/media?parent=9015"}],"wp:term":[{"taxonomy":"product_brand","embeddable":true,"href":"https:\/\/thefactoryconceptstore.com\/it\/wp-json\/wp\/v2\/product_brand?post=9015"},{"taxonomy":"product_cat","embeddable":true,"href":"https:\/\/thefactoryconceptstore.com\/it\/wp-json\/wp\/v2\/product_cat?post=9015"},{"taxonomy":"product_tag","embeddable":true,"href":"https:\/\/thefactoryconceptstore.com\/it\/wp-json\/wp\/v2\/product_tag?post=9015"}],"curies":[{"name":"wp","href":"https:\/\/api.w.org\/{rel}","templated":true}]}}