{"id":8867,"date":"2023-04-17T17:20:09","date_gmt":"2023-04-17T17:20:09","guid":{"rendered":"https:\/\/thefactoryconceptstore.com\/?post_type=product&#038;p=8867"},"modified":"2026-01-11T07:01:42","modified_gmt":"2026-01-11T06:01:42","slug":"bearbrick-dylans-candy-bar-400-100-2018","status":"publish","type":"product","link":"https:\/\/thefactoryconceptstore.com\/it\/products\/bearbrick-dylans-candy-bar-400-100-2018\/","title":{"rendered":"BE@RBRICK DYLAN'S CANDY BAR 400% 100% 2018"},"content":{"rendered":"<p>BE@RBRICK DYLAN'S CANDY BAR 400% 100% 2018<\/p>\n<p>Dylan's Candy Bar ha collaborato con Medicom per un Be@rbrick super dolce. \u00c8 ricoperto di lecca-lecca dai colori vivaci, gommose e altre gustose leccornie. Rilasciato nel 2018, il Be@rbrick \u00e8 disponibile nei formati 400% e 100%.<\/p>\n<p>Al momento sono disponibili solo tre taglie e uno stile nella collaborazione tra Dylan's Candy Bar e Be@rbrick. Rilasciato nel 2018, questo orsetto \u00e8 stato chiamato \"Sweet Escape\", ed \u00e8 ovvio il perch\u00e9. Il mix di colori ricorda da lontano un vortice arcobaleno. Tuttavia, il corpo di questo Bearbrick \u00e8 in realt\u00e0 una collezione di lecca-lecca, caramelle gommose e altre immagini di bont\u00e0 zuccherina.<\/p>\n<h3 class=\"wp-block-heading\"><\/h3>\n<p>Fondato nel 2001 da Dylan Lauren, Dylan's Candy Bar \u00e8 un \"emporio di dolciumi e marchio di lifestyle\". I loro prodotti si rivolgono ai bambini che sono in ognuno di noi attraverso l'intersezione di arte, caramelle e moda.<\/p>\n<p>Laureata in storia dell'arte e figlia di Ralph Lauren, Dylan Lauren sa certamente qualcosa di cultura pop. Ha trasformato il suo amore infantile per Willy Wonka in un vero e proprio impero delle caramelle, completo di un'estetica che induce al sorriso.<\/p>\n<p>I fan di Dylan's Candy Bar lo riconoscono per l'uso fantasioso di colori vivaci. Questo marchio fa delle caramelle una forma d'arte.<\/p>\n<p>Medicom Toy utilizza la tecnologia di trasferimento ad acqua per garantire un posizionamento unico della stampa su ogni Be@rbrick. Ci\u00f2 significa che ogni Be@rbrick sar\u00e0 speciale e unico.<\/p>","protected":false},"excerpt":{"rendered":"<p>BE@RBRICK DYLAN'S CANDY BAR 400% 100% 2018 Dylan's Candy Bar ha collaborato con Medicom per un Be@rbrick super dolce. \u00c8 ricoperto di lecca-lecca dai colori vivaci, caramelle gommose e altre gustose leccornie. Rilasciato nel 2018, il Be@rbrick \u00e8 disponibile nei formati 400% e 100%. Al momento sono disponibili solo tre misure e uno stile ...<\/p>\n<p class=\"read-more\"> <a class=\"\" href=\"https:\/\/thefactoryconceptstore.com\/it\/products\/bearbrick-dylans-candy-bar-400-100-2018\/\"> <span class=\"screen-reader-text\">BE@RBRICK DYLAN'S CANDY BAR 400% 100% 2018<\/span> Leggi altro \"<\/a><\/p>","protected":false},"featured_media":8868,"template":"","meta":{"site-sidebar-layout":"default","site-content-layout":"default","ast-global-header-display":"","ast-banner-title-visibility":"","ast-main-header-display":"","ast-hfb-above-header-display":"","ast-hfb-below-header-display":"","ast-hfb-mobile-header-display":"","site-post-title":"","ast-breadcrumbs-content":"","ast-featured-img":"","footer-sml-layout":"","theme-transparent-header-meta":"default","adv-header-id-meta":"","stick-header-meta":"","header-above-stick-meta":"","header-main-stick-meta":"","header-below-stick-meta":""},"product_brand":[],"product_cat":[33],"product_tag":[],"class_list":{"0":"post-8867","1":"product","2":"type-product","3":"status-publish","4":"has-post-thumbnail","6":"product_cat-bearbrick","7":"desktop-align-left","8":"tablet-align-left","9":"mobile-align-left","11":"first","12":"onbackorder","13":"shipping-taxable","14":"purchasable","15":"product-type-simple"},"_links":{"self":[{"href":"https:\/\/thefactoryconceptstore.com\/it\/wp-json\/wp\/v2\/product\/8867","targetHints":{"allow":["GET"]}}],"collection":[{"href":"https:\/\/thefactoryconceptstore.com\/it\/wp-json\/wp\/v2\/product"}],"about":[{"href":"https:\/\/thefactoryconceptstore.com\/it\/wp-json\/wp\/v2\/types\/product"}],"version-history":[{"count":4,"href":"https:\/\/thefactoryconceptstore.com\/it\/wp-json\/wp\/v2\/product\/8867\/revisions"}],"predecessor-version":[{"id":11044,"href":"https:\/\/thefactoryconceptstore.com\/it\/wp-json\/wp\/v2\/product\/8867\/revisions\/11044"}],"wp:featuredmedia":[{"embeddable":true,"href":"https:\/\/thefactoryconceptstore.com\/it\/wp-json\/wp\/v2\/media\/8868"}],"wp:attachment":[{"href":"https:\/\/thefactoryconceptstore.com\/it\/wp-json\/wp\/v2\/media?parent=8867"}],"wp:term":[{"taxonomy":"product_brand","embeddable":true,"href":"https:\/\/thefactoryconceptstore.com\/it\/wp-json\/wp\/v2\/product_brand?post=8867"},{"taxonomy":"product_cat","embeddable":true,"href":"https:\/\/thefactoryconceptstore.com\/it\/wp-json\/wp\/v2\/product_cat?post=8867"},{"taxonomy":"product_tag","embeddable":true,"href":"https:\/\/thefactoryconceptstore.com\/it\/wp-json\/wp\/v2\/product_tag?post=8867"}],"curies":[{"name":"wp","href":"https:\/\/api.w.org\/{rel}","templated":true}]}}