{"id":8863,"date":"2023-04-17T17:14:46","date_gmt":"2023-04-17T17:14:46","guid":{"rendered":"https:\/\/thefactoryconceptstore.com\/?post_type=product&#038;p=8863"},"modified":"2024-12-03T17:17:45","modified_gmt":"2024-12-03T16:17:45","slug":"bearbrick-disney-x-keiichi-tanaami-mickey-mouse-400-100-2021","status":"publish","type":"product","link":"https:\/\/thefactoryconceptstore.com\/it\/products\/bearbrick-disney-x-keiichi-tanaami-mickey-mouse-400-100-2021\/","title":{"rendered":"BE@RBRICK DISNEY x KEIICHI TANAAMI MICKEY MOUSE 400% 100% 2021"},"content":{"rendered":"<p>Be@rbrick Disney x Keiichi Tanaami Topolino 400% 100% 2021<\/p>\n<p>Una collaborazione tra Medicom Toy, Disney e l'artista giapponese Keiichi Tanaami, il Topolino Keiichi Tanaami 400%+100% Bearbrick \u00e8 stato rilasciato nel 2021.<\/p>\n<p>Su Keiichi Tnaami:<\/p>\n<p>Nato nel 1936 a Tokyo, Giappone, dove vive e lavora.<\/p>\n<p>L'infanzia di Keiichi Tanaami \u00e8 stata segnata dal caos della Seconda Guerra Mondiale. Aveva solo nove anni durante il raid aereo di Tokyo del 1945 e la sua famiglia si trasfer\u00ec dalla casa di Tokyo a Meguro, un quartiere residenziale di periferia, da dove osserv\u00f2 oltre un centinaio di bombardamenti sulla citt\u00e0 natale.<\/p>\n<p>Le immagini dei rombanti aerei americani, dei riflettori, delle bombe e delle masse in fuga sono rimaste profondamente impresse nella sua memoria, diventando in seguito la sua iconografia principale - una miscela di incubi e ricordi reali.<\/p>\n<p>Altre influenze dell'infanzia sono state <em>kamishibai - <\/em>Le immagini di cartoline per bambini eseguite per le strade di una Tokyo devastata dalla guerra - cos\u00ec come le ossessive visite quotidiane di Tanaami al cinema, dove era particolarmente attratto dai popolari film di mostri interpretati da attrici affascinanti, che in seguito divennero anch'essi motivi del suo lavoro.<\/p>\n<p>Disegnatore di talento, Tanaami si \u00e8 laureato in design grafico alla Musashino Art University nel 1960. In breve tempo ha intrapreso una carriera di successo nel campo del design e della pubblicit\u00e0, illustrando, tra l'altro, le copertine giapponesi dei dischi dei Jefferson Airplane e dei Monkees.<\/p>\n<p>L'incontro con la scena neo-dada giapponese incentrata sullo studio dell'artista Ushio Shinohara e con i cartoni animati in stile Manga ha ispirato l'ingresso di Tanaami nell'arte. I suoi collage psichedelici, colorati e sovrappopolati, le sue animazioni e i suoi disegni accostano spesso immagini di guerra alla cultura pop americana e giapponese, comunicando il messaggio di pace che ne sta alla base.<\/p>\n<p>Medicom Toy utilizza la tecnologia di trasferimento ad acqua per garantire un posizionamento unico della stampa su ogni Be@rbrick. Ci\u00f2 significa che ogni Be@rbrick sar\u00e0 speciale e unico.<\/p>\n<p>&nbsp;<\/p>","protected":false},"excerpt":{"rendered":"<p>Be@rbrick Disney x Keiichi Tanaami Mickey Mouse 400% 100% 2021 Una collaborazione tra Medicom Toy, Disney e l'artista giapponese Keiichi Tanaami, il Bearbrick Keiichi Tanaami Mickey Mouse 400%+100% \u00e8 stato rilasciato nel 2021. Informazioni su Keiichi Tnaami: Nato nel 1936 a Tokyo, in Giappone, dove vive e lavora, l'infanzia di Keiichi Tanaami \u00e8 stata segnata dal caos provocato ...<\/p>\n<p class=\"read-more\"> <a class=\"\" href=\"https:\/\/thefactoryconceptstore.com\/it\/products\/bearbrick-disney-x-keiichi-tanaami-mickey-mouse-400-100-2021\/\"> <span class=\"screen-reader-text\">BE@RBRICK DISNEY x KEIICHI TANAAMI MICKEY MOUSE 400% 100% 2021<\/span> Leggi altro \"<\/a><\/p>","protected":false},"featured_media":8864,"template":"","meta":{"site-sidebar-layout":"default","site-content-layout":"default","ast-global-header-display":"","ast-banner-title-visibility":"","ast-main-header-display":"","ast-hfb-above-header-display":"","ast-hfb-below-header-display":"","ast-hfb-mobile-header-display":"","site-post-title":"","ast-breadcrumbs-content":"","ast-featured-img":"","footer-sml-layout":"","theme-transparent-header-meta":"default","adv-header-id-meta":"","stick-header-meta":"","header-above-stick-meta":"","header-main-stick-meta":"","header-below-stick-meta":""},"product_brand":[],"product_cat":[33],"product_tag":[],"class_list":{"0":"post-8863","1":"product","2":"type-product","3":"status-publish","4":"has-post-thumbnail","6":"product_cat-bearbrick","7":"desktop-align-left","8":"tablet-align-left","9":"mobile-align-left","11":"first","12":"instock","13":"shipping-taxable","14":"purchasable","15":"product-type-simple"},"_links":{"self":[{"href":"https:\/\/thefactoryconceptstore.com\/it\/wp-json\/wp\/v2\/product\/8863","targetHints":{"allow":["GET"]}}],"collection":[{"href":"https:\/\/thefactoryconceptstore.com\/it\/wp-json\/wp\/v2\/product"}],"about":[{"href":"https:\/\/thefactoryconceptstore.com\/it\/wp-json\/wp\/v2\/types\/product"}],"version-history":[{"count":5,"href":"https:\/\/thefactoryconceptstore.com\/it\/wp-json\/wp\/v2\/product\/8863\/revisions"}],"predecessor-version":[{"id":10713,"href":"https:\/\/thefactoryconceptstore.com\/it\/wp-json\/wp\/v2\/product\/8863\/revisions\/10713"}],"wp:featuredmedia":[{"embeddable":true,"href":"https:\/\/thefactoryconceptstore.com\/it\/wp-json\/wp\/v2\/media\/8864"}],"wp:attachment":[{"href":"https:\/\/thefactoryconceptstore.com\/it\/wp-json\/wp\/v2\/media?parent=8863"}],"wp:term":[{"taxonomy":"product_brand","embeddable":true,"href":"https:\/\/thefactoryconceptstore.com\/it\/wp-json\/wp\/v2\/product_brand?post=8863"},{"taxonomy":"product_cat","embeddable":true,"href":"https:\/\/thefactoryconceptstore.com\/it\/wp-json\/wp\/v2\/product_cat?post=8863"},{"taxonomy":"product_tag","embeddable":true,"href":"https:\/\/thefactoryconceptstore.com\/it\/wp-json\/wp\/v2\/product_tag?post=8863"}],"curies":[{"name":"wp","href":"https:\/\/api.w.org\/{rel}","templated":true}]}}