{"id":8843,"date":"2023-04-17T14:22:57","date_gmt":"2023-04-17T14:22:57","guid":{"rendered":"https:\/\/thefactoryconceptstore.com\/?post_type=product&#038;p=8843"},"modified":"2024-12-03T17:17:52","modified_gmt":"2024-12-03T16:17:52","slug":"bearbrick-batgirl-400-100-2022","status":"publish","type":"product","link":"https:\/\/thefactoryconceptstore.com\/it\/products\/bearbrick-batgirl-400-100-2022\/","title":{"rendered":"BE@RBRICK BATGIRL 400% 100% 2022"},"content":{"rendered":"<p>Be@brick Batgirl 400% 100% 2022<\/p>\n<p>The New Batman Adventures (in breve TNBA) \u00e8 stata una serie televisiva animata andata in onda dal 1997 al 1999.<br \/>\n\u00c8 stata creata come serie sequel di Batman: The Animated Series e segue la stessa trama e continuit\u00e0.<\/p>\n<p>Nonostante il periodo relativamente breve di messa in onda, TNBA si \u00e8 distinto come cartone animato fantastico e come gradita aggiunta al mondo di Gotham, aggiudicandosi due Daytime Emmies, oltre ad altri premi.<\/p>\n<p>Medicom Toy utilizza la tecnologia di trasferimento ad acqua per garantire un posizionamento unico della stampa su ogni Be@rbrick. Ci\u00f2 significa che ogni Be@rbrick sar\u00e0 speciale e unico.<\/p>\n<p>&nbsp;<\/p>","protected":false},"excerpt":{"rendered":"<p>Be@brick Batgirl 400% 100% 2022 The New Batman Adventures (o TNBA) \u00e8 stata una serie televisiva animata andata in onda dal 1997 al 1999. \u00c8 stata creata come serie sequel di Batman: The Animated Series e ne segue la stessa trama e continuit\u00e0. Nonostante la sua durata relativamente breve, TNBA si \u00e8 distinta come ...<\/p>\n<p class=\"read-more\"> <a class=\"\" href=\"https:\/\/thefactoryconceptstore.com\/it\/products\/bearbrick-batgirl-400-100-2022\/\"> <span class=\"screen-reader-text\">BE@RBRICK BATGIRL 400% 100% 2022<\/span> Leggi altro \"<\/a><\/p>","protected":false},"featured_media":8844,"template":"","meta":{"site-sidebar-layout":"default","site-content-layout":"default","ast-global-header-display":"","ast-banner-title-visibility":"","ast-main-header-display":"","ast-hfb-above-header-display":"","ast-hfb-below-header-display":"","ast-hfb-mobile-header-display":"","site-post-title":"","ast-breadcrumbs-content":"","ast-featured-img":"","footer-sml-layout":"","theme-transparent-header-meta":"default","adv-header-id-meta":"","stick-header-meta":"","header-above-stick-meta":"","header-main-stick-meta":"","header-below-stick-meta":""},"product_brand":[],"product_cat":[33],"product_tag":[],"class_list":{"0":"post-8843","1":"product","2":"type-product","3":"status-publish","4":"has-post-thumbnail","6":"product_cat-bearbrick","7":"desktop-align-left","8":"tablet-align-left","9":"mobile-align-left","11":"first","12":"outofstock","13":"shipping-taxable","14":"purchasable","15":"product-type-simple"},"_links":{"self":[{"href":"https:\/\/thefactoryconceptstore.com\/it\/wp-json\/wp\/v2\/product\/8843","targetHints":{"allow":["GET"]}}],"collection":[{"href":"https:\/\/thefactoryconceptstore.com\/it\/wp-json\/wp\/v2\/product"}],"about":[{"href":"https:\/\/thefactoryconceptstore.com\/it\/wp-json\/wp\/v2\/types\/product"}],"version-history":[{"count":3,"href":"https:\/\/thefactoryconceptstore.com\/it\/wp-json\/wp\/v2\/product\/8843\/revisions"}],"predecessor-version":[{"id":8858,"href":"https:\/\/thefactoryconceptstore.com\/it\/wp-json\/wp\/v2\/product\/8843\/revisions\/8858"}],"wp:featuredmedia":[{"embeddable":true,"href":"https:\/\/thefactoryconceptstore.com\/it\/wp-json\/wp\/v2\/media\/8844"}],"wp:attachment":[{"href":"https:\/\/thefactoryconceptstore.com\/it\/wp-json\/wp\/v2\/media?parent=8843"}],"wp:term":[{"taxonomy":"product_brand","embeddable":true,"href":"https:\/\/thefactoryconceptstore.com\/it\/wp-json\/wp\/v2\/product_brand?post=8843"},{"taxonomy":"product_cat","embeddable":true,"href":"https:\/\/thefactoryconceptstore.com\/it\/wp-json\/wp\/v2\/product_cat?post=8843"},{"taxonomy":"product_tag","embeddable":true,"href":"https:\/\/thefactoryconceptstore.com\/it\/wp-json\/wp\/v2\/product_tag?post=8843"}],"curies":[{"name":"wp","href":"https:\/\/api.w.org\/{rel}","templated":true}]}}