{"id":8755,"date":"2023-04-05T08:43:57","date_gmt":"2023-04-05T06:43:57","guid":{"rendered":"https:\/\/thefactoryconceptstore.com\/?post_type=product&#038;p=8755"},"modified":"2024-12-03T17:18:28","modified_gmt":"2024-12-03T16:18:28","slug":"bearbrick-noritake-kinashi-400-100-2020","status":"publish","type":"product","link":"https:\/\/thefactoryconceptstore.com\/it\/products\/bearbrick-noritake-kinashi-400-100-2020\/","title":{"rendered":"BE@RBRICK NORITAKE KINASHI 400% 100% 2020"},"content":{"rendered":"<p>BE@RBRICK NORITAKE KINASHI 400% 100% 2020<\/p>\n<p>Noritake Kinashi \u00e8 un comico, attore, cantante e intrattenitore giapponese.<\/p>\n<p>\u00c8 il piccolo membro del duo comico Tunnels, con il quale ha fatto parte del gruppo pop Yaen.<\/p>\n<p>Il suo partner \u00e8 Takaaki Ishibashi. \u00c8 il vicepresidente esecutivo dell'ufficio intrattenimento di Arrival.<\/p>\n<p>Medicom Toy utilizza la tecnologia di trasferimento ad acqua per garantire un posizionamento unico della stampa su ogni be@rbrick. Ci\u00f2 significa che ogni Be@rbrick sar\u00e0 speciale e unico.<\/p>","protected":false},"excerpt":{"rendered":"<p>BE@RBRICK NORITAKE KINASHI 400% 100% 2020 Noritake Kinashi \u00e8 un comico, attore, cantante e intrattenitore giapponese. \u00c8 il piccolo membro del duo comico Tunnels, con il quale ha fatto parte del gruppo pop Yaen. Il suo partner \u00e8 Takaaki Ishibashi. \u00c8 il vicepresidente esecutivo dell'ufficio di intrattenimento Arrival. Medicom Toy ...<\/p>\n<p class=\"read-more\"> <a class=\"\" href=\"https:\/\/thefactoryconceptstore.com\/it\/products\/bearbrick-noritake-kinashi-400-100-2020\/\"> <span class=\"screen-reader-text\">BE@RBRICK NORITAKE KINASHI 400% 100% 2020<\/span> Leggi altro \"<\/a><\/p>","protected":false},"featured_media":8756,"template":"","meta":{"site-sidebar-layout":"default","site-content-layout":"default","ast-global-header-display":"","ast-banner-title-visibility":"","ast-main-header-display":"","ast-hfb-above-header-display":"","ast-hfb-below-header-display":"","ast-hfb-mobile-header-display":"","site-post-title":"","ast-breadcrumbs-content":"","ast-featured-img":"","footer-sml-layout":"","theme-transparent-header-meta":"default","adv-header-id-meta":"","stick-header-meta":"","header-above-stick-meta":"","header-main-stick-meta":"","header-below-stick-meta":""},"product_brand":[],"product_cat":[33],"product_tag":[],"class_list":{"0":"post-8755","1":"product","2":"type-product","3":"status-publish","4":"has-post-thumbnail","6":"product_cat-bearbrick","7":"desktop-align-left","8":"tablet-align-left","9":"mobile-align-left","11":"first","12":"instock","13":"shipping-taxable","14":"purchasable","15":"product-type-simple"},"_links":{"self":[{"href":"https:\/\/thefactoryconceptstore.com\/it\/wp-json\/wp\/v2\/product\/8755","targetHints":{"allow":["GET"]}}],"collection":[{"href":"https:\/\/thefactoryconceptstore.com\/it\/wp-json\/wp\/v2\/product"}],"about":[{"href":"https:\/\/thefactoryconceptstore.com\/it\/wp-json\/wp\/v2\/types\/product"}],"version-history":[{"count":4,"href":"https:\/\/thefactoryconceptstore.com\/it\/wp-json\/wp\/v2\/product\/8755\/revisions"}],"predecessor-version":[{"id":11042,"href":"https:\/\/thefactoryconceptstore.com\/it\/wp-json\/wp\/v2\/product\/8755\/revisions\/11042"}],"wp:featuredmedia":[{"embeddable":true,"href":"https:\/\/thefactoryconceptstore.com\/it\/wp-json\/wp\/v2\/media\/8756"}],"wp:attachment":[{"href":"https:\/\/thefactoryconceptstore.com\/it\/wp-json\/wp\/v2\/media?parent=8755"}],"wp:term":[{"taxonomy":"product_brand","embeddable":true,"href":"https:\/\/thefactoryconceptstore.com\/it\/wp-json\/wp\/v2\/product_brand?post=8755"},{"taxonomy":"product_cat","embeddable":true,"href":"https:\/\/thefactoryconceptstore.com\/it\/wp-json\/wp\/v2\/product_cat?post=8755"},{"taxonomy":"product_tag","embeddable":true,"href":"https:\/\/thefactoryconceptstore.com\/it\/wp-json\/wp\/v2\/product_tag?post=8755"}],"curies":[{"name":"wp","href":"https:\/\/api.w.org\/{rel}","templated":true}]}}