{"id":8579,"date":"2023-04-04T13:53:48","date_gmt":"2023-04-04T13:53:48","guid":{"rendered":"https:\/\/thefactoryconceptstore.com\/?post_type=product&#038;p=8579"},"modified":"2024-12-03T17:20:00","modified_gmt":"2024-12-03T16:20:00","slug":"bearbrick-japan-national-rugby-team-400-100-2019","status":"publish","type":"product","link":"https:\/\/thefactoryconceptstore.com\/it\/products\/bearbrick-japan-national-rugby-team-400-100-2019\/","title":{"rendered":"BE@RBRICK NAZIONALE GIAPPONESE DI RUGBY 400% 100% 2019"},"content":{"rendered":"<p>Be@rbrick 400% 100% \"The Brave Blossoms\" prepara la Coppa del Mondo di rugby 2019 della Nazionale giapponese!<\/p>\n<p>Il torneo, che si terr\u00e0 in Giappone dal 20 settembre al 2 novembre 2019, segner\u00e0 la prima volta che la Coppa del Mondo di rugby sar\u00e0 ospitata in Asia.<br \/>\nLa partita inaugurale si svolger\u00e0 all'Ajinomoto Stadium di Ch\u014dfu, Tokyo, mentre la finale avr\u00e0 luogo al Nissan Stadium di Yokohama. Grazie al fatto di aver ospitato i giochi, il Giappone si \u00e8 assicurato la qualificazione, rendendo la sua nazionale I Fiori di Ciliegio, o pi\u00f9 recentemente I Fiori Coraggiosi, l'unica squadra asiatica a qualificarsi per questa Coppa del Mondo.<\/p>\n<p>Le figure si presentano in un guscio traslucido di colore rosa, vestite con l'uniforme della squadra nazionale. Completi di colletto a V aperto, i Be@rbrick indossano maglie a righe bianche e rosse con l'emblema Sakura della squadra. Le strisce tematiche proseguono oltre il busto, coprendo le gambe, mentre le braccia rimangono scoperte. Come nota finale, sulla schiena \u00e8 stampato il numero \"24\", un numero che al momento non \u00e8 detenuto da nessun giocatore della squadra, ma che potrebbe riferirsi a una famosa vittoria del Giappone nel 1989, quando batt\u00e9 la Scozia XV per 28-24.<\/p>\n<p>I giocattoli Medicom utilizzano la tecnologia di trasferimento ad acqua per garantire un posizionamento unico della stampa su ogni be@rbrick. Ci\u00f2 significa che ogni Be@rbrick sar\u00e0 speciale e unico.<\/p>\n<p>&nbsp;<\/p>","protected":false},"excerpt":{"rendered":"<p>Be@rbrick 400% 100% \"The Brave Blossoms\" prepara la Coppa del Mondo di rugby 2019 della Nazionale giapponese! Il torneo, che si terr\u00e0 in Giappone dal 20 settembre al 2 novembre 2019, segner\u00e0 la prima volta che la Coppa del Mondo di rugby viene ospitata in Asia. La partita inaugurale si svolger\u00e0 all'Ajinomoto Stadium di Ch\u014dfu, Tokyo, mentre ...<\/p>\n<p class=\"read-more\"> <a class=\"\" href=\"https:\/\/thefactoryconceptstore.com\/it\/products\/bearbrick-japan-national-rugby-team-400-100-2019\/\"> <span class=\"screen-reader-text\">BE@RBRICK NAZIONALE GIAPPONESE DI RUGBY 400% 100% 2019<\/span> Leggi altro \"<\/a><\/p>","protected":false},"featured_media":8590,"template":"","meta":{"site-sidebar-layout":"default","site-content-layout":"default","ast-global-header-display":"","ast-banner-title-visibility":"","ast-main-header-display":"","ast-hfb-above-header-display":"","ast-hfb-below-header-display":"","ast-hfb-mobile-header-display":"","site-post-title":"","ast-breadcrumbs-content":"","ast-featured-img":"","footer-sml-layout":"","theme-transparent-header-meta":"default","adv-header-id-meta":"","stick-header-meta":"","header-above-stick-meta":"","header-main-stick-meta":"","header-below-stick-meta":""},"product_brand":[],"product_cat":[33],"product_tag":[],"class_list":{"0":"post-8579","1":"product","2":"type-product","3":"status-publish","4":"has-post-thumbnail","6":"product_cat-bearbrick","7":"desktop-align-left","8":"tablet-align-left","9":"mobile-align-left","11":"first","12":"outofstock","13":"shipping-taxable","14":"purchasable","15":"product-type-simple"},"_links":{"self":[{"href":"https:\/\/thefactoryconceptstore.com\/it\/wp-json\/wp\/v2\/product\/8579","targetHints":{"allow":["GET"]}}],"collection":[{"href":"https:\/\/thefactoryconceptstore.com\/it\/wp-json\/wp\/v2\/product"}],"about":[{"href":"https:\/\/thefactoryconceptstore.com\/it\/wp-json\/wp\/v2\/types\/product"}],"version-history":[{"count":6,"href":"https:\/\/thefactoryconceptstore.com\/it\/wp-json\/wp\/v2\/product\/8579\/revisions"}],"predecessor-version":[{"id":10732,"href":"https:\/\/thefactoryconceptstore.com\/it\/wp-json\/wp\/v2\/product\/8579\/revisions\/10732"}],"wp:featuredmedia":[{"embeddable":true,"href":"https:\/\/thefactoryconceptstore.com\/it\/wp-json\/wp\/v2\/media\/8590"}],"wp:attachment":[{"href":"https:\/\/thefactoryconceptstore.com\/it\/wp-json\/wp\/v2\/media?parent=8579"}],"wp:term":[{"taxonomy":"product_brand","embeddable":true,"href":"https:\/\/thefactoryconceptstore.com\/it\/wp-json\/wp\/v2\/product_brand?post=8579"},{"taxonomy":"product_cat","embeddable":true,"href":"https:\/\/thefactoryconceptstore.com\/it\/wp-json\/wp\/v2\/product_cat?post=8579"},{"taxonomy":"product_tag","embeddable":true,"href":"https:\/\/thefactoryconceptstore.com\/it\/wp-json\/wp\/v2\/product_tag?post=8579"}],"curies":[{"name":"wp","href":"https:\/\/api.w.org\/{rel}","templated":true}]}}