{"id":12176,"date":"2025-02-13T17:20:08","date_gmt":"2025-02-13T16:20:08","guid":{"rendered":"https:\/\/thefactoryconceptstore.com\/?post_type=product&#038;p=12176"},"modified":"2025-12-01T20:26:41","modified_gmt":"2025-12-01T19:26:41","slug":"berbrick-fantasista-utamaro-r4g-400-100-tokyo-otaku-mode-bearbrick-2019","status":"publish","type":"product","link":"https:\/\/thefactoryconceptstore.com\/it\/products\/berbrick-fantasista-utamaro-r4g-400-100-tokyo-otaku-mode-bearbrick-2019\/","title":{"rendered":"Be@rbrick Fantasista Utamaro R4G 400% 100% Tokyo Otaku Mode Bearbrick 2019"},"content":{"rendered":"<p>Be@rbrick Fantasista Utamaro R4G 400% 100% Tokyo Otaku Mode Bearbrick 2019<\/p>\n<p>Fantasista Utamaro \u00e8 un artista con sede a Brooklyn, New York, questa collaborazione dal 2019 con Medicom Toy show \u00e8 increbible Talent.This edizione limitata \u00e8 difficile da trovare sul mercato! Non perdere questa opportunit\u00e0!<\/p>\n<p>Su Fantasista Utamaro:<\/p>\n<p>Parte della nuova generazione di giovani artisti imprenditori giapponesi la cui visione sfida i confini, egli porta la sensibilit\u00e0 ultra pop e technicolor in ogni progetto con un'energia esplosiva che \u00e8 indiscutibilmente sua.<\/p>\n<p>Fantasisti Utamaro riflette questi tre concetti del suo tema, la celebrazione, la libert\u00e0 e l'illimitatezza nel suo lavoro artistico, che deve dare l'opportunit\u00e0 di vedere le cose universali da diverse angolazioni.<br \/>\nRitiene che sia un processo importante per riconoscere il valore della vita quotidiana.<\/p>\n<p>Lo stile delle sue opere d'arte \u00e8 un modello in continua espansione e ha influenzato la cultura pop giapponese come l'animazione e i manga. Pensa che tutto sia ordinato, come la fotografia e la pancia. Ogni vita ha anche una recita.<\/p>\n<p>Il fantasista Utamaro cattura il suo motivo nascente senza fine come l'immaginazione e l'ego infinito dell'essere umano. Per lui,<br \/>\nnulla pu\u00f2 esistere senza essere tagliato fuori.<\/p>\n<p>Tuttavia, gli esseri umani possono inconsciamente immaginare tagli al di fuori del modello. Immaginare qualcosa che non si pu\u00f2 vedere \u00e8 il cuore della creativit\u00e0, l'immaginazione.<\/p>\n<p>Per il Fantasista Utamaro, l'universalit\u00e0 giapponese \u00e8 cultura pop allo stesso modo dell'animazione e dei manga.<br \/>\nSe queste culture appaiono in tempi diversi, gli osservatori possono riscoprire qualcosa e vedere se stessi in modo soggettivo.<\/p>\n<p>Medicom Toy utilizza la tecnologia di trasferimento ad acqua per garantire un posizionamento unico della stampa su ogni Be@rbrick. Ci\u00f2 significa che ogni Be@rbrick sar\u00e0 speciale e unico.<\/p>\n<p>&nbsp;<\/p>\n<p>&nbsp;<\/p>","protected":false},"excerpt":{"rendered":"<p>Be@rbrick Fantasista Utamaro R4G 400% 100% Tokyo Otaku Mode Bearbrick 2019 Fantasista Utamaro \u00e8 un artista con sede a Brooklyn, New York, questa collaborazione del 2019 con Medicom Toy show \u00e8 increbible Talent.This edizione limitata \u00e8 difficile da trovare sul mercato! Non perdere questa opportunit\u00e0! Informazioni su Fantasista Utamaro: Parte della nuova generazione di giovani ...<\/p>\n<p class=\"read-more\"> <a class=\"\" href=\"https:\/\/thefactoryconceptstore.com\/it\/products\/berbrick-fantasista-utamaro-r4g-400-100-tokyo-otaku-mode-bearbrick-2019\/\"> <span class=\"screen-reader-text\">Be@rbrick Fantasista Utamaro R4G 400% 100% Tokyo Otaku Mode Bearbrick 2019<\/span> Leggi altro \"<\/a><\/p>","protected":false},"featured_media":12178,"template":"","meta":{"site-sidebar-layout":"default","site-content-layout":"default","ast-global-header-display":"","ast-banner-title-visibility":"","ast-main-header-display":"","ast-hfb-above-header-display":"","ast-hfb-below-header-display":"","ast-hfb-mobile-header-display":"","site-post-title":"","ast-breadcrumbs-content":"","ast-featured-img":"","footer-sml-layout":"","theme-transparent-header-meta":"default","adv-header-id-meta":"","stick-header-meta":"","header-above-stick-meta":"","header-main-stick-meta":"","header-below-stick-meta":""},"product_brand":[],"product_cat":[33],"product_tag":[],"class_list":{"0":"post-12176","1":"product","2":"type-product","3":"status-publish","4":"has-post-thumbnail","6":"product_cat-bearbrick","7":"desktop-align-left","8":"tablet-align-left","9":"mobile-align-left","11":"first","12":"instock","13":"shipping-taxable","14":"purchasable","15":"product-type-simple"},"_links":{"self":[{"href":"https:\/\/thefactoryconceptstore.com\/it\/wp-json\/wp\/v2\/product\/12176","targetHints":{"allow":["GET"]}}],"collection":[{"href":"https:\/\/thefactoryconceptstore.com\/it\/wp-json\/wp\/v2\/product"}],"about":[{"href":"https:\/\/thefactoryconceptstore.com\/it\/wp-json\/wp\/v2\/types\/product"}],"version-history":[{"count":1,"href":"https:\/\/thefactoryconceptstore.com\/it\/wp-json\/wp\/v2\/product\/12176\/revisions"}],"predecessor-version":[{"id":12184,"href":"https:\/\/thefactoryconceptstore.com\/it\/wp-json\/wp\/v2\/product\/12176\/revisions\/12184"}],"wp:featuredmedia":[{"embeddable":true,"href":"https:\/\/thefactoryconceptstore.com\/it\/wp-json\/wp\/v2\/media\/12178"}],"wp:attachment":[{"href":"https:\/\/thefactoryconceptstore.com\/it\/wp-json\/wp\/v2\/media?parent=12176"}],"wp:term":[{"taxonomy":"product_brand","embeddable":true,"href":"https:\/\/thefactoryconceptstore.com\/it\/wp-json\/wp\/v2\/product_brand?post=12176"},{"taxonomy":"product_cat","embeddable":true,"href":"https:\/\/thefactoryconceptstore.com\/it\/wp-json\/wp\/v2\/product_cat?post=12176"},{"taxonomy":"product_tag","embeddable":true,"href":"https:\/\/thefactoryconceptstore.com\/it\/wp-json\/wp\/v2\/product_tag?post=12176"}],"curies":[{"name":"wp","href":"https:\/\/api.w.org\/{rel}","templated":true}]}}