{"id":11809,"date":"2024-05-01T15:12:11","date_gmt":"2024-05-01T13:12:11","guid":{"rendered":"https:\/\/thefactoryconceptstore.com\/?post_type=product&#038;p=11809"},"modified":"2024-12-03T16:37:07","modified_gmt":"2024-12-03T15:37:07","slug":"kaws-1974-kaws-small-lie-full-set-3-kaws-grey-black-brown-2017","status":"publish","type":"product","link":"https:\/\/thefactoryconceptstore.com\/it\/products\/kaws-1974-kaws-small-lie-full-set-3-kaws-grey-black-brown-2017\/","title":{"rendered":"Kaws (1974) - Kaws piccola bugia (set completo 3 Kaws : grigio, nero e marrone) 2017"},"content":{"rendered":"<p>Kaws Small Lie set di 3 Kaws Grigio Nero Marrone 2017<\/p>\n<p>Firmato con firma incisa KAWS 2017 Mai aperto.<br \/>\nCondizioni perfette!<\/p>\n<p>Per celebrare la nuova mostra di Kaws \"Where The End Start\" al Modern Art Museum di Fort Worth.<\/p>\n<p>Informazioni su Kaws:<br \/>\nKAWS (1974) \u00e8 nato Brian Donnelly a Jersey City, New Jersey. Si \u00e8 laureato alla School of Visual Arts di New York con un Bachelor of Fine Arts in illustrazione nel 1996. Dopo la laurea, KAWS ha lavorato per breve tempo per la Disney come animatore freelance dipingendo sfondi. Ha contribuito anche alle serie animate 101 Dalmatians, Daria e Doug.<\/p>\n<p>Ha iniziato la sua carriera come artista di graffiti crescendo a Jersey City, nel New Jersey. Trasferitosi poi a New York City negli anni '90, KAWS ha iniziato a sovvertire le immagini su cartelloni pubblicitari, pensiline degli autobus e pubblicit\u00e0 nelle cabine telefoniche. All'inizio queste pubblicit\u00e0 rielaborate venivano lasciate in pace e duravano fino a diversi mesi, ma con l'aumento della popolarit\u00e0 di KAWS, gli annunci diventavano sempre pi\u00f9 ricercati. Oltre che a New York, KAWS ha lavorato a Parigi, Londra, Berlino e Tokyo.<\/p>\n<p>Alla fine degli anni '90, KAWS ha iniziato a progettare e produrre giocattoli in vinile in edizione limitata, \"un successo immediato per la comunit\u00e0 globale dei collezionisti di giocattoli artistici\", soprattutto in Giappone, dove questo genere \u00e8 molto rispettato e diffuso. Altri giocattoli e successivamente capi d'abbigliamento sono stati realizzati per Original Fake, un recente negozio in collaborazione con Medicom Toy, nel quartiere Aoyama di Tokyo, dove ogni settimana viene rilasciato un prodotto originale in edizione limitata. KAWS ha partecipato anche ad altre collaborazioni commerciali con Nigo per A Bathing Ape, Jun \"Jonio\" Takahashi per Undercover, Michael \"Mic\" Neumann per Kung Faux, progetti di snowboard con Burton e sneakers con Nike e Vans. La sua collaborazione pi\u00f9 recente \u00e8 stata quella con Comme des Gar\u00e7ons. Nell'agosto 2010 \u00e8 stato reso noto che Kaws ha disegnato una bottiglia in edizione limitata per Dos Equis, una marca di birra messicana. L'uscita della bottiglia in Messico \u00e8 prevista per l'inizio di settembre 2010.<\/p>\n<p>I dipinti e le sculture in acrilico di KAWS presentano molte immagini che si ripetono, tutte destinate a essere comprese universalmente, superando lingue e culture. Una delle prime serie di KAWS, Package Paintings, \u00e8 stata realizzata nel 2000. Questa serie, intitolata The Kimpsons, sovverte il famoso cartone animato americano I Simpson. KAWS spiega che \"trovava strano l'impatto che un cartone animato poteva avere nella vita delle persone, rispetto alla normale politica\". Inoltre, KAWS ha rielaborato altre icone familiari come Topolino, l'omino Michelin, i Puffi e SpongeBob SquarePants.<\/p>\n<p>Attraverso tutti i suoi progetti, KAWS \u00e8 riuscito a confondere il confine tra arte e prodotti di massa. Utilizza i suoi prodotti per permettere al suo immaginario di infiltrarsi in un pubblico pi\u00f9 vasto di quello del mondo dell'arte. L'artista \u00e8 attualmente un membro attivo delle comunit\u00e0 commerciali e artistiche. Tra le mostre personali pi\u00f9 recenti ricordiamo OriginalFake alla Bape Gallery di Tokyo (2003), dove la sua scultura \"Wonderful World\" \u00e8 stata venduta per $400.000.[citazione necessaria] Dal 1999 KAWS espone periodicamente quadri e prodotti alla Colette di Parigi. Le sue opere sono incluse nella mostra itinerante Beautiful Losers, che ha preso il via al Cincinnati Contemporary Art Center e che viagger\u00e0 per tutto il 2009 negli Stati Uniti e in Europa, compresa la sua pi\u00f9 grande mostra museale fino ad oggi, che si terr\u00e0 all'High Museum of Art di Atlanta, in Georgia.<\/p>","protected":false},"excerpt":{"rendered":"<p>Kaws Small Lie set di 3 Kaws Grey Black Brown 2017 Firmato con firma incisa KAWS 2017 Mai aperto. Condizioni di zecca! Per celebrare la nuova mostra di Kaws \"Where The End Start\" presso il Modern Art Museum di Fort Worth. Informazioni su Kaws: KAWS (1974) \u00e8 nato Brian Donnelly a Jersey City, New Jersey. Si \u00e8 laureato alla ...<\/p>\n<p class=\"read-more\"> <a class=\"\" href=\"https:\/\/thefactoryconceptstore.com\/it\/products\/kaws-1974-kaws-small-lie-full-set-3-kaws-grey-black-brown-2017\/\"> <span class=\"screen-reader-text\">Kaws (1974) - Kaws piccola bugia (set completo 3 Kaws : grigio, nero e marrone) 2017<\/span> Leggi altro \"<\/a><\/p>","protected":false},"featured_media":11810,"template":"","meta":{"site-sidebar-layout":"default","site-content-layout":"default","ast-global-header-display":"","ast-banner-title-visibility":"","ast-main-header-display":"","ast-hfb-above-header-display":"","ast-hfb-below-header-display":"","ast-hfb-mobile-header-display":"","site-post-title":"","ast-breadcrumbs-content":"","ast-featured-img":"","footer-sml-layout":"","theme-transparent-header-meta":"default","adv-header-id-meta":"","stick-header-meta":"","header-above-stick-meta":"","header-main-stick-meta":"","header-below-stick-meta":""},"product_brand":[],"product_cat":[22],"product_tag":[],"class_list":{"0":"post-11809","1":"product","2":"type-product","3":"status-publish","4":"has-post-thumbnail","6":"product_cat-art-toys","7":"desktop-align-left","8":"tablet-align-left","9":"mobile-align-left","11":"first","12":"instock","13":"shipping-taxable","14":"purchasable","15":"product-type-simple"},"_links":{"self":[{"href":"https:\/\/thefactoryconceptstore.com\/it\/wp-json\/wp\/v2\/product\/11809","targetHints":{"allow":["GET"]}}],"collection":[{"href":"https:\/\/thefactoryconceptstore.com\/it\/wp-json\/wp\/v2\/product"}],"about":[{"href":"https:\/\/thefactoryconceptstore.com\/it\/wp-json\/wp\/v2\/types\/product"}],"version-history":[{"count":2,"href":"https:\/\/thefactoryconceptstore.com\/it\/wp-json\/wp\/v2\/product\/11809\/revisions"}],"predecessor-version":[{"id":11953,"href":"https:\/\/thefactoryconceptstore.com\/it\/wp-json\/wp\/v2\/product\/11809\/revisions\/11953"}],"wp:featuredmedia":[{"embeddable":true,"href":"https:\/\/thefactoryconceptstore.com\/it\/wp-json\/wp\/v2\/media\/11810"}],"wp:attachment":[{"href":"https:\/\/thefactoryconceptstore.com\/it\/wp-json\/wp\/v2\/media?parent=11809"}],"wp:term":[{"taxonomy":"product_brand","embeddable":true,"href":"https:\/\/thefactoryconceptstore.com\/it\/wp-json\/wp\/v2\/product_brand?post=11809"},{"taxonomy":"product_cat","embeddable":true,"href":"https:\/\/thefactoryconceptstore.com\/it\/wp-json\/wp\/v2\/product_cat?post=11809"},{"taxonomy":"product_tag","embeddable":true,"href":"https:\/\/thefactoryconceptstore.com\/it\/wp-json\/wp\/v2\/product_tag?post=11809"}],"curies":[{"name":"wp","href":"https:\/\/api.w.org\/{rel}","templated":true}]}}