{"id":11309,"date":"2023-06-15T19:14:09","date_gmt":"2023-06-15T17:14:09","guid":{"rendered":"https:\/\/thefactoryconceptstore.com\/?post_type=product&#038;p=11309"},"modified":"2024-12-03T16:49:58","modified_gmt":"2024-12-03T15:49:58","slug":"a-wood-awakening-xmas-edition-by-juce-gace-x-mighty-jaxx-2022","status":"publish","type":"product","link":"https:\/\/thefactoryconceptstore.com\/it\/products\/a-wood-awakening-xmas-edition-by-juce-gace-x-mighty-jaxx-2022\/","title":{"rendered":"A WOOD AWAKENING XMAS EDITION BY JUCE GACE X MIGHTY JAXX 2022"},"content":{"rendered":"<p>A WOOD AWAKENING XMAS EDITION BY JUCE GACE X MIGHTY JAXX 2022<\/p>\n<p>Ok, non \u00e8 ancora Natale, ma ho solo una domanda per voi: volete davvero festeggiarlo senza il vostro amico pupazzo preferito? A Wood Awakening (Christmas Edition) \u00e8 uno dei pi\u00f9 carini per me, che adoro questa stagione dell'anno. E voi?<\/p>\n<p>Materiale : Vinile<\/p>\n<p>Dimensione: 25 cm<\/p>\n<p>&nbsp;<\/p>","protected":false},"excerpt":{"rendered":"<p>A WOOD AWAKENING XMAS EDITION BY JUCE GACE X MIGHTY JAXX 2022 Ok, non \u00e8 ancora Natale ma ho solo una domanda per voi: volete davvero festeggiarlo senza il vostro amico pupazzo preferito? A Wood Awakening (Christmas Edition) \u00e8 uno dei pi\u00f9 carini per me, perch\u00e9 adoro questa stagione ...<\/p>\n<p class=\"read-more\"> <a class=\"\" href=\"https:\/\/thefactoryconceptstore.com\/it\/products\/a-wood-awakening-xmas-edition-by-juce-gace-x-mighty-jaxx-2022\/\"> <span class=\"screen-reader-text\">A WOOD AWAKENING XMAS EDITION BY JUCE GACE X MIGHTY JAXX 2022<\/span> Leggi altro \"<\/a><\/p>","protected":false},"featured_media":11731,"template":"","meta":{"site-sidebar-layout":"default","site-content-layout":"default","ast-global-header-display":"","ast-banner-title-visibility":"","ast-main-header-display":"","ast-hfb-above-header-display":"","ast-hfb-below-header-display":"","ast-hfb-mobile-header-display":"","site-post-title":"","ast-breadcrumbs-content":"","ast-featured-img":"","footer-sml-layout":"","theme-transparent-header-meta":"default","adv-header-id-meta":"","stick-header-meta":"","header-above-stick-meta":"","header-main-stick-meta":"","header-below-stick-meta":""},"product_brand":[],"product_cat":[22],"product_tag":[],"class_list":{"0":"post-11309","1":"product","2":"type-product","3":"status-publish","4":"has-post-thumbnail","6":"product_cat-art-toys","7":"desktop-align-left","8":"tablet-align-left","9":"mobile-align-left","11":"first","12":"instock","13":"shipping-taxable","14":"purchasable","15":"product-type-simple"},"_links":{"self":[{"href":"https:\/\/thefactoryconceptstore.com\/it\/wp-json\/wp\/v2\/product\/11309","targetHints":{"allow":["GET"]}}],"collection":[{"href":"https:\/\/thefactoryconceptstore.com\/it\/wp-json\/wp\/v2\/product"}],"about":[{"href":"https:\/\/thefactoryconceptstore.com\/it\/wp-json\/wp\/v2\/types\/product"}],"version-history":[{"count":3,"href":"https:\/\/thefactoryconceptstore.com\/it\/wp-json\/wp\/v2\/product\/11309\/revisions"}],"predecessor-version":[{"id":11337,"href":"https:\/\/thefactoryconceptstore.com\/it\/wp-json\/wp\/v2\/product\/11309\/revisions\/11337"}],"wp:featuredmedia":[{"embeddable":true,"href":"https:\/\/thefactoryconceptstore.com\/it\/wp-json\/wp\/v2\/media\/11731"}],"wp:attachment":[{"href":"https:\/\/thefactoryconceptstore.com\/it\/wp-json\/wp\/v2\/media?parent=11309"}],"wp:term":[{"taxonomy":"product_brand","embeddable":true,"href":"https:\/\/thefactoryconceptstore.com\/it\/wp-json\/wp\/v2\/product_brand?post=11309"},{"taxonomy":"product_cat","embeddable":true,"href":"https:\/\/thefactoryconceptstore.com\/it\/wp-json\/wp\/v2\/product_cat?post=11309"},{"taxonomy":"product_tag","embeddable":true,"href":"https:\/\/thefactoryconceptstore.com\/it\/wp-json\/wp\/v2\/product_tag?post=11309"}],"curies":[{"name":"wp","href":"https:\/\/api.w.org\/{rel}","templated":true}]}}