{"id":11303,"date":"2023-06-15T19:21:00","date_gmt":"2023-06-15T17:21:00","guid":{"rendered":"https:\/\/thefactoryconceptstore.com\/?post_type=product&#038;p=11303"},"modified":"2024-02-13T21:34:28","modified_gmt":"2024-02-13T20:34:28","slug":"humpek-black-white-by-whathisname-x-mighty-jaxx-2018","status":"publish","type":"product","link":"https:\/\/thefactoryconceptstore.com\/it\/products\/humpek-black-white-by-whathisname-x-mighty-jaxx-2018\/","title":{"rendered":"HUMPEK BLACK &amp; WHITE BY WHATHISNAME x MIGHTY JAXX 2018"},"content":{"rendered":"<p>HUMPEK BLACK &amp; WHITE BY WHATHISNAME x MIGHTY JAXX 2018<\/p>\n<p>Indovinate chi \u00e8 tornato? Sono tornati di nuovo! Proprio cos\u00ec, l'artista londinese Whatshisname \u00e8 tornato con la seconda versione di HUMPek! Guardate questo sexy duo mentre si d\u00e0 da fare con i cani e senza dubbio la loro unione sar\u00e0 davvero in 50 sfumature di grigio. Andate a dare un'occhiata, non siate timidi! Alto 10 pollici, l'HUMPek \u00e8 disponibile in bianco e nero, creando un'armonia perfetta per tutti gli amanti dell'arte moderna e dell'amore. O forse solo di sesso bollente... ma il punto \u00e8 che, se volete divertirvi, lasciate che questa coppia di innamorati arricchisca la vostra collezione oggi stesso!<\/p>\n<p>Materiale: Vinile<\/p>\n<p>Dimensioni: 25 cm<\/p>","protected":false},"excerpt":{"rendered":"<p>HUMPEK BLACK &amp; WHITE BY WHATHISNAME x MIGHTY JAXX 2018 Indovinate chi \u00e8 tornato? Sono tornati di nuovo! Esatto, \u00e8 l'artista londinese Whatshisname che torna con la seconda colorazione di HUMPek! Guardate questo sexy duo darsi da fare con i cani e senza dubbio la loro unione sar\u00e0 davvero in 50 sfumature di grigio. Andate a dare un'occhiata, non siate ...<\/p>\n<p class=\"read-more\"> <a class=\"\" href=\"https:\/\/thefactoryconceptstore.com\/it\/products\/humpek-black-white-by-whathisname-x-mighty-jaxx-2018\/\"> <span class=\"screen-reader-text\">HUMPEK BLACK &amp; WHITE BY WHATHISNAME x MIGHTY JAXX 2018<\/span> Leggi altro \"<\/a><\/p>","protected":false},"featured_media":11304,"template":"","meta":{"site-sidebar-layout":"default","site-content-layout":"default","ast-global-header-display":"","ast-banner-title-visibility":"","ast-main-header-display":"","ast-hfb-above-header-display":"","ast-hfb-below-header-display":"","ast-hfb-mobile-header-display":"","site-post-title":"","ast-breadcrumbs-content":"","ast-featured-img":"","footer-sml-layout":"","theme-transparent-header-meta":"default","adv-header-id-meta":"","stick-header-meta":"","header-above-stick-meta":"","header-main-stick-meta":"","header-below-stick-meta":""},"product_brand":[],"product_cat":[22],"product_tag":[],"class_list":{"0":"post-11303","1":"product","2":"type-product","3":"status-publish","4":"has-post-thumbnail","6":"product_cat-art-toys","7":"desktop-align-left","8":"tablet-align-left","9":"mobile-align-left","11":"first","12":"instock","13":"shipping-taxable","14":"purchasable","15":"product-type-simple"},"_links":{"self":[{"href":"https:\/\/thefactoryconceptstore.com\/it\/wp-json\/wp\/v2\/product\/11303","targetHints":{"allow":["GET"]}}],"collection":[{"href":"https:\/\/thefactoryconceptstore.com\/it\/wp-json\/wp\/v2\/product"}],"about":[{"href":"https:\/\/thefactoryconceptstore.com\/it\/wp-json\/wp\/v2\/types\/product"}],"version-history":[{"count":3,"href":"https:\/\/thefactoryconceptstore.com\/it\/wp-json\/wp\/v2\/product\/11303\/revisions"}],"predecessor-version":[{"id":11341,"href":"https:\/\/thefactoryconceptstore.com\/it\/wp-json\/wp\/v2\/product\/11303\/revisions\/11341"}],"wp:featuredmedia":[{"embeddable":true,"href":"https:\/\/thefactoryconceptstore.com\/it\/wp-json\/wp\/v2\/media\/11304"}],"wp:attachment":[{"href":"https:\/\/thefactoryconceptstore.com\/it\/wp-json\/wp\/v2\/media?parent=11303"}],"wp:term":[{"taxonomy":"product_brand","embeddable":true,"href":"https:\/\/thefactoryconceptstore.com\/it\/wp-json\/wp\/v2\/product_brand?post=11303"},{"taxonomy":"product_cat","embeddable":true,"href":"https:\/\/thefactoryconceptstore.com\/it\/wp-json\/wp\/v2\/product_cat?post=11303"},{"taxonomy":"product_tag","embeddable":true,"href":"https:\/\/thefactoryconceptstore.com\/it\/wp-json\/wp\/v2\/product_tag?post=11303"}],"curies":[{"name":"wp","href":"https:\/\/api.w.org\/{rel}","templated":true}]}}