{"id":11295,"date":"2023-06-15T19:28:19","date_gmt":"2023-06-15T17:28:19","guid":{"rendered":"https:\/\/thefactoryconceptstore.com\/?post_type=product&#038;p=11295"},"modified":"2024-12-11T15:57:01","modified_gmt":"2024-12-11T14:57:01","slug":"mr-oreke-letter-box-yellow-2018","status":"publish","type":"product","link":"https:\/\/thefactoryconceptstore.com\/it\/products\/mr-oreke-letter-box-yellow-2018\/","title":{"rendered":"CASSETTA DELLE LETTERE MR OREKE GIALLO 2018"},"content":{"rendered":"<p>CASSETTA DELLE LETTERE MR OREKE GIALLO 2018<\/p>\n<p>Opere d'arte originali<\/p>\n<p>Acrilico e aerosol su alluminio per cassette postali<\/p>\n<p>Dimensioni 48x17x22cm<\/p>\n<p>COA<\/p>\n<p>Il signor Oreke:<\/p>\n<p>Lorrain Mr.Oreke ha scoperto le arti pittoriche attraverso la pratica dei graffiti, all'inizio degli anni 2000. Con l'aiuto delle sue bombe di pittura, ha iniziato a parare i bordi dei suoi disegni colorati prima di prolungare il suo gesto sul supporto. Dopo aver realizzato le sue opere in uno stile completamente orientato verso l'astrazione, il pittore inserisce, qualche anno pi\u00f9 tardi, ritratti maschili e femminili, realizzati con l'ausilio di pochoirs. Questa integrazione della figura umana, l'artista la fa al pittore newyorkese Roy Lichtenstein (1923-1997) di cui ammira i ritratti.<\/p>\n<p>La firma di M.Oreke si trova nei suoi fondi, che lavora essenzialmente con l'aerografo, alla maniera dei graffiti. Una volta recuperata la tela dal progetto di pittura, l'artista si cimenta con l'encrema, l'acrilico e, in alcuni casi, con elementi diversi, come ad esempio le banconote. I personaggi completano poi l'insieme, parafrasando la storia, spesso umoristica, che il pittore ha voluto raccontare.\u00b4Qualificato dall'artista come \"\"Street Pop Art\"\", il suo stile \u00e8 assolutamente contemporaneo, ricco di energia e di fantasia. Sempre molto colorate, le composizioni grafiche di Mr.Oreke si ispirano allo stile artistico sviluppato dagli iniziatori del movimento Pop Art e all'estetica dei fumetti americani degli anni '50 e '60.<\/p>\n<p>L'uso regolare dei colori, la parte importante data ai caratteri tipografici e l'inserimento ponticello di collage amplificano il dinamismo delle sue opere e affermano l'aspetto bande dessin\u00e9e delle sue rappresentazioni.<\/p>","protected":false},"excerpt":{"rendered":"<p>MR OREKE LETTER BOX YELLOW 2018 Opera originale Acrilico e aerosol su alluminio us mail box Dimensioni 48x17x22cm COA About Mr Oreke: Lorrain Mr.Oreke a d\u00e9couvert les arts picturaux au travers de la pratique du graffiti, au d\u00e9but des ann\u00e9es 2000. Con l'aiuto delle sue bombe di pittura, ha iniziato a parcheggiare i muri ...<\/p>\n<p class=\"read-more\"> <a class=\"\" href=\"https:\/\/thefactoryconceptstore.com\/it\/products\/mr-oreke-letter-box-yellow-2018\/\"> <span class=\"screen-reader-text\">CASSETTA DELLE LETTERE MR OREKE GIALLO 2018<\/span> Leggi altro \"<\/a><\/p>","protected":false},"featured_media":11296,"template":"","meta":{"site-sidebar-layout":"default","site-content-layout":"default","ast-global-header-display":"","ast-banner-title-visibility":"","ast-main-header-display":"","ast-hfb-above-header-display":"","ast-hfb-below-header-display":"","ast-hfb-mobile-header-display":"","site-post-title":"","ast-breadcrumbs-content":"","ast-featured-img":"","footer-sml-layout":"","theme-transparent-header-meta":"default","adv-header-id-meta":"","stick-header-meta":"","header-above-stick-meta":"","header-main-stick-meta":"","header-below-stick-meta":""},"product_brand":[],"product_cat":[23],"product_tag":[],"class_list":{"0":"post-11295","1":"product","2":"type-product","3":"status-publish","4":"has-post-thumbnail","6":"product_cat-original-art","7":"desktop-align-left","8":"tablet-align-left","9":"mobile-align-left","11":"first","12":"outofstock","13":"shipping-taxable","14":"purchasable","15":"product-type-simple"},"_links":{"self":[{"href":"https:\/\/thefactoryconceptstore.com\/it\/wp-json\/wp\/v2\/product\/11295","targetHints":{"allow":["GET"]}}],"collection":[{"href":"https:\/\/thefactoryconceptstore.com\/it\/wp-json\/wp\/v2\/product"}],"about":[{"href":"https:\/\/thefactoryconceptstore.com\/it\/wp-json\/wp\/v2\/types\/product"}],"version-history":[{"count":4,"href":"https:\/\/thefactoryconceptstore.com\/it\/wp-json\/wp\/v2\/product\/11295\/revisions"}],"predecessor-version":[{"id":11345,"href":"https:\/\/thefactoryconceptstore.com\/it\/wp-json\/wp\/v2\/product\/11295\/revisions\/11345"}],"wp:featuredmedia":[{"embeddable":true,"href":"https:\/\/thefactoryconceptstore.com\/it\/wp-json\/wp\/v2\/media\/11296"}],"wp:attachment":[{"href":"https:\/\/thefactoryconceptstore.com\/it\/wp-json\/wp\/v2\/media?parent=11295"}],"wp:term":[{"taxonomy":"product_brand","embeddable":true,"href":"https:\/\/thefactoryconceptstore.com\/it\/wp-json\/wp\/v2\/product_brand?post=11295"},{"taxonomy":"product_cat","embeddable":true,"href":"https:\/\/thefactoryconceptstore.com\/it\/wp-json\/wp\/v2\/product_cat?post=11295"},{"taxonomy":"product_tag","embeddable":true,"href":"https:\/\/thefactoryconceptstore.com\/it\/wp-json\/wp\/v2\/product_tag?post=11295"}],"curies":[{"name":"wp","href":"https:\/\/api.w.org\/{rel}","templated":true}]}}