{"id":11282,"date":"2023-06-15T19:33:40","date_gmt":"2023-06-15T17:33:40","guid":{"rendered":"https:\/\/thefactoryconceptstore.com\/?post_type=product&#038;p=11282"},"modified":"2023-06-15T19:33:40","modified_gmt":"2023-06-15T17:33:40","slug":"bugaia-lavant-mains-zelda","status":"publish","type":"product","link":"https:\/\/thefactoryconceptstore.com\/it\/products\/bugaia-lavant-mains-zelda\/","title":{"rendered":"BUGAIA LAVANT MAINS ZELDA"},"content":{"rendered":"<h6><span style=\"font-weight: 400;\">LA DOUCEUR D'UN SAVON PARFUM\u00c9 FLORAL<\/span><\/h6>\n<p><span style=\"font-weight: 400;\">Le savon Zelda avvolge le vostre mani con un profumo floreale molto profumato. Le sue note di bergamotto e di rosa impregnano la vostra pelle e vi accompagnano per lunghe ore. Come la carezza di un velo, l'ontuosit\u00e0 della sua mousse avvolge le vostre mani e le pulisce in profondit\u00e0. Ogni lavaggio libera dalle tensioni accumulate e diventa un piccolo piacere quotidiano.<\/span><\/p>\n<h6><span style=\"font-weight: 400;\">UN DESIGN RAFFINATO PER UNA SALA DA BAGNO LUSSUOSA<\/span><\/h6>\n<p><span style=\"font-weight: 400;\">Lasciatevi conquistare dallo charme sofisticato del lavabo da tavolo Zelda. Posizionato sul vaso del vostro salotto, il suo flacone bleu nuit completa la vostra decorazione e conferisce una dimensione perfetta. Ricaricabile all'infinito, \u00e8 certo che questo profumo di lusso non vi lascer\u00e0 pi\u00f9.<\/span><\/p>\n<p>&nbsp;<\/p>\n<p>Il rito del lavaggio delle menti pu\u00f2 diventare un piccolo lusso quotidiano<\/p>\n<p><strong>.\u00a0<\/strong>Le lavant mains Zelda vuole offrirvi un istante di riconforto grazie al suo profumo floreale.<b>.<\/b><\/p>\n<p><strong>Note di bordo<\/strong> : bergamotto, rosa.<br \/>\n<strong>Note di cucina<\/strong> : ambre, bois de santal.<br \/>\n<strong>Note di fondo<\/strong> : mousse de ch\u00eane, c\u00e8dre, patchouli.<\/p>\n<p>250 ML<\/p>\n<p>&nbsp;<\/p>","protected":false},"excerpt":{"rendered":"<p>LA DOUCEUR D'UN SAVON PARFUM\u00c9 FLORAL Le savon Zelda avvolge le vostre mani con un parfum floreale molto profumato. Le sue note di bergamotto e di rosa impregnano la vostra pelle e vi accompagnano per lunghe ore. Come la carezza di un velo, l'ontuosit\u00e0 della sua mousse avvolge le vostre mani e le pulisce in profondit\u00e0. Ogni lavaggio vi ...<\/p>\n<p class=\"read-more\"> <a class=\"\" href=\"https:\/\/thefactoryconceptstore.com\/it\/products\/bugaia-lavant-mains-zelda\/\"> <span class=\"screen-reader-text\">BUGAIA LAVANT MAINS ZELDA<\/span> Leggi altro \"<\/a><\/p>","protected":false},"featured_media":11283,"template":"","meta":{"site-sidebar-layout":"default","site-content-layout":"default","ast-global-header-display":"","ast-banner-title-visibility":"","ast-main-header-display":"","ast-hfb-above-header-display":"","ast-hfb-below-header-display":"","ast-hfb-mobile-header-display":"","site-post-title":"","ast-breadcrumbs-content":"","ast-featured-img":"","footer-sml-layout":"","theme-transparent-header-meta":"default","adv-header-id-meta":"","stick-header-meta":"","header-above-stick-meta":"","header-main-stick-meta":"","header-below-stick-meta":""},"product_brand":[],"product_cat":[52,55],"product_tag":[],"class_list":{"0":"post-11282","1":"product","2":"type-product","3":"status-publish","4":"has-post-thumbnail","6":"product_cat-home-and-design","7":"product_cat-candles-fragance","8":"desktop-align-left","9":"tablet-align-left","10":"mobile-align-left","12":"first","13":"instock","14":"shipping-taxable","15":"purchasable","16":"product-type-simple"},"_links":{"self":[{"href":"https:\/\/thefactoryconceptstore.com\/it\/wp-json\/wp\/v2\/product\/11282","targetHints":{"allow":["GET"]}}],"collection":[{"href":"https:\/\/thefactoryconceptstore.com\/it\/wp-json\/wp\/v2\/product"}],"about":[{"href":"https:\/\/thefactoryconceptstore.com\/it\/wp-json\/wp\/v2\/types\/product"}],"version-history":[{"count":3,"href":"https:\/\/thefactoryconceptstore.com\/it\/wp-json\/wp\/v2\/product\/11282\/revisions"}],"predecessor-version":[{"id":11347,"href":"https:\/\/thefactoryconceptstore.com\/it\/wp-json\/wp\/v2\/product\/11282\/revisions\/11347"}],"wp:featuredmedia":[{"embeddable":true,"href":"https:\/\/thefactoryconceptstore.com\/it\/wp-json\/wp\/v2\/media\/11283"}],"wp:attachment":[{"href":"https:\/\/thefactoryconceptstore.com\/it\/wp-json\/wp\/v2\/media?parent=11282"}],"wp:term":[{"taxonomy":"product_brand","embeddable":true,"href":"https:\/\/thefactoryconceptstore.com\/it\/wp-json\/wp\/v2\/product_brand?post=11282"},{"taxonomy":"product_cat","embeddable":true,"href":"https:\/\/thefactoryconceptstore.com\/it\/wp-json\/wp\/v2\/product_cat?post=11282"},{"taxonomy":"product_tag","embeddable":true,"href":"https:\/\/thefactoryconceptstore.com\/it\/wp-json\/wp\/v2\/product_tag?post=11282"}],"curies":[{"name":"wp","href":"https:\/\/api.w.org\/{rel}","templated":true}]}}