{"id":11276,"date":"2023-06-15T19:36:09","date_gmt":"2023-06-15T17:36:09","guid":{"rendered":"https:\/\/thefactoryconceptstore.com\/?post_type=product&#038;p=11276"},"modified":"2023-06-15T19:36:09","modified_gmt":"2023-06-15T17:36:09","slug":"bugaia-large-scented-candle-ava","status":"publish","type":"product","link":"https:\/\/thefactoryconceptstore.com\/it\/products\/bugaia-large-scented-candle-ava\/","title":{"rendered":"BUGAIA CANDELA PROFUMATA GRANDE AVA"},"content":{"rendered":"<h6>BUGAIA CANDELA PROFUMATA GRANDE AVA<\/h6>\n<p>&nbsp;<\/p>\n<h6 class=\"column\"><span style=\"font-weight: 400;\">UN PARFUM SAISISSANT<\/span><\/h6>\n<p><span style=\"font-weight: 400;\">Tanto sensuale quanto envo\u00fbtante, il grande bougie parfum\u00e9e Ava rivela le sue sfaccettature orientali per immergere il vostro spazio di vita in un arredamento sontuoso tinto di esotismo. Le sue note bois\u00e9es e d'encens si uniscono in una fragranza inoubliabile. \u00c8 cos\u00ec che il bergamotto si unisce al safran e al bois de cachemire per avvolgere il vostro interno di un'atmosfera accogliente e confortante.\u00a0<\/span><\/p>\n<h6><span style=\"font-weight: 400;\">UNA GRANDE BOUGIE PARFUM\u00c9E IN STILE ART D\u00c9CO<\/span><\/h6>\n<p><span style=\"font-weight: 400;\">Con i suoi motivi geometrici avanguardisti, la grande bougie Bugaia diventa anche oggetto di decorazione. Il suo specchio di vetro \u00e8 caratterizzato da tinte rosate che conferiscono un'atmosfera tanto lussuosa quanto affascinante. Il calore delle sue 3 fiamme conferisce una dimensione straordinaria ai vostri oggetti, che saranno impregnati di un profumo affascinante per 150 ore.<\/span><\/p>\n<p>Grande. Come il nome di questa figura iconica e incendiaria che infiamma il cinema hollywoodiano degli anni 1950. Envo\u00fbtante Ava Gardener. Come sentinella di questo fiore orientale, che sfrutta la sua sensualit\u00e0 narcotizzante. Nel suo specchio di vetro, la vaniglia si trova sotto forma di essenze di safran e flirta con un bergamotto dagli accenti bois\u00e9. Le sfumature di tre m\u00e8ches, che ci invogliano ad entrare\u00a0<i>\" La Comtesse aux pieds nus<\/i>\u00a0\", celle que l'on surnommait l'une des plus belles femmes du monde.<\/p>\n<p><span style=\"font-weight: 400;\"><span class=\"gmail-column\"><span class=\"gmail-layoutArea\">Note di testa : bergamotto, p\u00eache\u00a0<\/span> <span class=\"gmail-layoutArea\">Note di cuore : safran, encens, rosa<\/span> <span class=\"gmail-layoutArea\">Note di fondo: vaniglia, c\u00e8dre, bois de cachemir<\/span><\/span><\/span><\/p>\n<p><strong><span class=\"gmail-column\"><span class=\"gmail-layoutArea\">Tempo di macerazione: 150 ore.<\/span><\/span><\/strong><\/p>\n<p>&nbsp;<\/p>","protected":false},"excerpt":{"rendered":"<p>BUGAIA GRANDE CANDELA PROFUMATA AVA UN PARFUM SAISISSANT Tanto sensuale quanto envo\u00fbtante, la grande bougie parfum\u00e9e Ava rivela le sue sfaccettature orientali per immergere il vostro spazio di vita in un arredamento sontuoso tinto di esotismo. Le sue note bois\u00e9es e d'encens si uniscono in una fragranza inoubliabile. \u00c8 cos\u00ec che il bergamotto si unisce al safran e alla ...<\/p>\n<p class=\"read-more\"> <a class=\"\" href=\"https:\/\/thefactoryconceptstore.com\/it\/products\/bugaia-large-scented-candle-ava\/\"> <span class=\"screen-reader-text\">BUGAIA CANDELA PROFUMATA GRANDE AVA<\/span> Leggi altro \"<\/a><\/p>","protected":false},"featured_media":11277,"template":"","meta":{"site-sidebar-layout":"default","site-content-layout":"default","ast-global-header-display":"","ast-banner-title-visibility":"","ast-main-header-display":"","ast-hfb-above-header-display":"","ast-hfb-below-header-display":"","ast-hfb-mobile-header-display":"","site-post-title":"","ast-breadcrumbs-content":"","ast-featured-img":"","footer-sml-layout":"","theme-transparent-header-meta":"default","adv-header-id-meta":"","stick-header-meta":"","header-above-stick-meta":"","header-main-stick-meta":"","header-below-stick-meta":""},"product_brand":[],"product_cat":[52,55],"product_tag":[],"class_list":{"0":"post-11276","1":"product","2":"type-product","3":"status-publish","4":"has-post-thumbnail","6":"product_cat-home-and-design","7":"product_cat-candles-fragance","8":"desktop-align-left","9":"tablet-align-left","10":"mobile-align-left","12":"first","13":"instock","14":"shipping-taxable","15":"purchasable","16":"product-type-simple"},"_links":{"self":[{"href":"https:\/\/thefactoryconceptstore.com\/it\/wp-json\/wp\/v2\/product\/11276","targetHints":{"allow":["GET"]}}],"collection":[{"href":"https:\/\/thefactoryconceptstore.com\/it\/wp-json\/wp\/v2\/product"}],"about":[{"href":"https:\/\/thefactoryconceptstore.com\/it\/wp-json\/wp\/v2\/types\/product"}],"version-history":[{"count":3,"href":"https:\/\/thefactoryconceptstore.com\/it\/wp-json\/wp\/v2\/product\/11276\/revisions"}],"predecessor-version":[{"id":11349,"href":"https:\/\/thefactoryconceptstore.com\/it\/wp-json\/wp\/v2\/product\/11276\/revisions\/11349"}],"wp:featuredmedia":[{"embeddable":true,"href":"https:\/\/thefactoryconceptstore.com\/it\/wp-json\/wp\/v2\/media\/11277"}],"wp:attachment":[{"href":"https:\/\/thefactoryconceptstore.com\/it\/wp-json\/wp\/v2\/media?parent=11276"}],"wp:term":[{"taxonomy":"product_brand","embeddable":true,"href":"https:\/\/thefactoryconceptstore.com\/it\/wp-json\/wp\/v2\/product_brand?post=11276"},{"taxonomy":"product_cat","embeddable":true,"href":"https:\/\/thefactoryconceptstore.com\/it\/wp-json\/wp\/v2\/product_cat?post=11276"},{"taxonomy":"product_tag","embeddable":true,"href":"https:\/\/thefactoryconceptstore.com\/it\/wp-json\/wp\/v2\/product_tag?post=11276"}],"curies":[{"name":"wp","href":"https:\/\/api.w.org\/{rel}","templated":true}]}}