{"id":11271,"date":"2023-06-15T19:38:03","date_gmt":"2023-06-15T17:38:03","guid":{"rendered":"https:\/\/thefactoryconceptstore.com\/?post_type=product&#038;p=11271"},"modified":"2023-06-15T19:38:03","modified_gmt":"2023-06-15T17:38:03","slug":"bugaia-scented-candle-ava","status":"publish","type":"product","link":"https:\/\/thefactoryconceptstore.com\/it\/products\/bugaia-scented-candle-ava\/","title":{"rendered":"CANDELA PROFUMATA BUGAIA AVA"},"content":{"rendered":"<p>CANDELA PROFUMATA BUGAIA AVA<\/p>\n<div class=\"ProductMeta__Description\">\n<div class=\"Rte\">\n<div id=\"6945989263404\" class=\"easytabs-container tab-widget-6945989263404 easytabs-inited easytabs-flexible\" data-et-min-width=\"0\" data-et-auto-accordion=\"1\" data-et-cbw=\"3\" data-et-cbr=\"3\" data-et-sta=\"1\" data-et-amp=\"0\" data-et-adv=\"0\" data-et-flx=\"1\" data-et-wt=\"0\" data-et-ao=\"0\" data-et-tabs-width=\"456\">\n<div class=\"easytabs-holder\">\n<div class=\"easytabs-contents\" role=\"tablist\">\n<div class=\"easytabs-content-item easytabs-active\" data-et-marker=\"tabs-bougie-ava-290g-3\" data-et-handle=\"tabs-composition\">\n<div class=\"easytabs-content-holder\" role=\"tabpanel\" aria-labelledby=\"easytabs-slide-label-6945989263404-1\" aria-expanded=\"true\" aria-hidden=\"false\">\n<h6>I SENTORI RAFFINATI DI UN PROFUMO ORIENTALE E FLOREALE<\/h6>\n<p>Come un viaggio nel cuore dell'Oriente, il bougie parfum\u00e9e Ava ne rivela i sensi. Questa fragranza floreale orientale rivela nel suo cuore le note di safran, d'encens e di rosa che conferiscono la sua personalit\u00e0 sensuale. La dolcezza della vaniglia si unisce ai sentori bois\u00e9es del c\u00e8dre e del bois de cachemire per avvolgere il vostro interno di un profumo voluttuoso. Ogni aroma si unisce a un accordo perfetto, che richiama l'atmosfera di un palazzo orientale.<\/p>\n<h6>UNA BOUGIE PARFUM\u00c9E CHE PROFUMA DI NATURA<\/h6>\n<p>Realizzato in una tela con motivi Art d\u00e9co, il bougie parfum\u00e9e Ava risponde a un'etica implacabile. Concepito a base di resina vegetale di colza, il profumo elaborato con cura a Grasse si diffonde ampiamente nello spazio. Dotato di una mousse in cotone senza piombo, la combustione avviene in tutta sicurezza per una durata di 50-55 ore.<\/p>\n<\/div>\n<\/div>\n<div class=\"easytabs-content-item\" data-et-marker=\"tabs-bougie-ava-290g-4\" data-et-handle=\"tabs-utilisation\"><\/div>\n<\/div>\n<div class=\"easytabs-undertabs-holder\"><\/div>\n<\/div>\n<\/div>\n<\/div>\n<\/div>\n<div class=\"ProductForm__Variants\"><\/div>\n<p>&nbsp;<\/p>\n<p>Conturbante e affascinante, il bougie parfum\u00e9e Ava \u00e8 l'oggetto di tutti i desideri. Combinazione sottile di sentori orientali e floreali, segna gli interni di una sensualit\u00e0 misteriosa.<\/p>\n<p>Note di testa : bergamotto, p\u00eache<br \/>\nNote di cuore : safran, encens, rosa<br \/>\nNote di fondo : vaniglia, c\u00e8dre, bois de cachemire<\/p>\n<p>Disponibile in : 290 g.<\/p>\n<p>Tempo di cottura: 50-55 ore.<\/p>\n<p>&nbsp;<\/p>\n<p>&nbsp;<\/p>","protected":false},"excerpt":{"rendered":"<p>BUGAIA SCENTED CANDLE AVA LES SENTEURS RAFFIN\u00c9ES D'UN PARFUM ORIENTAL ET FLORAL Come un viaggio nel cuore dell'Oriente, la bougie parfum\u00e9e Ava svela i sensi. Questa fragranza floreale orientale rivela nel suo cuore le note di safran, d'encens e di rosa che conferiscono la sua personalit\u00e0 sensuale. La dolcezza della vaniglia arricchisce le ...<\/p>\n<p class=\"read-more\"> <a class=\"\" href=\"https:\/\/thefactoryconceptstore.com\/it\/products\/bugaia-scented-candle-ava\/\"> <span class=\"screen-reader-text\">CANDELA PROFUMATA BUGAIA AVA<\/span> Leggi altro \"<\/a><\/p>","protected":false},"featured_media":11272,"template":"","meta":{"site-sidebar-layout":"default","site-content-layout":"default","ast-global-header-display":"","ast-banner-title-visibility":"","ast-main-header-display":"","ast-hfb-above-header-display":"","ast-hfb-below-header-display":"","ast-hfb-mobile-header-display":"","site-post-title":"","ast-breadcrumbs-content":"","ast-featured-img":"","footer-sml-layout":"","theme-transparent-header-meta":"default","adv-header-id-meta":"","stick-header-meta":"","header-above-stick-meta":"","header-main-stick-meta":"","header-below-stick-meta":""},"product_brand":[],"product_cat":[52,55],"product_tag":[],"class_list":{"0":"post-11271","1":"product","2":"type-product","3":"status-publish","4":"has-post-thumbnail","6":"product_cat-home-and-design","7":"product_cat-candles-fragance","8":"desktop-align-left","9":"tablet-align-left","10":"mobile-align-left","12":"first","13":"instock","14":"shipping-taxable","15":"purchasable","16":"product-type-simple"},"_links":{"self":[{"href":"https:\/\/thefactoryconceptstore.com\/it\/wp-json\/wp\/v2\/product\/11271","targetHints":{"allow":["GET"]}}],"collection":[{"href":"https:\/\/thefactoryconceptstore.com\/it\/wp-json\/wp\/v2\/product"}],"about":[{"href":"https:\/\/thefactoryconceptstore.com\/it\/wp-json\/wp\/v2\/types\/product"}],"version-history":[{"count":3,"href":"https:\/\/thefactoryconceptstore.com\/it\/wp-json\/wp\/v2\/product\/11271\/revisions"}],"predecessor-version":[{"id":11351,"href":"https:\/\/thefactoryconceptstore.com\/it\/wp-json\/wp\/v2\/product\/11271\/revisions\/11351"}],"wp:featuredmedia":[{"embeddable":true,"href":"https:\/\/thefactoryconceptstore.com\/it\/wp-json\/wp\/v2\/media\/11272"}],"wp:attachment":[{"href":"https:\/\/thefactoryconceptstore.com\/it\/wp-json\/wp\/v2\/media?parent=11271"}],"wp:term":[{"taxonomy":"product_brand","embeddable":true,"href":"https:\/\/thefactoryconceptstore.com\/it\/wp-json\/wp\/v2\/product_brand?post=11271"},{"taxonomy":"product_cat","embeddable":true,"href":"https:\/\/thefactoryconceptstore.com\/it\/wp-json\/wp\/v2\/product_cat?post=11271"},{"taxonomy":"product_tag","embeddable":true,"href":"https:\/\/thefactoryconceptstore.com\/it\/wp-json\/wp\/v2\/product_tag?post=11271"}],"curies":[{"name":"wp","href":"https:\/\/api.w.org\/{rel}","templated":true}]}}