{"id":11266,"date":"2023-06-15T19:39:13","date_gmt":"2023-06-15T17:39:13","guid":{"rendered":"https:\/\/thefactoryconceptstore.com\/?post_type=product&#038;p=11266"},"modified":"2023-06-15T19:39:13","modified_gmt":"2023-06-15T17:39:13","slug":"bugaia-scented-candles-rita","status":"publish","type":"product","link":"https:\/\/thefactoryconceptstore.com\/it\/products\/bugaia-scented-candles-rita\/","title":{"rendered":"CANDELE PROFUMATE BUGAIA RITA"},"content":{"rendered":"<div class=\"ProductMeta__Description\">\n<div class=\"Rte\">\n<div id=\"6945971568684\" class=\"easytabs-container tab-widget-6945971568684 easytabs-inited easytabs-flexible\" data-et-min-width=\"0\" data-et-auto-accordion=\"1\" data-et-cbw=\"3\" data-et-cbr=\"3\" data-et-sta=\"1\" data-et-amp=\"0\" data-et-adv=\"0\" data-et-flx=\"1\" data-et-wt=\"0\" data-et-ao=\"0\" data-et-tabs-width=\"456\">\n<div class=\"easytabs-holder\">\n<div class=\"easytabs-contents\" role=\"tablist\">\n<div class=\"easytabs-content-item easytabs-active\" data-et-marker=\"tabs-bougie-rita-290g-3\" data-et-handle=\"tabs-composition\">\n<div class=\"easytabs-content-holder\" role=\"tabpanel\" aria-labelledby=\"easytabs-slide-label-6945971568684-1\" aria-expanded=\"true\" aria-hidden=\"false\">\n<h6>CANDELE PROFUMATE BUGAIA RITA<\/h6>\n<h6><\/h6>\n<h6>SENTORI RIVESTITI IN PELLE ED ELEGANTI PER UN'ATMOSFERA CHIC E GLAMOUR<\/h6>\n<p>Associata alle note gourmandes di framboise e alle essenze enivrantes di gelsomino, la fraganza caratteristica del cardamomo conferisce alla bougie Rita un profumo esaltante. Un fondo pregiato di patchouli e di cedro avvolge questa fragranza di carattere in un'atmosfera suggestiva.<\/p>\n<h6>UNA BOUGIE PARFUM\u00c9E PER UN INTERNO DECISAMENTE FEMMINILE<\/h6>\n<p>Di una dolcezza squisita, il bougie parfum\u00e9e Rita parer\u00e0 la vostra decorazione in un ambiente accogliente. La sobriet\u00e0 del suo design, impreziosito da una tinta rosa, conferisce al vostro ambiente un tocco immensamente femminile. La sera successiva, la fiamma della sua m\u00e8che in coton restituisce una luminosit\u00e0 intensa e trasforma i vostri ambienti in un rifugio rassicurante. Questa bougie Bugaia, realizzata con una base di vetro vegetale, vi offre 55 ore di piacere raffinato.<\/p>\n<\/div>\n<p>Un connubio irripetibile di note curate ed epiche in una fragranza tanto puerile quanto decorosa. Memorabile come la leggenda hollywoodiana a cui si ispira il suo profumo, la bougie Ritar\u00e9v\u00e8le fa risaltare il glamour del vostro ambiente.<\/p>\n<p>Note di testa : framboise, cardamomo<br \/>\nNote di cuore : cuir, jasmin, iris<br \/>\nNote di fondo : mousse, ambra, patchouli, c\u00e8dre<\/p>\n<p>Disponibile in: 290g.<br \/>\nTempo di macerazione: 50-55 ore.<\/p>\n<\/div>\n<\/div>\n<div class=\"easytabs-undertabs-holder\"><\/div>\n<\/div>\n<\/div>\n<\/div>\n<\/div>\n<div class=\"ProductForm__Variants\"><\/div>","protected":false},"excerpt":{"rendered":"<p>BUGAIA SCENTED CANDLES RITA DES SENTEURS CUIR\u00c9ES ET \u00c9PIC\u00c9ES POUR UNE AMBIANCE CHIC ET GLAMOUR Associata alle note gourmandes di framboise e alle essenze enivrantes di gelsomino, la fraganza tipica del cardamomo conferisce alla bougie Rita un profumo esaltante. Un fondo pregiato di patchouli e di ciliegio impreziosisce questa fragranza di carattere ...<\/p>\n<p class=\"read-more\"> <a class=\"\" href=\"https:\/\/thefactoryconceptstore.com\/it\/products\/bugaia-scented-candles-rita\/\"> <span class=\"screen-reader-text\">CANDELE PROFUMATE BUGAIA RITA<\/span> Leggi altro \"<\/a><\/p>","protected":false},"featured_media":11267,"template":"","meta":{"site-sidebar-layout":"default","site-content-layout":"default","ast-global-header-display":"","ast-banner-title-visibility":"","ast-main-header-display":"","ast-hfb-above-header-display":"","ast-hfb-below-header-display":"","ast-hfb-mobile-header-display":"","site-post-title":"","ast-breadcrumbs-content":"","ast-featured-img":"","footer-sml-layout":"","theme-transparent-header-meta":"default","adv-header-id-meta":"","stick-header-meta":"","header-above-stick-meta":"","header-main-stick-meta":"","header-below-stick-meta":""},"product_brand":[],"product_cat":[52,55],"product_tag":[],"class_list":{"0":"post-11266","1":"product","2":"type-product","3":"status-publish","4":"has-post-thumbnail","6":"product_cat-home-and-design","7":"product_cat-candles-fragance","8":"desktop-align-left","9":"tablet-align-left","10":"mobile-align-left","12":"first","13":"instock","14":"shipping-taxable","15":"purchasable","16":"product-type-simple"},"_links":{"self":[{"href":"https:\/\/thefactoryconceptstore.com\/it\/wp-json\/wp\/v2\/product\/11266","targetHints":{"allow":["GET"]}}],"collection":[{"href":"https:\/\/thefactoryconceptstore.com\/it\/wp-json\/wp\/v2\/product"}],"about":[{"href":"https:\/\/thefactoryconceptstore.com\/it\/wp-json\/wp\/v2\/types\/product"}],"version-history":[{"count":2,"href":"https:\/\/thefactoryconceptstore.com\/it\/wp-json\/wp\/v2\/product\/11266\/revisions"}],"predecessor-version":[{"id":11352,"href":"https:\/\/thefactoryconceptstore.com\/it\/wp-json\/wp\/v2\/product\/11266\/revisions\/11352"}],"wp:featuredmedia":[{"embeddable":true,"href":"https:\/\/thefactoryconceptstore.com\/it\/wp-json\/wp\/v2\/media\/11267"}],"wp:attachment":[{"href":"https:\/\/thefactoryconceptstore.com\/it\/wp-json\/wp\/v2\/media?parent=11266"}],"wp:term":[{"taxonomy":"product_brand","embeddable":true,"href":"https:\/\/thefactoryconceptstore.com\/it\/wp-json\/wp\/v2\/product_brand?post=11266"},{"taxonomy":"product_cat","embeddable":true,"href":"https:\/\/thefactoryconceptstore.com\/it\/wp-json\/wp\/v2\/product_cat?post=11266"},{"taxonomy":"product_tag","embeddable":true,"href":"https:\/\/thefactoryconceptstore.com\/it\/wp-json\/wp\/v2\/product_tag?post=11266"}],"curies":[{"name":"wp","href":"https:\/\/api.w.org\/{rel}","templated":true}]}}