{"id":11262,"date":"2023-06-15T19:40:49","date_gmt":"2023-06-15T17:40:49","guid":{"rendered":"https:\/\/thefactoryconceptstore.com\/?post_type=product&#038;p=11262"},"modified":"2023-06-15T19:40:50","modified_gmt":"2023-06-15T17:40:50","slug":"bugaia-scented-candle-tamara","status":"publish","type":"product","link":"https:\/\/thefactoryconceptstore.com\/it\/products\/bugaia-scented-candle-tamara\/","title":{"rendered":"CANDELA PROFUMATA BUGAIA TAMARA"},"content":{"rendered":"<p>CANDELA PROFUMATA BUGAIA TAMARA<\/p>\n<div class=\"ProductMeta__Description\">\n<div class=\"Rte\">\n<div id=\"5269477818412\" class=\"easytabs-container tab-widget-5269477818412 easytabs-inited easytabs-flexible\" data-et-min-width=\"0\" data-et-auto-accordion=\"1\" data-et-cbw=\"3\" data-et-cbr=\"3\" data-et-sta=\"1\" data-et-amp=\"0\" data-et-adv=\"0\" data-et-flx=\"1\" data-et-wt=\"0\" data-et-ao=\"0\" data-et-tabs-width=\"456\">\n<div class=\"easytabs-holder\">\n<div class=\"easytabs-contents\" role=\"tablist\">\n<div class=\"easytabs-content-item easytabs-active\" data-et-marker=\"tabs-bougie-parfumee-tamara-safran-3\" data-et-handle=\"tabs-composition\">\n<div class=\"easytabs-content-holder\" role=\"tabpanel\" aria-labelledby=\"easytabs-slide-label-5269477818412-1\" aria-expanded=\"true\" aria-hidden=\"false\">\n<h6>GLI AROMI DI UN PROFUMO AL SAFRAN<\/h6>\n<p>Il bougie parfum\u00e9e Tamara rivela il suo carattere affermato in una composizione singolare carica di misticismo. Questo profumo ambrato distilla gli aromi caratteristici del safran, generalmente legati a un cuore ricco di ga\u00efac e a un fondo vellutato di santal. Un profumo envo\u00fbtant per un'atmosfera interna lavorata con minuzia.<\/p>\n<h6>UNA CUCINA NATURALE RISPETTOSA DELL'AMBIENTE<\/h6>\n<p>Tamara risponde a un'etica impeccabile. Le sue fragranze, elaborate in collaborazione con i maestri profumieri grassi, vi offrono un istante di benessere unico. La ciliegia, quanto a lei, \u00e8 vegetale e recupera una m\u00e8che en coton sans plomb. Lasciatevi trasportare dalla bellezza naturale di questa bougie Bugaia.<\/p>\n<p>Riflesso di una personalit\u00e0 libera e priva di tab\u00f9, Tamara arricchisce lo spazio interno di un profumo ambrato e sublimato dalla ricchezza del safran. Con il prezioso colore rosso, questo bougie de caract\u00e8re subjugue et ensorc\u00e8le sorprende per il suo profumo.<\/p>\n<p>Note di testa : Safran, Cardamomo, Arancia<br \/>\nNote di cuore : Rosa, Bois de ga\u00efac, C\u00e8dre, Gelsomino<br \/>\nNote di fondo : Patchouli, Muscolo, Bois de Santal, Oud, Vanille<\/p>\n<p>Disponibile in : 290 g.<\/p>\n<p>Tempo di cottura: 50-55 ore.<\/p>\n<\/div>\n<p>&nbsp;<\/p>\n<\/div>\n<div class=\"easytabs-content-item\" data-et-marker=\"tabs-bougie-parfumee-tamara-safran-4\" data-et-handle=\"tabs-utilisation\"><\/div>\n<\/div>\n<div class=\"easytabs-undertabs-holder\"><\/div>\n<\/div>\n<\/div>\n<\/div>\n<\/div>\n<div class=\"ProductForm__Variants\"><\/div>\n<p>&nbsp;<\/p>","protected":false},"excerpt":{"rendered":"<p>BUGAIA SCENTED CANDLE TAMARA LES AR\u00d4MES ENVO\u00dbTANTS D'UN PARFUM AU SAFRAN La bougie parfum\u00e9e Tamara rivela il suo carattere affermato in una composizione singolare carica di misticismo. Questo profumo ambr\u00e9 distilla gli aromi caratteristici del safran, generalmente legati a un cuore ricco di ga\u00efac e a un fondo vellutato di santal. Un profumo evocativo per una ...<\/p>\n<p class=\"read-more\"> <a class=\"\" href=\"https:\/\/thefactoryconceptstore.com\/it\/products\/bugaia-scented-candle-tamara\/\"> <span class=\"screen-reader-text\">CANDELA PROFUMATA BUGAIA TAMARA<\/span> Leggi altro \"<\/a><\/p>","protected":false},"featured_media":11263,"template":"","meta":{"site-sidebar-layout":"default","site-content-layout":"default","ast-global-header-display":"","ast-banner-title-visibility":"","ast-main-header-display":"","ast-hfb-above-header-display":"","ast-hfb-below-header-display":"","ast-hfb-mobile-header-display":"","site-post-title":"","ast-breadcrumbs-content":"","ast-featured-img":"","footer-sml-layout":"","theme-transparent-header-meta":"default","adv-header-id-meta":"","stick-header-meta":"","header-above-stick-meta":"","header-main-stick-meta":"","header-below-stick-meta":""},"product_brand":[],"product_cat":[52,55],"product_tag":[],"class_list":{"0":"post-11262","1":"product","2":"type-product","3":"status-publish","4":"has-post-thumbnail","6":"product_cat-home-and-design","7":"product_cat-candles-fragance","8":"desktop-align-left","9":"tablet-align-left","10":"mobile-align-left","12":"first","13":"instock","14":"shipping-taxable","15":"purchasable","16":"product-type-simple"},"_links":{"self":[{"href":"https:\/\/thefactoryconceptstore.com\/it\/wp-json\/wp\/v2\/product\/11262","targetHints":{"allow":["GET"]}}],"collection":[{"href":"https:\/\/thefactoryconceptstore.com\/it\/wp-json\/wp\/v2\/product"}],"about":[{"href":"https:\/\/thefactoryconceptstore.com\/it\/wp-json\/wp\/v2\/types\/product"}],"version-history":[{"count":3,"href":"https:\/\/thefactoryconceptstore.com\/it\/wp-json\/wp\/v2\/product\/11262\/revisions"}],"predecessor-version":[{"id":11354,"href":"https:\/\/thefactoryconceptstore.com\/it\/wp-json\/wp\/v2\/product\/11262\/revisions\/11354"}],"wp:featuredmedia":[{"embeddable":true,"href":"https:\/\/thefactoryconceptstore.com\/it\/wp-json\/wp\/v2\/media\/11263"}],"wp:attachment":[{"href":"https:\/\/thefactoryconceptstore.com\/it\/wp-json\/wp\/v2\/media?parent=11262"}],"wp:term":[{"taxonomy":"product_brand","embeddable":true,"href":"https:\/\/thefactoryconceptstore.com\/it\/wp-json\/wp\/v2\/product_brand?post=11262"},{"taxonomy":"product_cat","embeddable":true,"href":"https:\/\/thefactoryconceptstore.com\/it\/wp-json\/wp\/v2\/product_cat?post=11262"},{"taxonomy":"product_tag","embeddable":true,"href":"https:\/\/thefactoryconceptstore.com\/it\/wp-json\/wp\/v2\/product_tag?post=11262"}],"curies":[{"name":"wp","href":"https:\/\/api.w.org\/{rel}","templated":true}]}}