{"id":11257,"date":"2023-06-15T19:42:05","date_gmt":"2023-06-15T17:42:05","guid":{"rendered":"https:\/\/thefactoryconceptstore.com\/?post_type=product&#038;p=11257"},"modified":"2023-06-15T19:42:29","modified_gmt":"2023-06-15T17:42:29","slug":"bugaia-scented-candle-elsa","status":"publish","type":"product","link":"https:\/\/thefactoryconceptstore.com\/it\/products\/bugaia-scented-candle-elsa\/","title":{"rendered":"BUGAIA CANDELA PROFUMATA ELSA"},"content":{"rendered":"<p>CANDELA PROFUMATA BUGAIA ELS<\/p>\n<h6>UN VIAGGIO RAFRA\u00ceCHISSANT SULLE C\u00d4TES ITALIENNES<\/h6>\n<p>Con il suo colore delicatamente tinto, il bougie parfum\u00e9e Elsa presenta un mosaico di sentori acidi e floreali sublimati da un ingrediente prezioso: il bergamotto. Combinato con l'odeur envo\u00fbtante del lilla e del patchouli, questo cocktail di agrumes evoca fin dai primi secondi la fragilit\u00e0 delle coste italiane. Un parfum notevole che riempie l'interno di un'atmosfera vivificante nella quale ci si sente a proprio agio per 55 ore.<\/p>\n<h6>UNA BOUGIE PARFUM\u00c9E PER COMPLETARE LA VOSTRA DECORAZIONE INTERNA<\/h6>\n<p>Se le sue fragranze ravvivano l'atmosfera dei vostri interni, il suo design elegante \u00e8 in grado di soddisfare la vostra decorazione. Ornato da un'etichetta dorata, il suo vetro decorato si unisce alle biblioteche e ai camminamenti. La sua sola presenza \u00e8 sufficiente a conferire un tocco sofisticato al vostro luogo di vita.<\/p>\n<p>All'insegna della m\u00e9morable Elsa Schiaparelli, questo bougie parfum\u00e9e dai sentori leggermente aciduli non manca di farsi notare. L'accordo armonioso di agrumi ricorda il ricordo squisito di una vacanza in Italia e vi far\u00e0 respirare l'ambiente.<\/p>\n<p>Note di testa : citron vert, mandarine, bergamote<br \/>\nNote di cuore : basilico, lill\u00e0, iris, timo<br \/>\nNote di fondo : patchouli, v\u00e9tiver<\/p>\n<p>Disponibile in : 290g.<\/p>\n<p>Tempo di macerazione: 50-55 ore.<\/p>\n<p>&nbsp;<\/p>\n<p>&nbsp;<\/p>\n<p>&nbsp;<\/p>\n<p>&nbsp;<\/p>","protected":false},"excerpt":{"rendered":"<p>BUGAIA SCENTED CANDLE ELS UN VOYAGE RAFRA\u00ceCHISSANT SUR LES C\u00d4TES ITALIENNES Nel suo colore delicatamente colorato, la bougie parfum\u00e9e Elsa rivela un mosaico di sentori acidi e floreali sublimati da un ingrediente prezioso: il bergamotto. Combinato con l'odore envo\u00fbtante del lill\u00e0 e del patchouli, questo cocktail di agrumes evoca fin dai primi secondi la fragilit\u00e0 ...<\/p>\n<p class=\"read-more\"> <a class=\"\" href=\"https:\/\/thefactoryconceptstore.com\/it\/products\/bugaia-scented-candle-elsa\/\"> <span class=\"screen-reader-text\">BUGAIA CANDELA PROFUMATA ELSA<\/span> Leggi altro \"<\/a><\/p>","protected":false},"featured_media":11258,"template":"","meta":{"site-sidebar-layout":"default","site-content-layout":"default","ast-global-header-display":"","ast-banner-title-visibility":"","ast-main-header-display":"","ast-hfb-above-header-display":"","ast-hfb-below-header-display":"","ast-hfb-mobile-header-display":"","site-post-title":"","ast-breadcrumbs-content":"","ast-featured-img":"","footer-sml-layout":"","theme-transparent-header-meta":"default","adv-header-id-meta":"","stick-header-meta":"","header-above-stick-meta":"","header-main-stick-meta":"","header-below-stick-meta":""},"product_brand":[],"product_cat":[52,55],"product_tag":[],"class_list":{"0":"post-11257","1":"product","2":"type-product","3":"status-publish","4":"has-post-thumbnail","6":"product_cat-home-and-design","7":"product_cat-candles-fragance","8":"desktop-align-left","9":"tablet-align-left","10":"mobile-align-left","12":"first","13":"instock","14":"shipping-taxable","15":"purchasable","16":"product-type-simple"},"_links":{"self":[{"href":"https:\/\/thefactoryconceptstore.com\/it\/wp-json\/wp\/v2\/product\/11257","targetHints":{"allow":["GET"]}}],"collection":[{"href":"https:\/\/thefactoryconceptstore.com\/it\/wp-json\/wp\/v2\/product"}],"about":[{"href":"https:\/\/thefactoryconceptstore.com\/it\/wp-json\/wp\/v2\/types\/product"}],"version-history":[{"count":2,"href":"https:\/\/thefactoryconceptstore.com\/it\/wp-json\/wp\/v2\/product\/11257\/revisions"}],"predecessor-version":[{"id":11355,"href":"https:\/\/thefactoryconceptstore.com\/it\/wp-json\/wp\/v2\/product\/11257\/revisions\/11355"}],"wp:featuredmedia":[{"embeddable":true,"href":"https:\/\/thefactoryconceptstore.com\/it\/wp-json\/wp\/v2\/media\/11258"}],"wp:attachment":[{"href":"https:\/\/thefactoryconceptstore.com\/it\/wp-json\/wp\/v2\/media?parent=11257"}],"wp:term":[{"taxonomy":"product_brand","embeddable":true,"href":"https:\/\/thefactoryconceptstore.com\/it\/wp-json\/wp\/v2\/product_brand?post=11257"},{"taxonomy":"product_cat","embeddable":true,"href":"https:\/\/thefactoryconceptstore.com\/it\/wp-json\/wp\/v2\/product_cat?post=11257"},{"taxonomy":"product_tag","embeddable":true,"href":"https:\/\/thefactoryconceptstore.com\/it\/wp-json\/wp\/v2\/product_tag?post=11257"}],"curies":[{"name":"wp","href":"https:\/\/api.w.org\/{rel}","templated":true}]}}