{"id":11242,"date":"2023-06-15T19:48:27","date_gmt":"2023-06-15T17:48:27","guid":{"rendered":"https:\/\/thefactoryconceptstore.com\/?post_type=product&#038;p=11242"},"modified":"2023-06-15T19:48:27","modified_gmt":"2023-06-15T17:48:27","slug":"bugaia-scented-candle-isadora","status":"publish","type":"product","link":"https:\/\/thefactoryconceptstore.com\/it\/products\/bugaia-scented-candle-isadora\/","title":{"rendered":"CANDELA PROFUMATA BUGAIA ISADORA"},"content":{"rendered":"<h6>CANDELA PROFUMATA BUGAIA ISADORA<\/h6>\n<h6><\/h6>\n<h6>L'ELEGANZA DI UNA BOUGIE AU BOIS DE GA\u00cfAC<\/h6>\n<p>Nel calore della sua fiamma, il bougie Isadora delinea i contorni di un universo olfattivo di grande finezza. Le sue fragranze ontuose rivelano il carattere prezioso di un legno che racchiude senza ritegno la dolcezza acidula del bergamotto. Nel fondo, il bois de ga\u00efac racchiude le essenze di santal e di patchouli per riproporre nelle vostre pi\u00e8ce un profumo delicato ed elegante. Questo bougie parfum\u00e9e Bugaia vi offre un ambiente decisamente chic.<\/p>\n<h6>UN DESIGN ELEGANTE PER VALORIZZARE LA VOSTRA DECORAZIONE<\/h6>\n<p>Preziosa quanto un rubino, Isadora trova il suo posto nella vostra decorazione per un ambiente incantevole. Con la sua etichetta in tessuto finemente inciso, attira gli sguardi e fa nascere un sentimento di benessere. Di produzione francese, questa bougie artigianale Bugaia conferisce una dimensione lussuosa al vostro spazio di vita.<\/p>\n<p>Elegante e vaporoso, il bougie parfum\u00e9e Isadora offre uno sfogo di libert\u00e0 all'interno dell'ambiente. \u00c8 nel nome della bellezza che le fragranze della danzatrice a piedi nudi riproducono un profumo bois\u00e9 di lusso.<\/p>\n<p>Note di testa : bergamotto, clous de girofle<br \/>\nNote di cuore : Ambre gris, Cannelle, Vanille<br \/>\nNote di fondo : bois de ga\u00efac, bois de santal, patchouli, muschio.<\/p>\n<p>Disponibile in : 290 g.<\/p>\n<p>Tempo di cottura: 50-55 ore.<\/p>\n<p>&nbsp;<\/p>","protected":false},"excerpt":{"rendered":"<p>BUGAIA SCENTED CANDLE ISADORA L'\u00c9L\u00c9GANCE D'UNE BOUGIE AU BOIS DE GA\u00cfAC Nel calore della sua fiamma, la bougie Isadora delinea i contorni di un universo olfattivo di grande finezza. Le sue fragranze ontuose rivelano il carattere prezioso di un legno che racchiude senza ritegno la dolcezza acidula del bergamotto. In fondo, il bois de ga\u00efac racchiude ...<\/p>\n<p class=\"read-more\"> <a class=\"\" href=\"https:\/\/thefactoryconceptstore.com\/it\/products\/bugaia-scented-candle-isadora\/\"> <span class=\"screen-reader-text\">CANDELA PROFUMATA BUGAIA ISADORA<\/span> Leggi altro \"<\/a><\/p>","protected":false},"featured_media":11243,"template":"","meta":{"site-sidebar-layout":"default","site-content-layout":"default","ast-global-header-display":"","ast-banner-title-visibility":"","ast-main-header-display":"","ast-hfb-above-header-display":"","ast-hfb-below-header-display":"","ast-hfb-mobile-header-display":"","site-post-title":"","ast-breadcrumbs-content":"","ast-featured-img":"","footer-sml-layout":"","theme-transparent-header-meta":"default","adv-header-id-meta":"","stick-header-meta":"","header-above-stick-meta":"","header-main-stick-meta":"","header-below-stick-meta":""},"product_brand":[],"product_cat":[52,55],"product_tag":[],"class_list":{"0":"post-11242","1":"product","2":"type-product","3":"status-publish","4":"has-post-thumbnail","6":"product_cat-home-and-design","7":"product_cat-candles-fragance","8":"desktop-align-left","9":"tablet-align-left","10":"mobile-align-left","12":"first","13":"instock","14":"shipping-taxable","15":"purchasable","16":"product-type-simple"},"_links":{"self":[{"href":"https:\/\/thefactoryconceptstore.com\/it\/wp-json\/wp\/v2\/product\/11242","targetHints":{"allow":["GET"]}}],"collection":[{"href":"https:\/\/thefactoryconceptstore.com\/it\/wp-json\/wp\/v2\/product"}],"about":[{"href":"https:\/\/thefactoryconceptstore.com\/it\/wp-json\/wp\/v2\/types\/product"}],"version-history":[{"count":3,"href":"https:\/\/thefactoryconceptstore.com\/it\/wp-json\/wp\/v2\/product\/11242\/revisions"}],"predecessor-version":[{"id":11359,"href":"https:\/\/thefactoryconceptstore.com\/it\/wp-json\/wp\/v2\/product\/11242\/revisions\/11359"}],"wp:featuredmedia":[{"embeddable":true,"href":"https:\/\/thefactoryconceptstore.com\/it\/wp-json\/wp\/v2\/media\/11243"}],"wp:attachment":[{"href":"https:\/\/thefactoryconceptstore.com\/it\/wp-json\/wp\/v2\/media?parent=11242"}],"wp:term":[{"taxonomy":"product_brand","embeddable":true,"href":"https:\/\/thefactoryconceptstore.com\/it\/wp-json\/wp\/v2\/product_brand?post=11242"},{"taxonomy":"product_cat","embeddable":true,"href":"https:\/\/thefactoryconceptstore.com\/it\/wp-json\/wp\/v2\/product_cat?post=11242"},{"taxonomy":"product_tag","embeddable":true,"href":"https:\/\/thefactoryconceptstore.com\/it\/wp-json\/wp\/v2\/product_tag?post=11242"}],"curies":[{"name":"wp","href":"https:\/\/api.w.org\/{rel}","templated":true}]}}