{"id":11228,"date":"2023-06-15T19:47:05","date_gmt":"2023-06-15T17:47:05","guid":{"rendered":"https:\/\/thefactoryconceptstore.com\/?post_type=product&#038;p=11228"},"modified":"2023-06-15T19:47:05","modified_gmt":"2023-06-15T17:47:05","slug":"bugaia-interior-air-tamara","status":"publish","type":"product","link":"https:\/\/thefactoryconceptstore.com\/it\/products\/bugaia-interior-air-tamara\/","title":{"rendered":"BUGAIA INTERIOR AIR TAMARA"},"content":{"rendered":"<p>BUGAIA INTERIOR AIR TAMARA<\/p>\n<p>L'air d'int\u00e9rieur Tamara vi trascina in un'esperienza olfattiva al tempo stesso intrigante e affascinante. In ogni istante, rivela un po' di pi\u00f9 i suoi misteri e rivela la sua sensualit\u00e0 in una composizione esaltante. Le note tipiche del safran si fondono con gli aromi passionali della rosa e si sviluppano su un fondo di muschio e di salsedine. Con il suo sillage saisissant, questo parfum d'ambiente ambr\u00e9 definisce l'identit\u00e0 del vostro ambiente.<\/p>\n<h6>UN PROFUMO D'AMBIENTE NATURALE E LUSSUOSO<\/h6>\n<p>Il profumo d'ambiente Tamara mette in primo piano la bellezza della natura. Elaborato con coscienza, ogni materiale di prima scelta \u00e8 selezionato con cura per offrirvi un prodotto d'ambiente tanto lussuoso quanto rispettoso della vostra salute. Inoltre, le sue fragranze hanno una composizione propria e sono diluite in alcool biologico. Lasciatevi trasportare dalle fragranze accattivanti di questo profumo per ambienti ambrati da 100 ml.<\/p>\n<p>Se la pi\u00f9 voluttuosa delle odalische avesse un profumo, avrebbe, senza ombra di dubbio, delle note ambrate. Chaude, soave e sensuale, l'aria interna di Tamara \u00e8 un sogno di pittore che si diverte a ritrascrivere in modo sottile una tavolozza di accordi, un tratto, delle ombre, uno stile: Lempicka. Come un tableau envo\u00fbtant, id\u00e9al pour celles et ceux qui ne laissent pas facilement saisir...<\/p>\n<p><span class=\"column\">Note di testa : safran, cardamomo, arancia.<br \/>\nNote di cuore: rosa, bois de ga\u00efac, c\u00e8dre, gelsomino. <\/span><span class=\"column\">Note di fondo : patchouli, muschio, bois de santal, oud, vaniglia<\/span><\/p>\n<p><span style=\"font-weight: 400;\">spruzzare...<strong>100ml<\/strong><\/span><\/p>\n<p>&nbsp;<\/p>","protected":false},"excerpt":{"rendered":"<p>BUGAIA INTERIOR AIR TAMARA L'air d'int\u00e9rieur Tamara vi porter\u00e0 in un'esperienza olfattiva al tempo stesso intrigante e affascinante. In ogni istante, rivela un po' di pi\u00f9 i suoi misteri e rivela la sua sensualit\u00e0 in una composizione esaltante. Le note tipiche del safran si fondono con gli aromi passionali della rosa e si fondono in una composizione ...<\/p>\n<p class=\"read-more\"> <a class=\"\" href=\"https:\/\/thefactoryconceptstore.com\/it\/products\/bugaia-interior-air-tamara\/\"> <span class=\"screen-reader-text\">BUGAIA INTERIOR AIR TAMARA<\/span> Leggi altro \"<\/a><\/p>","protected":false},"featured_media":11229,"template":"","meta":{"site-sidebar-layout":"default","site-content-layout":"default","ast-global-header-display":"","ast-banner-title-visibility":"","ast-main-header-display":"","ast-hfb-above-header-display":"","ast-hfb-below-header-display":"","ast-hfb-mobile-header-display":"","site-post-title":"","ast-breadcrumbs-content":"","ast-featured-img":"","footer-sml-layout":"","theme-transparent-header-meta":"default","adv-header-id-meta":"","stick-header-meta":"","header-above-stick-meta":"","header-main-stick-meta":"","header-below-stick-meta":""},"product_brand":[],"product_cat":[52,55],"product_tag":[],"class_list":{"0":"post-11228","1":"product","2":"type-product","3":"status-publish","4":"has-post-thumbnail","6":"product_cat-home-and-design","7":"product_cat-candles-fragance","8":"desktop-align-left","9":"tablet-align-left","10":"mobile-align-left","12":"first","13":"instock","14":"shipping-taxable","15":"purchasable","16":"product-type-simple"},"_links":{"self":[{"href":"https:\/\/thefactoryconceptstore.com\/it\/wp-json\/wp\/v2\/product\/11228","targetHints":{"allow":["GET"]}}],"collection":[{"href":"https:\/\/thefactoryconceptstore.com\/it\/wp-json\/wp\/v2\/product"}],"about":[{"href":"https:\/\/thefactoryconceptstore.com\/it\/wp-json\/wp\/v2\/types\/product"}],"version-history":[{"count":3,"href":"https:\/\/thefactoryconceptstore.com\/it\/wp-json\/wp\/v2\/product\/11228\/revisions"}],"predecessor-version":[{"id":11357,"href":"https:\/\/thefactoryconceptstore.com\/it\/wp-json\/wp\/v2\/product\/11228\/revisions\/11357"}],"wp:featuredmedia":[{"embeddable":true,"href":"https:\/\/thefactoryconceptstore.com\/it\/wp-json\/wp\/v2\/media\/11229"}],"wp:attachment":[{"href":"https:\/\/thefactoryconceptstore.com\/it\/wp-json\/wp\/v2\/media?parent=11228"}],"wp:term":[{"taxonomy":"product_brand","embeddable":true,"href":"https:\/\/thefactoryconceptstore.com\/it\/wp-json\/wp\/v2\/product_brand?post=11228"},{"taxonomy":"product_cat","embeddable":true,"href":"https:\/\/thefactoryconceptstore.com\/it\/wp-json\/wp\/v2\/product_cat?post=11228"},{"taxonomy":"product_tag","embeddable":true,"href":"https:\/\/thefactoryconceptstore.com\/it\/wp-json\/wp\/v2\/product_tag?post=11228"}],"curies":[{"name":"wp","href":"https:\/\/api.w.org\/{rel}","templated":true}]}}