{"id":11128,"date":"2023-06-19T10:40:18","date_gmt":"2023-06-19T08:40:18","guid":{"rendered":"https:\/\/thefactoryconceptstore.com\/?post_type=product&#038;p=11128"},"modified":"2023-11-12T10:10:46","modified_gmt":"2023-11-12T09:10:46","slug":"bearbrick-unknown-asia-400-100","status":"publish","type":"product","link":"https:\/\/thefactoryconceptstore.com\/it\/products\/bearbrick-unknown-asia-400-100\/","title":{"rendered":"BE@RBRICK SCONOSCIUTO ASIA 400% 100%"},"content":{"rendered":"<p>BE@RBRICK SCONOSCIUTO ASIA 400% 100%<\/p>\n<p>Dopo la collaborazione con il ristorante OkDongsik di Seoul, il collettivo sudcoreano \ub2e4\ub2e4DADA\u591a\u591a collabora per la prima volta con Medicom Toy. Consegna di Be@rbricks 100% e 400% in edizione speciale in collaborazione con i distributori Kinki Robot e NUBIAN.<\/p>\n<p>Be@rbrick \u00e8 stato per noi un oggetto preferito fin da quando, in giovane et\u00e0, siamo stati attratti dalla moda e dalla cultura. Ci piace il fatto di poter presentare la nostra creativit\u00e0 sulla sua figura senza limitazioni\", ha dichiarato il team di \ub2e4\ub2e4DADA\u591a\u591a. \"Tutto \u00e8 iniziato dalla conversazione tra Don sun-pil della Galleria Arario. Il suo progetto propone che la cosiddetta cultura otaku non sia semplicemente uno svago o un divertimento leggero, ma un affascinante fenomeno sociale e un indizio di un senso estetico condiviso.\"<\/p>\n<p>Nella sua collezione \"Kitsutaitne\", Don ha messo in evidenza il fenomeno dell'uso delle filigrane per prevenire la violazione del copyright in una societ\u00e0 che fa circolare milioni di immagini al giorno. Ispirandosi a questa idea, le prossime figure di Be@rbrick si presentano con una finitura in finta pietra di giada e con stampe di filigrana che ne segnalano la presunta originalit\u00e0. Inoltre, la confezione \u00e8 in finto legno che riproduce le fotografie di una vera scatola di legno.<\/p>\n<p>Medicom Toy utilizza la tecnologia di trasferimento ad acqua per garantire un posizionamento unico della stampa su ogni Be@rbrick. Ci\u00f2 significa che ogni Be@rbrick sar\u00e0 speciale e unico.<\/p>","protected":false},"excerpt":{"rendered":"<p>BE@RBRICK UNKNOWN ASIA 400% 100% Dopo la collaborazione con il ristorante OkDongsik di Seoul, il collettivo sudcoreano \ub2e4\ub2e4DADA\u591a\u591a collabora per la prima volta con Medicom Toy. Consegnando Be@rbricks in edizione speciale 100% e 400% in collaborazione con i distributori Kinki Robot e NUBIAN. Il progetto: Be@rbrick \u00e8 stato uno degli oggetti preferiti da quando siamo stati attratti da ...<\/p>\n<p class=\"read-more\"> <a class=\"\" href=\"https:\/\/thefactoryconceptstore.com\/it\/products\/bearbrick-unknown-asia-400-100\/\"> <span class=\"screen-reader-text\">BE@RBRICK SCONOSCIUTO ASIA 400% 100%<\/span> Leggi altro \"<\/a><\/p>","protected":false},"featured_media":11129,"template":"","meta":{"site-sidebar-layout":"default","site-content-layout":"default","ast-global-header-display":"","ast-banner-title-visibility":"","ast-main-header-display":"","ast-hfb-above-header-display":"","ast-hfb-below-header-display":"","ast-hfb-mobile-header-display":"","site-post-title":"","ast-breadcrumbs-content":"","ast-featured-img":"","footer-sml-layout":"","theme-transparent-header-meta":"default","adv-header-id-meta":"","stick-header-meta":"","header-above-stick-meta":"","header-main-stick-meta":"","header-below-stick-meta":""},"product_brand":[],"product_cat":[22,33],"product_tag":[],"class_list":{"0":"post-11128","1":"product","2":"type-product","3":"status-publish","4":"has-post-thumbnail","6":"product_cat-art-toys","7":"product_cat-bearbrick","8":"desktop-align-left","9":"tablet-align-left","10":"mobile-align-left","12":"first","13":"outofstock","14":"shipping-taxable","15":"purchasable","16":"product-type-simple"},"_links":{"self":[{"href":"https:\/\/thefactoryconceptstore.com\/it\/wp-json\/wp\/v2\/product\/11128","targetHints":{"allow":["GET"]}}],"collection":[{"href":"https:\/\/thefactoryconceptstore.com\/it\/wp-json\/wp\/v2\/product"}],"about":[{"href":"https:\/\/thefactoryconceptstore.com\/it\/wp-json\/wp\/v2\/types\/product"}],"version-history":[{"count":3,"href":"https:\/\/thefactoryconceptstore.com\/it\/wp-json\/wp\/v2\/product\/11128\/revisions"}],"predecessor-version":[{"id":11363,"href":"https:\/\/thefactoryconceptstore.com\/it\/wp-json\/wp\/v2\/product\/11128\/revisions\/11363"}],"wp:featuredmedia":[{"embeddable":true,"href":"https:\/\/thefactoryconceptstore.com\/it\/wp-json\/wp\/v2\/media\/11129"}],"wp:attachment":[{"href":"https:\/\/thefactoryconceptstore.com\/it\/wp-json\/wp\/v2\/media?parent=11128"}],"wp:term":[{"taxonomy":"product_brand","embeddable":true,"href":"https:\/\/thefactoryconceptstore.com\/it\/wp-json\/wp\/v2\/product_brand?post=11128"},{"taxonomy":"product_cat","embeddable":true,"href":"https:\/\/thefactoryconceptstore.com\/it\/wp-json\/wp\/v2\/product_cat?post=11128"},{"taxonomy":"product_tag","embeddable":true,"href":"https:\/\/thefactoryconceptstore.com\/it\/wp-json\/wp\/v2\/product_tag?post=11128"}],"curies":[{"name":"wp","href":"https:\/\/api.w.org\/{rel}","templated":true}]}}