{"id":11075,"date":"2023-06-12T20:37:28","date_gmt":"2023-06-12T18:37:28","guid":{"rendered":"https:\/\/thefactoryconceptstore.com\/?post_type=product&#038;p=11075"},"modified":"2024-02-13T21:35:42","modified_gmt":"2024-02-13T20:35:42","slug":"abell-octovan-no-more-amore-2022","status":"publish","type":"product","link":"https:\/\/thefactoryconceptstore.com\/it\/products\/abell-octovan-no-more-amore-2022\/","title":{"rendered":"ABELL OCTOVAN NON PI\u00d9 AMORE 2022"},"content":{"rendered":"<p>ABELL OCTOVAN NO MORE AMORE 202<\/p>\n<p>Abell Octovan x Mighty Jaxx - No More Amore Bittersweet Edition<\/p>\n<p>Dopo aver visto innumerevoli cuori infranti e un mare di lacrime, Cupido ha smesso di fare il sensale. L'amore non esiste in questo mondo, porta solo dolore.<\/p>\n<p>No More Amore di Abell Octovan torna in una seconda colorazione: l'edizione BITTERSWEET!<\/p>\n<p>No More Amore di Abell Octovan fa il suo ritorno in una seconda versione. La stoica finitura bianca, ispirata ai busti di marmo, \u00e8 stata eliminata; questa statuetta presenta una doppia tonalit\u00e0 rosa-nera pi\u00f9 intensa che cattura la passione e il dolore dell'amore!<\/p>\n<p>Questa intricata scultura \u00e8 ricca di dettagli che raccontano la storia di un Cupido decaduto che non crede pi\u00f9 nel concetto di \"vero amore\".<\/p>\n<p>Fonte del potere di Cupido, la persona colpita da questa freccia \u00e8 pervasa da un amore incontrollabile - e in alcune rivisitazioni - dal desiderio. La rottura dell'arco indica la disillusione di Cupido nei confronti del suo ruolo, ritenendo che tutto l'amore finisca con il dolore.<\/p>\n<p>L'elevato contrasto tra il nero e il rosa mette in risalto l'intensit\u00e0 emotiva e il conflitto affrontato da questo Cupido sbiadito, agente dell'amore per natura. Seduto su un pilastro di cuori spezzati con la frase in rilievo \"Till love breaks us apart\" (Finch\u00e9 l'amore non ci separa), questo pezzo in edizione limitata sfida il concetto di vero amore.<\/p>\n<p>&nbsp;<\/p>","protected":false},"excerpt":{"rendered":"<p>ABELL OCTOVAN NO MORE AMORE 202 Abell Octovan x Mighty Jaxx - No More Amore Bittersweet Edition Dopo aver visto innumerevoli cuori infranti e un mare di lacrime, Cupido ha smesso di fare il sensale. L'amore non esiste in questo mondo, porta solo dolore. No More Amore di Abell Octovan torna in una seconda colorazione: la BITTERSWEET Edition! ...<\/p>\n<p class=\"read-more\"> <a class=\"\" href=\"https:\/\/thefactoryconceptstore.com\/it\/products\/abell-octovan-no-more-amore-2022\/\"> <span class=\"screen-reader-text\">ABELL OCTOVAN NON PI\u00d9 AMORE 2022<\/span> Leggi altro \"<\/a><\/p>","protected":false},"featured_media":11076,"template":"","meta":{"site-sidebar-layout":"default","site-content-layout":"default","ast-global-header-display":"","ast-banner-title-visibility":"","ast-main-header-display":"","ast-hfb-above-header-display":"","ast-hfb-below-header-display":"","ast-hfb-mobile-header-display":"","site-post-title":"","ast-breadcrumbs-content":"","ast-featured-img":"","footer-sml-layout":"","theme-transparent-header-meta":"default","adv-header-id-meta":"","stick-header-meta":"","header-above-stick-meta":"","header-main-stick-meta":"","header-below-stick-meta":""},"product_brand":[],"product_cat":[22],"product_tag":[],"class_list":{"0":"post-11075","1":"product","2":"type-product","3":"status-publish","4":"has-post-thumbnail","6":"product_cat-art-toys","7":"desktop-align-left","8":"tablet-align-left","9":"mobile-align-left","11":"first","12":"instock","13":"shipping-taxable","14":"purchasable","15":"product-type-simple"},"_links":{"self":[{"href":"https:\/\/thefactoryconceptstore.com\/it\/wp-json\/wp\/v2\/product\/11075","targetHints":{"allow":["GET"]}}],"collection":[{"href":"https:\/\/thefactoryconceptstore.com\/it\/wp-json\/wp\/v2\/product"}],"about":[{"href":"https:\/\/thefactoryconceptstore.com\/it\/wp-json\/wp\/v2\/types\/product"}],"version-history":[{"count":3,"href":"https:\/\/thefactoryconceptstore.com\/it\/wp-json\/wp\/v2\/product\/11075\/revisions"}],"predecessor-version":[{"id":11217,"href":"https:\/\/thefactoryconceptstore.com\/it\/wp-json\/wp\/v2\/product\/11075\/revisions\/11217"}],"wp:featuredmedia":[{"embeddable":true,"href":"https:\/\/thefactoryconceptstore.com\/it\/wp-json\/wp\/v2\/media\/11076"}],"wp:attachment":[{"href":"https:\/\/thefactoryconceptstore.com\/it\/wp-json\/wp\/v2\/media?parent=11075"}],"wp:term":[{"taxonomy":"product_brand","embeddable":true,"href":"https:\/\/thefactoryconceptstore.com\/it\/wp-json\/wp\/v2\/product_brand?post=11075"},{"taxonomy":"product_cat","embeddable":true,"href":"https:\/\/thefactoryconceptstore.com\/it\/wp-json\/wp\/v2\/product_cat?post=11075"},{"taxonomy":"product_tag","embeddable":true,"href":"https:\/\/thefactoryconceptstore.com\/it\/wp-json\/wp\/v2\/product_tag?post=11075"}],"curies":[{"name":"wp","href":"https:\/\/api.w.org\/{rel}","templated":true}]}}