{"id":10769,"date":"2023-05-29T11:36:05","date_gmt":"2023-05-29T09:36:05","guid":{"rendered":"https:\/\/thefactoryconceptstore.com\/?post_type=product&#038;p=10769"},"modified":"2024-12-03T17:07:57","modified_gmt":"2024-12-03T16:07:57","slug":"bearbrick-jackson-pollock-400-100","status":"publish","type":"product","link":"https:\/\/thefactoryconceptstore.com\/it\/products\/bearbrick-jackson-pollock-400-100\/","title":{"rendered":"BE@RBRICK JACKSON POLLOCK 400% 100% 2020"},"content":{"rendered":"<p>Be@rbrick Jackson Pollock Studio (SPLASH) 400%100% 2020<\/p>\n<p>Jackson Pollock, nato il 28 gennaio 1912 a Cody, nel Wyoming, e morto l'11 agosto 1956 a Springs, nello Stato di New York, \u00e8 un pittore americano dell'espressionismo astratto, noto a livello mondiale per il suo stile di vita.<\/p>\n<p>Medicom Toy utilizza la tecnologia di trasferimento ad acqua per garantire un posizionamento unico della stampa su ogni Be@rbrick. Ci\u00f2 significa che ogni Be@rbrick sar\u00e0 speciale e unico.<\/p>","protected":false},"excerpt":{"rendered":"<p>Be@rbrick Jackson Pollock Studio (SPLASH) 400%100% 2020 Jackson Pollock, n\u00e9 le 28 janvier 1912 \u00e0 Cody, dans le Wyoming, et mort le 11 ao\u00fbt 1956 \u00e0 Springs, dans l&#8217;\u00c9tat de New York, est un peintre am\u00e9ricain de l&#8217;expressionnisme abstrait, mondialement connu de son vivant. Medicom Toy uses Water transfer technology to ensure unique print placement &hellip;<\/p>\n<p class=\"read-more\"> <a class=\"\" href=\"https:\/\/thefactoryconceptstore.com\/it\/products\/bearbrick-jackson-pollock-400-100\/\"> <span class=\"screen-reader-text\">BE@RBRICK JACKSON POLLOCK 400% 100% 2020<\/span> Leggi altro \"<\/a><\/p>","protected":false},"featured_media":10770,"template":"","meta":{"site-sidebar-layout":"default","site-content-layout":"default","ast-global-header-display":"","ast-banner-title-visibility":"","ast-main-header-display":"","ast-hfb-above-header-display":"","ast-hfb-below-header-display":"","ast-hfb-mobile-header-display":"","site-post-title":"","ast-breadcrumbs-content":"","ast-featured-img":"","footer-sml-layout":"","theme-transparent-header-meta":"default","adv-header-id-meta":"","stick-header-meta":"","header-above-stick-meta":"","header-main-stick-meta":"","header-below-stick-meta":""},"product_brand":[],"product_cat":[33],"product_tag":[],"class_list":{"0":"post-10769","1":"product","2":"type-product","3":"status-publish","4":"has-post-thumbnail","6":"product_cat-bearbrick","7":"desktop-align-left","8":"tablet-align-left","9":"mobile-align-left","11":"first","12":"instock","13":"shipping-taxable","14":"purchasable","15":"product-type-simple"},"_links":{"self":[{"href":"https:\/\/thefactoryconceptstore.com\/it\/wp-json\/wp\/v2\/product\/10769","targetHints":{"allow":["GET"]}}],"collection":[{"href":"https:\/\/thefactoryconceptstore.com\/it\/wp-json\/wp\/v2\/product"}],"about":[{"href":"https:\/\/thefactoryconceptstore.com\/it\/wp-json\/wp\/v2\/types\/product"}],"version-history":[{"count":4,"href":"https:\/\/thefactoryconceptstore.com\/it\/wp-json\/wp\/v2\/product\/10769\/revisions"}],"predecessor-version":[{"id":10969,"href":"https:\/\/thefactoryconceptstore.com\/it\/wp-json\/wp\/v2\/product\/10769\/revisions\/10969"}],"wp:featuredmedia":[{"embeddable":true,"href":"https:\/\/thefactoryconceptstore.com\/it\/wp-json\/wp\/v2\/media\/10770"}],"wp:attachment":[{"href":"https:\/\/thefactoryconceptstore.com\/it\/wp-json\/wp\/v2\/media?parent=10769"}],"wp:term":[{"taxonomy":"product_brand","embeddable":true,"href":"https:\/\/thefactoryconceptstore.com\/it\/wp-json\/wp\/v2\/product_brand?post=10769"},{"taxonomy":"product_cat","embeddable":true,"href":"https:\/\/thefactoryconceptstore.com\/it\/wp-json\/wp\/v2\/product_cat?post=10769"},{"taxonomy":"product_tag","embeddable":true,"href":"https:\/\/thefactoryconceptstore.com\/it\/wp-json\/wp\/v2\/product_tag?post=10769"}],"curies":[{"name":"wp","href":"https:\/\/api.w.org\/{rel}","templated":true}]}}