{"id":9732,"date":"2023-05-22T09:19:07","date_gmt":"2023-05-22T07:19:07","guid":{"rendered":"https:\/\/thefactoryconceptstore.com\/?post_type=product&#038;p=9732"},"modified":"2025-12-01T20:28:20","modified_gmt":"2025-12-01T19:28:20","slug":"kaws-what-a-party-book","status":"publish","type":"product","link":"https:\/\/thefactoryconceptstore.com\/fr\/products\/kaws-what-a-party-book\/","title":{"rendered":"KAWS - What a Party LIVRE 2021"},"content":{"rendered":"<p><b>Une monographie compl\u00e8te de l'\u0153uvre de KAWS, l'un des artistes et cr\u00e9ateurs les plus recherch\u00e9s de notre \u00e9poque.<\/b><\/p>\n<p>S'inspirant des traditions du Pop art, l'\u0153uvre de KAWS se situe \u00e0 cheval entre les beaux-arts et la culture populaire, traversant les m\u00e9diums de la peinture et de la sculpture, ainsi que la mode, les produits d\u00e9riv\u00e9s, les jouets en vinyle et, plus r\u00e9cemment, la r\u00e9alit\u00e9 augment\u00e9e. Ce livre, r\u00e9alis\u00e9 en \u00e9troite collaboration avec l'artiste, pr\u00e9sente ses \u0153uvres les plus connues ainsi que des croquis, des dessins pr\u00e9paratoires et des images in\u00e9dites de KAWS au travail, r\u00e9v\u00e9lant le processus m\u00e9ticuleux \u00e0 l'origine de ses \u0153uvres embl\u00e9matiques. Accompagnant une grande exposition r\u00e9trospective au Brooklyn Museum, ce livre illustre la capacit\u00e9 unique de l'artiste \u00e0 remodeler notre fa\u00e7on de penser l'art contemporain et la culture d'aujourd'hui.<\/p>\n<p><strong>Sp\u00e9cifications :<\/strong><\/p>\n<ul>\n<li>Format : Livre reli\u00e9<\/li>\n<li>Taille : 30,55 \u00d7 23,8 cm<\/li>\n<li>Pages : 256 pp<\/li>\n<li>Illustrations : 1500 illustrations<\/li>\n<\/ul>","protected":false},"excerpt":{"rendered":"<p>Une monographie compl\u00e8te de l'\u0153uvre de KAWS, l'un des artistes les plus recherch\u00e9s et l'une des forces cr\u00e9atrices de notre \u00e9poque. S'inspirant des traditions du Pop art, le travail de KAWS se situe \u00e0 cheval entre les beaux-arts et la culture populaire, traversant les m\u00e9diums de la peinture et de la sculpture, ainsi que la mode, les produits d\u00e9riv\u00e9s, les jouets en vinyle et, plus r\u00e9cemment, la r\u00e9alit\u00e9 augment\u00e9e. Cette ...<\/p>\n<p class=\"read-more\"> <a class=\"\" href=\"https:\/\/thefactoryconceptstore.com\/fr\/products\/kaws-what-a-party-book\/\"> <span class=\"screen-reader-text\">KAWS - What a Party LIVRE 2021<\/span> Lire la suite \"<\/a><\/p>","protected":false},"featured_media":9733,"template":"","meta":{"site-sidebar-layout":"default","site-content-layout":"default","ast-global-header-display":"","ast-banner-title-visibility":"","ast-main-header-display":"","ast-hfb-above-header-display":"","ast-hfb-below-header-display":"","ast-hfb-mobile-header-display":"","site-post-title":"","ast-breadcrumbs-content":"","ast-featured-img":"","footer-sml-layout":"","theme-transparent-header-meta":"default","adv-header-id-meta":"","stick-header-meta":"","header-above-stick-meta":"","header-main-stick-meta":"","header-below-stick-meta":""},"product_brand":[],"product_cat":[26],"product_tag":[59],"class_list":{"0":"post-9732","1":"product","2":"type-product","3":"status-publish","4":"has-post-thumbnail","6":"product_cat-books","7":"product_tag-kaws","8":"desktop-align-left","9":"tablet-align-left","10":"mobile-align-left","12":"first","13":"outofstock","14":"shipping-taxable","15":"purchasable","16":"product-type-simple"},"_links":{"self":[{"href":"https:\/\/thefactoryconceptstore.com\/fr\/wp-json\/wp\/v2\/product\/9732","targetHints":{"allow":["GET"]}}],"collection":[{"href":"https:\/\/thefactoryconceptstore.com\/fr\/wp-json\/wp\/v2\/product"}],"about":[{"href":"https:\/\/thefactoryconceptstore.com\/fr\/wp-json\/wp\/v2\/types\/product"}],"version-history":[{"count":6,"href":"https:\/\/thefactoryconceptstore.com\/fr\/wp-json\/wp\/v2\/product\/9732\/revisions"}],"predecessor-version":[{"id":10975,"href":"https:\/\/thefactoryconceptstore.com\/fr\/wp-json\/wp\/v2\/product\/9732\/revisions\/10975"}],"wp:featuredmedia":[{"embeddable":true,"href":"https:\/\/thefactoryconceptstore.com\/fr\/wp-json\/wp\/v2\/media\/9733"}],"wp:attachment":[{"href":"https:\/\/thefactoryconceptstore.com\/fr\/wp-json\/wp\/v2\/media?parent=9732"}],"wp:term":[{"taxonomy":"product_brand","embeddable":true,"href":"https:\/\/thefactoryconceptstore.com\/fr\/wp-json\/wp\/v2\/product_brand?post=9732"},{"taxonomy":"product_cat","embeddable":true,"href":"https:\/\/thefactoryconceptstore.com\/fr\/wp-json\/wp\/v2\/product_cat?post=9732"},{"taxonomy":"product_tag","embeddable":true,"href":"https:\/\/thefactoryconceptstore.com\/fr\/wp-json\/wp\/v2\/product_tag?post=9732"}],"curies":[{"name":"wp","href":"https:\/\/api.w.org\/{rel}","templated":true}]}}