{"id":9725,"date":"2023-05-22T09:14:23","date_gmt":"2023-05-22T07:14:23","guid":{"rendered":"https:\/\/thefactoryconceptstore.com\/?post_type=product&#038;p=9725"},"modified":"2023-06-11T11:00:11","modified_gmt":"2023-06-11T09:00:11","slug":"kaws-what-a-party-orange","status":"publish","type":"product","link":"https:\/\/thefactoryconceptstore.com\/fr\/products\/kaws-what-a-party-orange\/","title":{"rendered":"KAWS - What A Party ORANGE 2020"},"content":{"rendered":"<p>KAWS - What A Party ORANGE 2020<\/p>\n<p>Vendue Sculpture en vinyle peint de KAWS, What Party (Black) repr\u00e9sente Chum, l'un des \"jouets\" incontournables de l'artiste en version orange.<\/p>\n<p>Le personnage est librement inspir\u00e9 de Bibendum (connu de tous sous le nom de \"Bibendum\"), la mascotte de la soci\u00e9t\u00e9 de pneumatiques Michelin. La version de KAWS a les m\u00eames formes que \"Bib\", \u00e0 l'exception du visage, qui a les yeux en X et les os crois\u00e9s de Companion, le sujet le plus embl\u00e9matique de l'artiste.<\/p>\n<p>What Party (Orange) a \u00e9t\u00e9 r\u00e9alis\u00e9 en 2020, mesure 28,7\u00d713,5\u00d79,4 cm et est vendu dans son emballage d'origine. Elle fait partie d'une \u00e9dition \u00e9puis\u00e9e et non num\u00e9rot\u00e9e.<\/p>\n<p>Chum est apparu pour la premi\u00e8re fois il y a plus de 20 ans et n'avait \u00e0 l'origine que deux postures : l'une avec les mains sur les hanches et le torse bomb\u00e9, l'autre en pleine action de course. R\u00e9cemment, un nouveau look de Chum est apparu, avec les \u00e9paules affaiss\u00e9es, les bras pendants et la t\u00eate l\u00e9g\u00e8rement tourn\u00e9e vers le bas.<\/p>\n<p>La nouvelle version de Chum a \u00e9t\u00e9 r\u00e9alis\u00e9e pour KAWS WHAT PARTY, une exposition qui s'est tenue en 2021 (du 26 f\u00e9vrier au 5 septembre) au Brooklyn Museum.<\/p>\n<p>Le nouveau Chum, plus sobre et r\u00e9fl\u00e9chi, exprime l'esprit de notre temps et d\u00e9peint un monde boulevers\u00e9 par la crise sanitaire mondiale et l'instabilit\u00e9 socio-\u00e9conomique.<\/p>","protected":false},"excerpt":{"rendered":"<p>KAWS - What A Party ORANGE 2020 Sold Sculpture en vinyle peint de KAWS, What Party (Black) repr\u00e9sente Chum, l'un des \"jouets\" incontournables de l'artiste en version Orange. Le personnage est librement inspir\u00e9 de Bibendum (connu pour la plupart sous le nom de \"Bibendum\"), la mascotte de la soci\u00e9t\u00e9 de pneumatiques Michelin. La version de KAWS a les m\u00eames formes que \"Bib\", ...<\/p>\n<p class=\"read-more\"> <a class=\"\" href=\"https:\/\/thefactoryconceptstore.com\/fr\/products\/kaws-what-a-party-orange\/\"> <span class=\"screen-reader-text\">KAWS - What A Party ORANGE 2020<\/span> Lire la suite \"<\/a><\/p>","protected":false},"featured_media":9726,"template":"","meta":{"site-sidebar-layout":"default","site-content-layout":"default","ast-global-header-display":"","ast-banner-title-visibility":"","ast-main-header-display":"","ast-hfb-above-header-display":"","ast-hfb-below-header-display":"","ast-hfb-mobile-header-display":"","site-post-title":"","ast-breadcrumbs-content":"","ast-featured-img":"","footer-sml-layout":"","theme-transparent-header-meta":"default","adv-header-id-meta":"","stick-header-meta":"","header-above-stick-meta":"","header-main-stick-meta":"","header-below-stick-meta":""},"product_brand":[],"product_cat":[22],"product_tag":[],"class_list":{"0":"post-9725","1":"product","2":"type-product","3":"status-publish","4":"has-post-thumbnail","6":"product_cat-art-toys","7":"desktop-align-left","8":"tablet-align-left","9":"mobile-align-left","11":"first","12":"instock","13":"shipping-taxable","14":"purchasable","15":"product-type-simple"},"_links":{"self":[{"href":"https:\/\/thefactoryconceptstore.com\/fr\/wp-json\/wp\/v2\/product\/9725","targetHints":{"allow":["GET"]}}],"collection":[{"href":"https:\/\/thefactoryconceptstore.com\/fr\/wp-json\/wp\/v2\/product"}],"about":[{"href":"https:\/\/thefactoryconceptstore.com\/fr\/wp-json\/wp\/v2\/types\/product"}],"version-history":[{"count":5,"href":"https:\/\/thefactoryconceptstore.com\/fr\/wp-json\/wp\/v2\/product\/9725\/revisions"}],"predecessor-version":[{"id":10976,"href":"https:\/\/thefactoryconceptstore.com\/fr\/wp-json\/wp\/v2\/product\/9725\/revisions\/10976"}],"wp:featuredmedia":[{"embeddable":true,"href":"https:\/\/thefactoryconceptstore.com\/fr\/wp-json\/wp\/v2\/media\/9726"}],"wp:attachment":[{"href":"https:\/\/thefactoryconceptstore.com\/fr\/wp-json\/wp\/v2\/media?parent=9725"}],"wp:term":[{"taxonomy":"product_brand","embeddable":true,"href":"https:\/\/thefactoryconceptstore.com\/fr\/wp-json\/wp\/v2\/product_brand?post=9725"},{"taxonomy":"product_cat","embeddable":true,"href":"https:\/\/thefactoryconceptstore.com\/fr\/wp-json\/wp\/v2\/product_cat?post=9725"},{"taxonomy":"product_tag","embeddable":true,"href":"https:\/\/thefactoryconceptstore.com\/fr\/wp-json\/wp\/v2\/product_tag?post=9725"}],"curies":[{"name":"wp","href":"https:\/\/api.w.org\/{rel}","templated":true}]}}