{"id":9710,"date":"2023-05-22T09:01:06","date_gmt":"2023-05-22T07:01:06","guid":{"rendered":"https:\/\/thefactoryconceptstore.com\/?post_type=product&#038;p=9710"},"modified":"2024-12-03T17:08:46","modified_gmt":"2024-12-03T16:08:46","slug":"kaws-the-promise","status":"publish","type":"product","link":"https:\/\/thefactoryconceptstore.com\/fr\/products\/kaws-the-promise\/","title":{"rendered":"KAWS - The Promise Grey Edition 2022"},"content":{"rendered":"<p>KAWS - The Promise Grey Edition 2022<\/p>\n<p>Apr\u00e8s avoir d\u00e9voil\u00e9 son installation d'art public \"THE PROMISE\" dans les jardins Dadu du mus\u00e9e du Qatar, KAWS lance une nouvelle s\u00e9rie de figurines en vinyle et de posters pour les collectionneurs.<\/p>\n<p>Les figures grandioses qui se tiennent dans les jardins de Dadu sont repr\u00e9sent\u00e9es comme deux KAWS COMPANION en gris et semblent pr\u00e9senter des similitudes avec la \"FAMILLE\" Les figures de COMPAGNON qui voient la version la plus grande semblent passer une sph\u00e8re en forme de globe \u00e0 la version enfantine. La figure peut \u00eatre consid\u00e9r\u00e9e comme un \u00e9l\u00e9ment caract\u00e9ristique de Dadu, ce qui est tout \u00e0 fait appropri\u00e9 puisqu'il s'agit du mus\u00e9e des enfants du Qatar.<\/p>\n<p>Les fans peuvent d\u00e9sormais poss\u00e9der une r\u00e9plique de l'installation. Les figurines en vinyle sont disponibles en trois couleurs diff\u00e9rentes, \u00e0 savoir gris, marron et noir.<br \/>\nDans toutes les figures, le globe est le m\u00eame et se pr\u00e9sente sous la forme traditionnelle bleue et verte.<\/p>","protected":false},"excerpt":{"rendered":"<p>KAWS - The Promise Grey Edition 2022 Suite au d\u00e9voilement de son installation d'art public \"THE PROMISE\" au Qatar Museum's Dadu Gardens, KAWS lance une nouvelle s\u00e9rie de figurines en vinyle et de posters pour les collectionneurs. Les figures grandioses qui se tiennent dans les jardins Dadu sont repr\u00e9sent\u00e9es par deux figurines KAWS COMPANION en gris et semblent dessiner ...<\/p>\n<p class=\"read-more\"> <a class=\"\" href=\"https:\/\/thefactoryconceptstore.com\/fr\/products\/kaws-the-promise\/\"> <span class=\"screen-reader-text\">KAWS - The Promise Grey Edition 2022<\/span> Lire la suite \"<\/a><\/p>","protected":false},"featured_media":9711,"template":"","meta":{"site-sidebar-layout":"default","site-content-layout":"default","ast-global-header-display":"","ast-banner-title-visibility":"","ast-main-header-display":"","ast-hfb-above-header-display":"","ast-hfb-below-header-display":"","ast-hfb-mobile-header-display":"","site-post-title":"","ast-breadcrumbs-content":"","ast-featured-img":"","footer-sml-layout":"","theme-transparent-header-meta":"default","adv-header-id-meta":"","stick-header-meta":"","header-above-stick-meta":"","header-main-stick-meta":"","header-below-stick-meta":""},"product_brand":[],"product_cat":[22],"product_tag":[],"class_list":{"0":"post-9710","1":"product","2":"type-product","3":"status-publish","4":"has-post-thumbnail","6":"product_cat-art-toys","7":"desktop-align-left","8":"tablet-align-left","9":"mobile-align-left","11":"first","12":"instock","13":"shipping-taxable","14":"purchasable","15":"product-type-simple"},"_links":{"self":[{"href":"https:\/\/thefactoryconceptstore.com\/fr\/wp-json\/wp\/v2\/product\/9710","targetHints":{"allow":["GET"]}}],"collection":[{"href":"https:\/\/thefactoryconceptstore.com\/fr\/wp-json\/wp\/v2\/product"}],"about":[{"href":"https:\/\/thefactoryconceptstore.com\/fr\/wp-json\/wp\/v2\/types\/product"}],"version-history":[{"count":4,"href":"https:\/\/thefactoryconceptstore.com\/fr\/wp-json\/wp\/v2\/product\/9710\/revisions"}],"predecessor-version":[{"id":10978,"href":"https:\/\/thefactoryconceptstore.com\/fr\/wp-json\/wp\/v2\/product\/9710\/revisions\/10978"}],"wp:featuredmedia":[{"embeddable":true,"href":"https:\/\/thefactoryconceptstore.com\/fr\/wp-json\/wp\/v2\/media\/9711"}],"wp:attachment":[{"href":"https:\/\/thefactoryconceptstore.com\/fr\/wp-json\/wp\/v2\/media?parent=9710"}],"wp:term":[{"taxonomy":"product_brand","embeddable":true,"href":"https:\/\/thefactoryconceptstore.com\/fr\/wp-json\/wp\/v2\/product_brand?post=9710"},{"taxonomy":"product_cat","embeddable":true,"href":"https:\/\/thefactoryconceptstore.com\/fr\/wp-json\/wp\/v2\/product_cat?post=9710"},{"taxonomy":"product_tag","embeddable":true,"href":"https:\/\/thefactoryconceptstore.com\/fr\/wp-json\/wp\/v2\/product_tag?post=9710"}],"curies":[{"name":"wp","href":"https:\/\/api.w.org\/{rel}","templated":true}]}}