{"id":9679,"date":"2023-05-22T08:37:01","date_gmt":"2023-05-22T06:37:01","guid":{"rendered":"https:\/\/thefactoryconceptstore.com\/?post_type=product&#038;p=9679"},"modified":"2024-12-03T17:11:37","modified_gmt":"2024-12-03T16:11:37","slug":"medicom-toy-jean-michel-basquiat-pez-dinosaur","status":"publish","type":"product","link":"https:\/\/thefactoryconceptstore.com\/fr\/products\/medicom-toy-jean-michel-basquiat-pez-dinosaur\/","title":{"rendered":"Medicom Toy Jean-Michel Basquiat - Pez Dinosaur 2022"},"content":{"rendered":"<p>Il s'agit du VCD - Distributeur PEZ de Jean-Michel Basquiat (Dinosaure) par Medicom Toy 2022.<\/p>\n<p>Chef de file du mouvement underground \u00e0 New York dans les ann\u00e9es 80, Jean-Michel Basquiat est un artiste qui influence plus que jamais la culture artistique contemporaine. Ses peintures et dessins, critiques sociales par excellence, r\u00e9sonnent toujours \u00e0 travers leurs sujets. Pez Dispenser est une \u0153uvre d'art cr\u00e9\u00e9e en 1984 par Jean-Michel Basquiat (1960-1988).<\/p>\n<p>Apr\u00e8s avoir livr\u00e9 plusieurs Bearbricks en solo ou en collaboration avec Andy Warhol, Medicom Toy travaille maintenant sur une autre \u0153uvre de l'artiste : le Pez Dispenser Dinosaur.<\/p>\n<p>Cette VCD (vinyl collectible dolls) de 25 cm de haut reprend ce dinosaure noir, rouge et blanc, sans oublier la petite touche de Basquiat : la couronne.<\/p>","protected":false},"excerpt":{"rendered":"<p>Ceci est le VCD - PEZ Dispenser by Jean-Michel Basquiat (Dinosaur) by Medicom Toy 2022 Leader du mouvement underground \u00e0 New York dans les ann\u00e9es 80, Jean-Michel Basquiat est un artiste qui influence plus que jamais la culture artistique contemporaine. Ses peintures et dessins, critiques sociales par excellence, r\u00e9sonnent toujours \u00e0 travers leurs sujets. Pez Dispenser est une oeuvre d'art ...<\/p>\n<p class=\"read-more\"> <a class=\"\" href=\"https:\/\/thefactoryconceptstore.com\/fr\/products\/medicom-toy-jean-michel-basquiat-pez-dinosaur\/\"> <span class=\"screen-reader-text\">Medicom Toy Jean-Michel Basquiat - Pez Dinosaur 2022<\/span> Lire la suite \"<\/a><\/p>","protected":false},"featured_media":9686,"template":"","meta":{"site-sidebar-layout":"default","site-content-layout":"default","ast-global-header-display":"","ast-banner-title-visibility":"","ast-main-header-display":"","ast-hfb-above-header-display":"","ast-hfb-below-header-display":"","ast-hfb-mobile-header-display":"","site-post-title":"","ast-breadcrumbs-content":"","ast-featured-img":"","footer-sml-layout":"","theme-transparent-header-meta":"default","adv-header-id-meta":"","stick-header-meta":"","header-above-stick-meta":"","header-main-stick-meta":"","header-below-stick-meta":""},"product_brand":[],"product_cat":[22],"product_tag":[],"class_list":{"0":"post-9679","1":"product","2":"type-product","3":"status-publish","4":"has-post-thumbnail","6":"product_cat-art-toys","7":"desktop-align-left","8":"tablet-align-left","9":"mobile-align-left","11":"first","12":"outofstock","13":"shipping-taxable","14":"purchasable","15":"product-type-simple"},"_links":{"self":[{"href":"https:\/\/thefactoryconceptstore.com\/fr\/wp-json\/wp\/v2\/product\/9679","targetHints":{"allow":["GET"]}}],"collection":[{"href":"https:\/\/thefactoryconceptstore.com\/fr\/wp-json\/wp\/v2\/product"}],"about":[{"href":"https:\/\/thefactoryconceptstore.com\/fr\/wp-json\/wp\/v2\/types\/product"}],"version-history":[{"count":5,"href":"https:\/\/thefactoryconceptstore.com\/fr\/wp-json\/wp\/v2\/product\/9679\/revisions"}],"predecessor-version":[{"id":11018,"href":"https:\/\/thefactoryconceptstore.com\/fr\/wp-json\/wp\/v2\/product\/9679\/revisions\/11018"}],"wp:featuredmedia":[{"embeddable":true,"href":"https:\/\/thefactoryconceptstore.com\/fr\/wp-json\/wp\/v2\/media\/9686"}],"wp:attachment":[{"href":"https:\/\/thefactoryconceptstore.com\/fr\/wp-json\/wp\/v2\/media?parent=9679"}],"wp:term":[{"taxonomy":"product_brand","embeddable":true,"href":"https:\/\/thefactoryconceptstore.com\/fr\/wp-json\/wp\/v2\/product_brand?post=9679"},{"taxonomy":"product_cat","embeddable":true,"href":"https:\/\/thefactoryconceptstore.com\/fr\/wp-json\/wp\/v2\/product_cat?post=9679"},{"taxonomy":"product_tag","embeddable":true,"href":"https:\/\/thefactoryconceptstore.com\/fr\/wp-json\/wp\/v2\/product_tag?post=9679"}],"curies":[{"name":"wp","href":"https:\/\/api.w.org\/{rel}","templated":true}]}}