{"id":9498,"date":"2023-05-21T16:29:35","date_gmt":"2023-05-21T14:29:35","guid":{"rendered":"https:\/\/thefactoryconceptstore.com\/?post_type=product&#038;p=9498"},"modified":"2023-05-28T21:05:19","modified_gmt":"2023-05-28T19:05:19","slug":"alex-simone-bleu-mandarine-gift-box","status":"publish","type":"product","link":"https:\/\/thefactoryconceptstore.com\/fr\/products\/alex-simone-bleu-mandarine-gift-box\/","title":{"rendered":"Alex Simone \"Bleu Mandarine\" Bo\u00eete cadeau"},"content":{"rendered":"<p class=\"p1\"><strong>LA MANDARINE DANS TOUS SES \u00c9TATS - LA MANDARINE<\/strong><\/p>\n<div class=\"page\" title=\"Page 6\">\n<div class=\"section\">\n<div class=\"layoutArea\">\n<div class=\"column\">\n<div class=\"page\" title=\"Page 6\">\n<div class=\"section\">\n<div class=\"layoutArea\">\n<div class=\"column\">\n<p>Le diffuseur de parfum BLEU MANDARINE et sa bougie parfum\u00e9e associ\u00e9e, enchanteront votre int\u00e9rieur avec la pulpe juteuse et acidul\u00e9e du fruit de la mandarine.<br \/>\nDonnez \u00e0 votre int\u00e9rieur une touche de C\u00f4te d'Azur, avec une atmosph\u00e8re d\u00e9licieusement fruit\u00e9e et citronn\u00e9e.<\/p>\n<p>Le coffret cadeau contient 1 bougie parfum\u00e9e 250g + 1 diffuseur Reed 250ml \u00e0 50% de r\u00e9duction.<\/p>\n<p>Par Alex Simone.<\/p>\n<\/div>\n<\/div>\n<\/div>\n<\/div>\n<\/div>\n<\/div>\n<\/div>\n<\/div>","protected":false},"excerpt":{"rendered":"<p>LA TANGERINE DANS TOUS SES \u00c9TATS - MANDARINE Le diffuseur de parfum BLEU MANDARINE et sa bougie parfum\u00e9e associ\u00e9e, enchanteront votre int\u00e9rieur avec la pulpe juteuse et acidul\u00e9e de la mandarine. Donnez \u00e0 votre int\u00e9rieur une touche de C\u00f4te d'Azur, avec une atmosph\u00e8re d\u00e9licieusement fruit\u00e9e et citronn\u00e9e. Le coffret contient 1 Bougie parfum\u00e9e 250g + 1 Diffuseur roseau 250ml \u00e0 50% de r\u00e9duction. Par Alex ...<\/p>\n<p class=\"read-more\"> <a class=\"\" href=\"https:\/\/thefactoryconceptstore.com\/fr\/products\/alex-simone-bleu-mandarine-gift-box\/\"> <span class=\"screen-reader-text\">Alex Simone \"Bleu Mandarine\" Bo\u00eete cadeau<\/span> Lire la suite \"<\/a><\/p>","protected":false},"featured_media":8765,"template":"","meta":{"site-sidebar-layout":"default","site-content-layout":"default","ast-global-header-display":"","ast-banner-title-visibility":"","ast-main-header-display":"","ast-hfb-above-header-display":"","ast-hfb-below-header-display":"","ast-hfb-mobile-header-display":"","site-post-title":"","ast-breadcrumbs-content":"","ast-featured-img":"","footer-sml-layout":"","theme-transparent-header-meta":"default","adv-header-id-meta":"","stick-header-meta":"","header-above-stick-meta":"","header-main-stick-meta":"","header-below-stick-meta":""},"product_brand":[],"product_cat":[55,52],"product_tag":[],"class_list":{"0":"post-9498","1":"product","2":"type-product","3":"status-publish","4":"has-post-thumbnail","6":"product_cat-candles-fragance","7":"product_cat-home-and-design","8":"desktop-align-left","9":"tablet-align-left","10":"mobile-align-left","12":"first","13":"instock","14":"shipping-taxable","15":"purchasable","16":"product-type-simple"},"_links":{"self":[{"href":"https:\/\/thefactoryconceptstore.com\/fr\/wp-json\/wp\/v2\/product\/9498","targetHints":{"allow":["GET"]}}],"collection":[{"href":"https:\/\/thefactoryconceptstore.com\/fr\/wp-json\/wp\/v2\/product"}],"about":[{"href":"https:\/\/thefactoryconceptstore.com\/fr\/wp-json\/wp\/v2\/types\/product"}],"version-history":[{"count":1,"href":"https:\/\/thefactoryconceptstore.com\/fr\/wp-json\/wp\/v2\/product\/9498\/revisions"}],"predecessor-version":[{"id":9499,"href":"https:\/\/thefactoryconceptstore.com\/fr\/wp-json\/wp\/v2\/product\/9498\/revisions\/9499"}],"wp:featuredmedia":[{"embeddable":true,"href":"https:\/\/thefactoryconceptstore.com\/fr\/wp-json\/wp\/v2\/media\/8765"}],"wp:attachment":[{"href":"https:\/\/thefactoryconceptstore.com\/fr\/wp-json\/wp\/v2\/media?parent=9498"}],"wp:term":[{"taxonomy":"product_brand","embeddable":true,"href":"https:\/\/thefactoryconceptstore.com\/fr\/wp-json\/wp\/v2\/product_brand?post=9498"},{"taxonomy":"product_cat","embeddable":true,"href":"https:\/\/thefactoryconceptstore.com\/fr\/wp-json\/wp\/v2\/product_cat?post=9498"},{"taxonomy":"product_tag","embeddable":true,"href":"https:\/\/thefactoryconceptstore.com\/fr\/wp-json\/wp\/v2\/product_tag?post=9498"}],"curies":[{"name":"wp","href":"https:\/\/api.w.org\/{rel}","templated":true}]}}