{"id":9495,"date":"2023-05-21T16:26:39","date_gmt":"2023-05-21T14:26:39","guid":{"rendered":"https:\/\/thefactoryconceptstore.com\/?post_type=product&#038;p=9495"},"modified":"2023-05-28T21:05:46","modified_gmt":"2023-05-28T19:05:46","slug":"alex-simone-bleu-mandarine-scented-candle","status":"publish","type":"product","link":"https:\/\/thefactoryconceptstore.com\/fr\/products\/alex-simone-bleu-mandarine-scented-candle\/","title":{"rendered":"Bougie parfum\u00e9e \"Bleu Mandarine\" Alex Simone"},"content":{"rendered":"<p>La bougie parfum\u00e9e BLEU MANDARINE enchantera votre int\u00e9rieur avec la pulpe juteuse et acidul\u00e9e du fruit de la mandarine.<br \/>\nDonnez \u00e0 votre int\u00e9rieur une touche de C\u00f4te d'Azur, avec une atmosph\u00e8re d\u00e9licieusement fruit\u00e9e et citronn\u00e9e.<\/p>\n<p>Superposez les senteurs de la collection \"La mandarine dans tous ses \u00e9tats\" et laissez-vous transporter \u00e0 l'ombre du mandarinier.<\/p>\n<p>Par Alex Simone<\/p>","protected":false},"excerpt":{"rendered":"<p>La bougie parfum\u00e9e BLEU MANDARINE enchantera votre int\u00e9rieur avec la pulpe juteuse et acidul\u00e9e de la mandarine. Donnez \u00e0 votre int\u00e9rieur une touche de C\u00f4te d'Azur, avec une atmosph\u00e8re d\u00e9licieusement fruit\u00e9e et hesp\u00e9rid\u00e9e. Superposez les senteurs de la collection \"La mandarine dans tous ses \u00e9tats\" et laissez-vous transporter \u00e0 l'ombre du mandarinier. Par Alex Simone<\/p>","protected":false},"featured_media":8772,"template":"","meta":{"site-sidebar-layout":"default","site-content-layout":"default","ast-global-header-display":"","ast-banner-title-visibility":"","ast-main-header-display":"","ast-hfb-above-header-display":"","ast-hfb-below-header-display":"","ast-hfb-mobile-header-display":"","site-post-title":"","ast-breadcrumbs-content":"","ast-featured-img":"","footer-sml-layout":"","theme-transparent-header-meta":"default","adv-header-id-meta":"","stick-header-meta":"","header-above-stick-meta":"","header-main-stick-meta":"","header-below-stick-meta":""},"product_brand":[],"product_cat":[55,52],"product_tag":[],"class_list":{"0":"post-9495","1":"product","2":"type-product","3":"status-publish","4":"has-post-thumbnail","6":"product_cat-candles-fragance","7":"product_cat-home-and-design","8":"desktop-align-left","9":"tablet-align-left","10":"mobile-align-left","12":"first","13":"instock","14":"shipping-taxable","15":"purchasable","16":"product-type-simple"},"_links":{"self":[{"href":"https:\/\/thefactoryconceptstore.com\/fr\/wp-json\/wp\/v2\/product\/9495","targetHints":{"allow":["GET"]}}],"collection":[{"href":"https:\/\/thefactoryconceptstore.com\/fr\/wp-json\/wp\/v2\/product"}],"about":[{"href":"https:\/\/thefactoryconceptstore.com\/fr\/wp-json\/wp\/v2\/types\/product"}],"version-history":[{"count":2,"href":"https:\/\/thefactoryconceptstore.com\/fr\/wp-json\/wp\/v2\/product\/9495\/revisions"}],"predecessor-version":[{"id":9497,"href":"https:\/\/thefactoryconceptstore.com\/fr\/wp-json\/wp\/v2\/product\/9495\/revisions\/9497"}],"wp:featuredmedia":[{"embeddable":true,"href":"https:\/\/thefactoryconceptstore.com\/fr\/wp-json\/wp\/v2\/media\/8772"}],"wp:attachment":[{"href":"https:\/\/thefactoryconceptstore.com\/fr\/wp-json\/wp\/v2\/media?parent=9495"}],"wp:term":[{"taxonomy":"product_brand","embeddable":true,"href":"https:\/\/thefactoryconceptstore.com\/fr\/wp-json\/wp\/v2\/product_brand?post=9495"},{"taxonomy":"product_cat","embeddable":true,"href":"https:\/\/thefactoryconceptstore.com\/fr\/wp-json\/wp\/v2\/product_cat?post=9495"},{"taxonomy":"product_tag","embeddable":true,"href":"https:\/\/thefactoryconceptstore.com\/fr\/wp-json\/wp\/v2\/product_tag?post=9495"}],"curies":[{"name":"wp","href":"https:\/\/api.w.org\/{rel}","templated":true}]}}