{"id":9493,"date":"2023-05-21T16:24:10","date_gmt":"2023-05-21T14:24:10","guid":{"rendered":"https:\/\/thefactoryconceptstore.com\/?post_type=product&#038;p=9493"},"modified":"2024-02-13T21:37:44","modified_gmt":"2024-02-13T20:37:44","slug":"daniel-arsham-ikea-clock","status":"publish","type":"product","link":"https:\/\/thefactoryconceptstore.com\/fr\/products\/daniel-arsham-ikea-clock\/","title":{"rendered":"DANIEL ARSHAM HORLOGE IKEA"},"content":{"rendered":"<p>Apr\u00e8s sa collaboration avec Virgil Abloh, IKEA a fait appel \u00e0 plusieurs artistes pour le prochain volet de sa collection ART EVENT. Celle-ci vise \u00e0 rendre le mobilier contemporain accessible \u00e0 tous.<\/p>\n<p>Cr\u00e9\u00e9e par Daniel Arsham, un c\u00e9l\u00e8bre artiste contemporain new-yorkais, cette horloge semble \u00eatre en mouvement perp\u00e9tuel et voler dans le temps tout en \u00e9tant envelopp\u00e9e dans un drap blanc. Le temps est un th\u00e8me que l'on retrouve souvent dans les \u0153uvres de Daniel Arsham.<\/p>","protected":false},"excerpt":{"rendered":"<p>Apr\u00e8s sa collaboration avec Virgil Abloh, IKEA a fait appel \u00e0 plusieurs artistes pour le prochain volet de sa collection ART EVENT. Celle-ci vise \u00e0 rendre le mobilier contemporain accessible \u00e0 tous. Cr\u00e9\u00e9e par Daniel Arsham, c\u00e9l\u00e8bre artiste contemporain new-yorkais, cette horloge semble \u00eatre en mouvement perp\u00e9tuel et voler dans le temps tout en \u00e9tant envelopp\u00e9e ...<\/p>\n<p class=\"read-more\"> <a class=\"\" href=\"https:\/\/thefactoryconceptstore.com\/fr\/products\/daniel-arsham-ikea-clock\/\"> <span class=\"screen-reader-text\">DANIEL ARSHAM HORLOGE IKEA<\/span> Lire la suite \"<\/a><\/p>","protected":false},"featured_media":8511,"template":"","meta":{"site-sidebar-layout":"default","site-content-layout":"default","ast-global-header-display":"","ast-banner-title-visibility":"","ast-main-header-display":"","ast-hfb-above-header-display":"","ast-hfb-below-header-display":"","ast-hfb-mobile-header-display":"","site-post-title":"","ast-breadcrumbs-content":"","ast-featured-img":"","footer-sml-layout":"","theme-transparent-header-meta":"default","adv-header-id-meta":"","stick-header-meta":"","header-above-stick-meta":"","header-main-stick-meta":"","header-below-stick-meta":""},"product_brand":[],"product_cat":[24],"product_tag":[],"class_list":{"0":"post-9493","1":"product","2":"type-product","3":"status-publish","4":"has-post-thumbnail","6":"product_cat-limited-edition","7":"desktop-align-left","8":"tablet-align-left","9":"mobile-align-left","11":"first","12":"outofstock","13":"shipping-taxable","14":"purchasable","15":"product-type-simple"},"_links":{"self":[{"href":"https:\/\/thefactoryconceptstore.com\/fr\/wp-json\/wp\/v2\/product\/9493","targetHints":{"allow":["GET"]}}],"collection":[{"href":"https:\/\/thefactoryconceptstore.com\/fr\/wp-json\/wp\/v2\/product"}],"about":[{"href":"https:\/\/thefactoryconceptstore.com\/fr\/wp-json\/wp\/v2\/types\/product"}],"version-history":[{"count":1,"href":"https:\/\/thefactoryconceptstore.com\/fr\/wp-json\/wp\/v2\/product\/9493\/revisions"}],"predecessor-version":[{"id":9494,"href":"https:\/\/thefactoryconceptstore.com\/fr\/wp-json\/wp\/v2\/product\/9493\/revisions\/9494"}],"wp:featuredmedia":[{"embeddable":true,"href":"https:\/\/thefactoryconceptstore.com\/fr\/wp-json\/wp\/v2\/media\/8511"}],"wp:attachment":[{"href":"https:\/\/thefactoryconceptstore.com\/fr\/wp-json\/wp\/v2\/media?parent=9493"}],"wp:term":[{"taxonomy":"product_brand","embeddable":true,"href":"https:\/\/thefactoryconceptstore.com\/fr\/wp-json\/wp\/v2\/product_brand?post=9493"},{"taxonomy":"product_cat","embeddable":true,"href":"https:\/\/thefactoryconceptstore.com\/fr\/wp-json\/wp\/v2\/product_cat?post=9493"},{"taxonomy":"product_tag","embeddable":true,"href":"https:\/\/thefactoryconceptstore.com\/fr\/wp-json\/wp\/v2\/product_tag?post=9493"}],"curies":[{"name":"wp","href":"https:\/\/api.w.org\/{rel}","templated":true}]}}