{"id":9229,"date":"2023-05-17T12:46:18","date_gmt":"2023-05-17T10:46:18","guid":{"rendered":"https:\/\/thefactoryconceptstore.com\/?post_type=product&#038;p=9229"},"modified":"2024-12-03T17:09:26","modified_gmt":"2024-12-03T16:09:26","slug":"bearbrick-pink-panther-chrome-400-100","status":"publish","type":"product","link":"https:\/\/thefactoryconceptstore.com\/fr\/products\/bearbrick-pink-panther-chrome-400-100\/","title":{"rendered":"BE@RBRICK PINK PANTHER CHROME 400% 100% 2022"},"content":{"rendered":"<p>Be@rbrick Pink Panther chrom\u00e9 400% 100% 2022<\/p>\n<p>La farce classique rencontre Be@rbrick, mais cette fois avec une nouvelle finition chrom\u00e9e !<\/p>\n<p>Medicom Toy nous plonge en plein dans la nostalgie avec cette version de Pink Panther r\u00e9imagin\u00e9e sous la forme iconique de BE@RBRICK avec les figurines 100% et 400% mesurant respectivement 7 cm et 28 cm avec un aspect brillant qui les fera ressortir dans n'importe quelle collection.<\/p>\n<p>Medicom Toy utilise la technologie du transfert d'eau pour garantir un placement unique de l'impression sur chaque Be@rbrick. Cela signifie que chaque Be@rbrick sera sp\u00e9ciale et unique.<\/p>","protected":false},"excerpt":{"rendered":"<p>Be@rbrick Pink Panther chrom\u00e9 400% 100% 2022 Le c\u00e9l\u00e8bre farceur rencontre Be@rbrick, mais cette fois avec une nouvelle finition chrom\u00e9e ! Medicom Toy nous plonge en pleine nostalgie avec cette version de Pink Panther r\u00e9imagin\u00e9e sous la forme iconique de BE@RBRICK avec les figurines 100% et 400% mesurant respectivement 7cm et 28 cm avec un aspect brillant ...<\/p>\n<p class=\"read-more\"> <a class=\"\" href=\"https:\/\/thefactoryconceptstore.com\/fr\/products\/bearbrick-pink-panther-chrome-400-100\/\"> <span class=\"screen-reader-text\">BE@RBRICK PINK PANTHER CHROME 400% 100% 2022<\/span> Lire la suite \"<\/a><\/p>","protected":false},"featured_media":9230,"template":"","meta":{"site-sidebar-layout":"default","site-content-layout":"default","ast-global-header-display":"","ast-banner-title-visibility":"","ast-main-header-display":"","ast-hfb-above-header-display":"","ast-hfb-below-header-display":"","ast-hfb-mobile-header-display":"","site-post-title":"","ast-breadcrumbs-content":"","ast-featured-img":"","footer-sml-layout":"","theme-transparent-header-meta":"default","adv-header-id-meta":"","stick-header-meta":"","header-above-stick-meta":"","header-main-stick-meta":"","header-below-stick-meta":""},"product_brand":[],"product_cat":[33],"product_tag":[],"class_list":{"0":"post-9229","1":"product","2":"type-product","3":"status-publish","4":"has-post-thumbnail","6":"product_cat-bearbrick","7":"desktop-align-left","8":"tablet-align-left","9":"mobile-align-left","11":"first","12":"outofstock","13":"shipping-taxable","14":"purchasable","15":"product-type-simple"},"_links":{"self":[{"href":"https:\/\/thefactoryconceptstore.com\/fr\/wp-json\/wp\/v2\/product\/9229","targetHints":{"allow":["GET"]}}],"collection":[{"href":"https:\/\/thefactoryconceptstore.com\/fr\/wp-json\/wp\/v2\/product"}],"about":[{"href":"https:\/\/thefactoryconceptstore.com\/fr\/wp-json\/wp\/v2\/types\/product"}],"version-history":[{"count":6,"href":"https:\/\/thefactoryconceptstore.com\/fr\/wp-json\/wp\/v2\/product\/9229\/revisions"}],"predecessor-version":[{"id":10981,"href":"https:\/\/thefactoryconceptstore.com\/fr\/wp-json\/wp\/v2\/product\/9229\/revisions\/10981"}],"wp:featuredmedia":[{"embeddable":true,"href":"https:\/\/thefactoryconceptstore.com\/fr\/wp-json\/wp\/v2\/media\/9230"}],"wp:attachment":[{"href":"https:\/\/thefactoryconceptstore.com\/fr\/wp-json\/wp\/v2\/media?parent=9229"}],"wp:term":[{"taxonomy":"product_brand","embeddable":true,"href":"https:\/\/thefactoryconceptstore.com\/fr\/wp-json\/wp\/v2\/product_brand?post=9229"},{"taxonomy":"product_cat","embeddable":true,"href":"https:\/\/thefactoryconceptstore.com\/fr\/wp-json\/wp\/v2\/product_cat?post=9229"},{"taxonomy":"product_tag","embeddable":true,"href":"https:\/\/thefactoryconceptstore.com\/fr\/wp-json\/wp\/v2\/product_tag?post=9229"}],"curies":[{"name":"wp","href":"https:\/\/api.w.org\/{rel}","templated":true}]}}