{"id":9223,"date":"2023-05-17T12:41:50","date_gmt":"2023-05-17T10:41:50","guid":{"rendered":"https:\/\/thefactoryconceptstore.com\/?post_type=product&#038;p=9223"},"modified":"2023-06-11T21:03:11","modified_gmt":"2023-06-11T19:03:11","slug":"bearbrick-mickey-mouse-the-band-concert-400-100","status":"publish","type":"product","link":"https:\/\/thefactoryconceptstore.com\/fr\/products\/bearbrick-mickey-mouse-the-band-concert-400-100\/","title":{"rendered":"BE@RBRICK MICKEY MOUSE THE BAND CONCERT 400% 100% 2023"},"content":{"rendered":"<p>Medicom Toy's BE@RBRICK honore Mickey Mouse dans une version 400% 100% The Band Concert 2023<\/p>\n<p>Cette fois, la marque propose aux fans de Disney une nouvelle version du personnage bien-aim\u00e9 de Mickey Mouse, inspir\u00e9e du court-m\u00e9trage de Walt Disney de 1935 intitul\u00e9 The Band Concert !<\/p>\n<p>Ces figurines 100% et 400% mesurent respectivement 7 cm et 28 cm et repr\u00e9sentent Mickey dans sa tenue de chef d'orchestre avec son chapeau imprim\u00e9 sur une oreille !<\/p>\n<p>Medicom Toy utilise la technologie du transfert d'eau pour garantir un placement unique de l'impression sur chaque Be@rbrick. Cela signifie que chaque Be@rbrick sera sp\u00e9ciale et unique.<\/p>","protected":false},"excerpt":{"rendered":"<p>Medicom Toy's BE@RBRICK rend hommage \u00e0 Mickey Mouse en 400% 100% The Band Concert version 2023 Cette fois, la marque apporte aux fans de Disney une nouvelle version du personnage bien-aim\u00e9 Mickey Mouse bas\u00e9e sur son look dans le court-m\u00e9trage de 1935 de Walt Disney The Band Concert ! Ces figurines 100% et 400% mesurent 7 cm et ...<\/p>\n<p class=\"read-more\"> <a class=\"\" href=\"https:\/\/thefactoryconceptstore.com\/fr\/products\/bearbrick-mickey-mouse-the-band-concert-400-100\/\"> <span class=\"screen-reader-text\">BE@RBRICK MICKEY MOUSE THE BAND CONCERT 400% 100% 2023<\/span> Lire la suite \"<\/a><\/p>","protected":false},"featured_media":9224,"template":"","meta":{"site-sidebar-layout":"default","site-content-layout":"default","ast-global-header-display":"","ast-banner-title-visibility":"","ast-main-header-display":"","ast-hfb-above-header-display":"","ast-hfb-below-header-display":"","ast-hfb-mobile-header-display":"","site-post-title":"","ast-breadcrumbs-content":"","ast-featured-img":"","footer-sml-layout":"","theme-transparent-header-meta":"default","adv-header-id-meta":"","stick-header-meta":"","header-above-stick-meta":"","header-main-stick-meta":"","header-below-stick-meta":""},"product_brand":[],"product_cat":[33],"product_tag":[],"class_list":{"0":"post-9223","1":"product","2":"type-product","3":"status-publish","4":"has-post-thumbnail","6":"product_cat-bearbrick","7":"desktop-align-left","8":"tablet-align-left","9":"mobile-align-left","11":"first","12":"instock","13":"shipping-taxable","14":"purchasable","15":"product-type-simple"},"_links":{"self":[{"href":"https:\/\/thefactoryconceptstore.com\/fr\/wp-json\/wp\/v2\/product\/9223","targetHints":{"allow":["GET"]}}],"collection":[{"href":"https:\/\/thefactoryconceptstore.com\/fr\/wp-json\/wp\/v2\/product"}],"about":[{"href":"https:\/\/thefactoryconceptstore.com\/fr\/wp-json\/wp\/v2\/types\/product"}],"version-history":[{"count":6,"href":"https:\/\/thefactoryconceptstore.com\/fr\/wp-json\/wp\/v2\/product\/9223\/revisions"}],"predecessor-version":[{"id":10983,"href":"https:\/\/thefactoryconceptstore.com\/fr\/wp-json\/wp\/v2\/product\/9223\/revisions\/10983"}],"wp:featuredmedia":[{"embeddable":true,"href":"https:\/\/thefactoryconceptstore.com\/fr\/wp-json\/wp\/v2\/media\/9224"}],"wp:attachment":[{"href":"https:\/\/thefactoryconceptstore.com\/fr\/wp-json\/wp\/v2\/media?parent=9223"}],"wp:term":[{"taxonomy":"product_brand","embeddable":true,"href":"https:\/\/thefactoryconceptstore.com\/fr\/wp-json\/wp\/v2\/product_brand?post=9223"},{"taxonomy":"product_cat","embeddable":true,"href":"https:\/\/thefactoryconceptstore.com\/fr\/wp-json\/wp\/v2\/product_cat?post=9223"},{"taxonomy":"product_tag","embeddable":true,"href":"https:\/\/thefactoryconceptstore.com\/fr\/wp-json\/wp\/v2\/product_tag?post=9223"}],"curies":[{"name":"wp","href":"https:\/\/api.w.org\/{rel}","templated":true}]}}