{"id":9217,"date":"2023-05-17T12:32:23","date_gmt":"2023-05-17T10:32:23","guid":{"rendered":"https:\/\/thefactoryconceptstore.com\/?post_type=product&#038;p=9217"},"modified":"2024-12-03T17:09:47","modified_gmt":"2024-12-03T16:09:47","slug":"bearbrick-keith-haring-v3-400-100","status":"publish","type":"product","link":"https:\/\/thefactoryconceptstore.com\/fr\/products\/bearbrick-keith-haring-v3-400-100\/","title":{"rendered":"BE@RBRICK KEITH HARING V2 400% 100% 2018"},"content":{"rendered":"<p>Keith Haring x Be@rbrick x Keith Haring V 2 400% 100% 2018<\/p>\n<p>Medicom Toy propose ce set de 100% &amp; 400% Be@rbrick avec un motif de l'\u0153uvre d'art du c\u00e9l\u00e8bre artiste et activiste social am\u00e9ricain Keith Haring. Il s'agit de la deuxi\u00e8me Be@rbrick Keith Haring \u00e0 sortir.<\/p>\n<p>Les couleurs sont parfaitement assorties et sa signature est imprim\u00e9e au dos. Elles mesurent 7 cm et 28 cm. Faites-en un ajout unique \u00e0 votre collection d'art ou de Be@rbrick.<\/p>\n<p>Medicom Toy utilise la technologie du transfert d'eau pour garantir un placement unique de l'impression sur chaque Be@rbrick. Cela signifie que chaque Be@rbrick sera sp\u00e9ciale et unique.<\/p>","protected":false},"excerpt":{"rendered":"<p>Keith Haring x Be@rbrick x Keith Haring V 2 400% 100% 2018 Medicom Toy propose ce set de 100% &amp; 400% Be@rbrick avec un motif all-over d'une \u0153uvre d'art du c\u00e9l\u00e8bre artiste am\u00e9ricain et activiste social, Keith Haring. Il s'agit de la deuxi\u00e8me Be@rbrick Keith Haring \u00e0 sortir. Les couleurs sont parfaitement assorties et ...<\/p>\n<p class=\"read-more\"> <a class=\"\" href=\"https:\/\/thefactoryconceptstore.com\/fr\/products\/bearbrick-keith-haring-v3-400-100\/\"> <span class=\"screen-reader-text\">BE@RBRICK KEITH HARING V2 400% 100% 2018<\/span> Lire la suite \"<\/a><\/p>","protected":false},"featured_media":9218,"template":"","meta":{"site-sidebar-layout":"default","site-content-layout":"default","ast-global-header-display":"","ast-banner-title-visibility":"","ast-main-header-display":"","ast-hfb-above-header-display":"","ast-hfb-below-header-display":"","ast-hfb-mobile-header-display":"","site-post-title":"","ast-breadcrumbs-content":"","ast-featured-img":"","footer-sml-layout":"","theme-transparent-header-meta":"default","adv-header-id-meta":"","stick-header-meta":"","header-above-stick-meta":"","header-main-stick-meta":"","header-below-stick-meta":""},"product_brand":[],"product_cat":[33],"product_tag":[],"class_list":{"0":"post-9217","1":"product","2":"type-product","3":"status-publish","4":"has-post-thumbnail","6":"product_cat-bearbrick","7":"desktop-align-left","8":"tablet-align-left","9":"mobile-align-left","11":"first","12":"instock","13":"shipping-taxable","14":"purchasable","15":"product-type-simple"},"_links":{"self":[{"href":"https:\/\/thefactoryconceptstore.com\/fr\/wp-json\/wp\/v2\/product\/9217","targetHints":{"allow":["GET"]}}],"collection":[{"href":"https:\/\/thefactoryconceptstore.com\/fr\/wp-json\/wp\/v2\/product"}],"about":[{"href":"https:\/\/thefactoryconceptstore.com\/fr\/wp-json\/wp\/v2\/types\/product"}],"version-history":[{"count":6,"href":"https:\/\/thefactoryconceptstore.com\/fr\/wp-json\/wp\/v2\/product\/9217\/revisions"}],"predecessor-version":[{"id":10985,"href":"https:\/\/thefactoryconceptstore.com\/fr\/wp-json\/wp\/v2\/product\/9217\/revisions\/10985"}],"wp:featuredmedia":[{"embeddable":true,"href":"https:\/\/thefactoryconceptstore.com\/fr\/wp-json\/wp\/v2\/media\/9218"}],"wp:attachment":[{"href":"https:\/\/thefactoryconceptstore.com\/fr\/wp-json\/wp\/v2\/media?parent=9217"}],"wp:term":[{"taxonomy":"product_brand","embeddable":true,"href":"https:\/\/thefactoryconceptstore.com\/fr\/wp-json\/wp\/v2\/product_brand?post=9217"},{"taxonomy":"product_cat","embeddable":true,"href":"https:\/\/thefactoryconceptstore.com\/fr\/wp-json\/wp\/v2\/product_cat?post=9217"},{"taxonomy":"product_tag","embeddable":true,"href":"https:\/\/thefactoryconceptstore.com\/fr\/wp-json\/wp\/v2\/product_tag?post=9217"}],"curies":[{"name":"wp","href":"https:\/\/api.w.org\/{rel}","templated":true}]}}