{"id":9211,"date":"2023-05-17T12:28:38","date_gmt":"2023-05-17T10:28:38","guid":{"rendered":"https:\/\/thefactoryconceptstore.com\/?post_type=product&#038;p=9211"},"modified":"2023-10-17T22:16:29","modified_gmt":"2023-10-17T20:16:29","slug":"bearbrick-x-nasa-project-mercury-astronaut-400-100","status":"publish","type":"product","link":"https:\/\/thefactoryconceptstore.com\/fr\/products\/bearbrick-x-nasa-project-mercury-astronaut-400-100\/","title":{"rendered":"BE@RBRICK X NASA PROJECT MERCURY ASTRONAUT 400% 100% 2022"},"content":{"rendered":"<p>BE@RBRICK Projet Mercury Astronaut 400 % 100% 2022<\/p>\n<p>Le projet Mercury \u00e9tait le premier programme de vols spatiaux habit\u00e9s de la NASA, qui a men\u00e9 au programme Apollo. L'\u00e9quipement que portait l'astronaute du projet Mercury est maintenant pr\u00e9sent\u00e9 sur la silhouette Bearbrick de Medicom Toy.<\/p>\n<p>Medicom Toy utilise la technologie du transfert d'eau pour garantir un placement unique de l'impression sur chaque Be@rbrick. Cela signifie que chaque Be@rbrick sera sp\u00e9ciale et unique.<\/p>","protected":false},"excerpt":{"rendered":"<p>BE@RBRICK Project Mercury Astronaut 400 % 100% 2022 Le Project Mercury a \u00e9t\u00e9 le premier programme de vols spatiaux habit\u00e9s de la Nasa, qui a d\u00e9bouch\u00e9 sur le programme Apollo. L'\u00e9quipement que portait l'astronaute du projet Mercury est maintenant pr\u00e9sent\u00e9 sur la silhouette Bearbrick de Medicom Toy. Medicom Toy utilise la technologie du transfert d'eau pour garantir un emplacement unique de l'impression sur chaque Be@rbrick. Cette ...<\/p>\n<p class=\"read-more\"> <a class=\"\" href=\"https:\/\/thefactoryconceptstore.com\/fr\/products\/bearbrick-x-nasa-project-mercury-astronaut-400-100\/\"> <span class=\"screen-reader-text\">BE@RBRICK X NASA PROJECT MERCURY ASTRONAUT 400% 100% 2022<\/span> Lire la suite \"<\/a><\/p>","protected":false},"featured_media":9212,"template":"","meta":{"site-sidebar-layout":"default","site-content-layout":"default","ast-global-header-display":"","ast-banner-title-visibility":"","ast-main-header-display":"","ast-hfb-above-header-display":"","ast-hfb-below-header-display":"","ast-hfb-mobile-header-display":"","site-post-title":"","ast-breadcrumbs-content":"","ast-featured-img":"","footer-sml-layout":"","theme-transparent-header-meta":"default","adv-header-id-meta":"","stick-header-meta":"","header-above-stick-meta":"","header-main-stick-meta":"","header-below-stick-meta":""},"product_brand":[],"product_cat":[33],"product_tag":[],"class_list":{"0":"post-9211","1":"product","2":"type-product","3":"status-publish","4":"has-post-thumbnail","6":"product_cat-bearbrick","7":"desktop-align-left","8":"tablet-align-left","9":"mobile-align-left","11":"first","12":"instock","13":"shipping-taxable","14":"purchasable","15":"product-type-simple"},"_links":{"self":[{"href":"https:\/\/thefactoryconceptstore.com\/fr\/wp-json\/wp\/v2\/product\/9211","targetHints":{"allow":["GET"]}}],"collection":[{"href":"https:\/\/thefactoryconceptstore.com\/fr\/wp-json\/wp\/v2\/product"}],"about":[{"href":"https:\/\/thefactoryconceptstore.com\/fr\/wp-json\/wp\/v2\/types\/product"}],"version-history":[{"count":5,"href":"https:\/\/thefactoryconceptstore.com\/fr\/wp-json\/wp\/v2\/product\/9211\/revisions"}],"predecessor-version":[{"id":10987,"href":"https:\/\/thefactoryconceptstore.com\/fr\/wp-json\/wp\/v2\/product\/9211\/revisions\/10987"}],"wp:featuredmedia":[{"embeddable":true,"href":"https:\/\/thefactoryconceptstore.com\/fr\/wp-json\/wp\/v2\/media\/9212"}],"wp:attachment":[{"href":"https:\/\/thefactoryconceptstore.com\/fr\/wp-json\/wp\/v2\/media?parent=9211"}],"wp:term":[{"taxonomy":"product_brand","embeddable":true,"href":"https:\/\/thefactoryconceptstore.com\/fr\/wp-json\/wp\/v2\/product_brand?post=9211"},{"taxonomy":"product_cat","embeddable":true,"href":"https:\/\/thefactoryconceptstore.com\/fr\/wp-json\/wp\/v2\/product_cat?post=9211"},{"taxonomy":"product_tag","embeddable":true,"href":"https:\/\/thefactoryconceptstore.com\/fr\/wp-json\/wp\/v2\/product_tag?post=9211"}],"curies":[{"name":"wp","href":"https:\/\/api.w.org\/{rel}","templated":true}]}}