{"id":9205,"date":"2023-05-17T12:25:14","date_gmt":"2023-05-17T10:25:14","guid":{"rendered":"https:\/\/thefactoryconceptstore.com\/?post_type=product&#038;p=9205"},"modified":"2024-12-03T17:10:14","modified_gmt":"2024-12-03T16:10:14","slug":"bearbrick-mickey-mouse-x-keith-haring-usa-exclusive-400-100","status":"publish","type":"product","link":"https:\/\/thefactoryconceptstore.com\/fr\/products\/bearbrick-mickey-mouse-x-keith-haring-usa-exclusive-400-100\/","title":{"rendered":"BE@RBRICK MICKEY MOUSE X KEITH HARING USA EXCLUSIVE 400% 100% 2020"},"content":{"rendered":"<p>BE@RBRICK MICKEY MOUSE X KEITH HARING USA EXCLUSIVE 400% 100% 2020<\/p>\n<p>MICKEY MOUSE X KEITH HARING USA - Le BE@RBRICK de Medicom Toy rend hommage \u00e0 l'\u0153uvre d'art de Mickey Mouse de Keith Haring - Un hommage \u00e0 l'\u0153uvre sans titre de 1982.<\/p>\n<p>Keith Haring a \u00e9t\u00e9 honor\u00e9 par l'apposition d'une de ses \u0153uvres sur une nouvelle figurine BE@RBRICK. Apr\u00e8s la figurine du drapeau am\u00e9ricain pr\u00e9sent\u00e9e lors de la DesignerCon, le fabricant de jouets japonais a choisi cette fois-ci de mettre en valeur les illustrations de Mickey Mouse de Haring sur la figurine.<\/p>\n<p>La figure est enti\u00e8rement monochrome et recouverte d'un ensemble de motifs excentriques, tels que des lignes gribouill\u00e9es, des tourbillons et des pois, une signature du style de Haring. Mais contrairement \u00e0 la plupart des autres \u0153uvres de l'artiste, celle-ci pr\u00e9sente des d\u00e9tails plus fins. Une repr\u00e9sentation psych\u00e9d\u00e9lique de Mickey Mouse appara\u00eet tout au long de l'\u0153uvre, avec des oreilles d\u00e9form\u00e9es, des yeux ronds et brillants, une expression souriante et une chemise \u00e0 pois. \u00c0 l'origine, Haring a r\u00e9alis\u00e9 cette \u0153uvre \u00e0 l'encre sur papier. L'\u0153uvre date de 1982 et n'a pas de titre.<\/p>\n<p>Medicom Toy utilise la technologie du transfert d'eau pour garantir un placement unique de l'impression sur chaque Be@rbrick. Cela signifie que chaque Be@rbrick sera sp\u00e9ciale et unique.<\/p>","protected":false},"excerpt":{"rendered":"<p>BE@RBRICK MICKEY MOUSE X KEITH HARING USA EXCLUSIF 400% 100% 2020 MICKEY MOUSE X KEITH HARING USA - Le BE@RBRICK de Medicom Toy rend hommage \u00e0 l'\u0153uvre d'art Mickey Mouse de Keith Haring - Un hommage \u00e0 l'\u0153uvre sans titre de 1982. Nous rendons hommage \u00e0 Keith Haring en apposant l'une de ses \u0153uvres d'art sur un nouveau BE@RBRICK. Apr\u00e8s la figure du drapeau am\u00e9ricain ...<\/p>\n<p class=\"read-more\"> <a class=\"\" href=\"https:\/\/thefactoryconceptstore.com\/fr\/products\/bearbrick-mickey-mouse-x-keith-haring-usa-exclusive-400-100\/\"> <span class=\"screen-reader-text\">BE@RBRICK MICKEY MOUSE X KEITH HARING USA EXCLUSIVE 400% 100% 2020<\/span> Lire la suite \"<\/a><\/p>","protected":false},"featured_media":11326,"template":"","meta":{"site-sidebar-layout":"default","site-content-layout":"default","ast-global-header-display":"","ast-banner-title-visibility":"","ast-main-header-display":"","ast-hfb-above-header-display":"","ast-hfb-below-header-display":"","ast-hfb-mobile-header-display":"","site-post-title":"","ast-breadcrumbs-content":"","ast-featured-img":"","footer-sml-layout":"","theme-transparent-header-meta":"default","adv-header-id-meta":"","stick-header-meta":"","header-above-stick-meta":"","header-main-stick-meta":"","header-below-stick-meta":""},"product_brand":[],"product_cat":[33],"product_tag":[],"class_list":{"0":"post-9205","1":"product","2":"type-product","3":"status-publish","4":"has-post-thumbnail","6":"product_cat-bearbrick","7":"desktop-align-left","8":"tablet-align-left","9":"mobile-align-left","11":"first","12":"instock","13":"shipping-taxable","14":"purchasable","15":"product-type-simple"},"_links":{"self":[{"href":"https:\/\/thefactoryconceptstore.com\/fr\/wp-json\/wp\/v2\/product\/9205","targetHints":{"allow":["GET"]}}],"collection":[{"href":"https:\/\/thefactoryconceptstore.com\/fr\/wp-json\/wp\/v2\/product"}],"about":[{"href":"https:\/\/thefactoryconceptstore.com\/fr\/wp-json\/wp\/v2\/types\/product"}],"version-history":[{"count":5,"href":"https:\/\/thefactoryconceptstore.com\/fr\/wp-json\/wp\/v2\/product\/9205\/revisions"}],"predecessor-version":[{"id":10988,"href":"https:\/\/thefactoryconceptstore.com\/fr\/wp-json\/wp\/v2\/product\/9205\/revisions\/10988"}],"wp:featuredmedia":[{"embeddable":true,"href":"https:\/\/thefactoryconceptstore.com\/fr\/wp-json\/wp\/v2\/media\/11326"}],"wp:attachment":[{"href":"https:\/\/thefactoryconceptstore.com\/fr\/wp-json\/wp\/v2\/media?parent=9205"}],"wp:term":[{"taxonomy":"product_brand","embeddable":true,"href":"https:\/\/thefactoryconceptstore.com\/fr\/wp-json\/wp\/v2\/product_brand?post=9205"},{"taxonomy":"product_cat","embeddable":true,"href":"https:\/\/thefactoryconceptstore.com\/fr\/wp-json\/wp\/v2\/product_cat?post=9205"},{"taxonomy":"product_tag","embeddable":true,"href":"https:\/\/thefactoryconceptstore.com\/fr\/wp-json\/wp\/v2\/product_tag?post=9205"}],"curies":[{"name":"wp","href":"https:\/\/api.w.org\/{rel}","templated":true}]}}