{"id":9199,"date":"2023-05-17T12:19:03","date_gmt":"2023-05-17T10:19:03","guid":{"rendered":"https:\/\/thefactoryconceptstore.com\/?post_type=product&#038;p=9199"},"modified":"2023-06-11T21:09:04","modified_gmt":"2023-06-11T19:09:04","slug":"bearbrick-lfyt-x-stash","status":"publish","type":"product","link":"https:\/\/thefactoryconceptstore.com\/fr\/products\/bearbrick-lfyt-x-stash\/","title":{"rendered":"BE@RBRICK LFYT X STASH 400% 100% 2021"},"content":{"rendered":"<p>BE@RBRICK LFYT X STASH 400% 100% 2021<\/p>\n<p>La c\u00e9l\u00e8bre figurine BE@RBRICK de MEDICOM TOY est une collaboration limit\u00e9e avec l'\u0153uvre d'art de la l\u00e9gende du graffiti new-yorkais STASH.<\/p>\n<p>Un v\u00e9ritable SPLATTER PATTERN dessin\u00e9 par STASH sur la toile du SUBWAY MAP, un plan du m\u00e9tro new-yorkais, exclusivement pour cette collection.<\/p>\n<p>La mention \"LAFAYETTE\" est imprim\u00e9e sur le devant du corps de l'ours et la mention \"STASH\" est imprim\u00e9e \u00e0 l'arri\u00e8re.<br \/>\nLe logo LFYT et l'\u00e9tiquette STASH sont imprim\u00e9s \u00e0 l'arri\u00e8re des deux jambes.<br \/>\nIl sera vendu sous la forme d'un ensemble de 100% et 400%.<\/p>\n<p>* Notes concernant la carte SUBWAY SPLASH PATTERN<br \/>\nEn raison de la nature de l'impression \u00e0 base d'eau (impression par transfert d'eau) et de l'intention de l'artiste, il existe des diff\u00e9rences individuelles dans la position du motif. Il s'agit d'un article sp\u00e9cial unique.<\/p>\n<p>Bas\u00e9 \u00e0 New York, berceau du graffiti, il est actif sous le nom de \"STASH\" depuis le d\u00e9but des ann\u00e9es 1980.<br \/>\nAvec l'acc\u00e9l\u00e9ration du mouvement graffiti dans les ann\u00e9es 1980, l'\u00e9ventail des activit\u00e9s artistiques s'est \u00e9tendu \u00e0 la sc\u00e8ne de la mode.<br \/>\nCr\u00e9ation du studio de design \"Project Dragon\" avec FUTURA et collaboration avec de nombreuses grandes marques dont Nike.<br \/>\nDans les ann\u00e9es 90, il a lanc\u00e9 sa propre marque \"SUBWARE\" et \"RECON\", qui poss\u00e8de des magasins \u00e0 New York, San Francisco et au Japon, et qui est devenue un sujet d'actualit\u00e9 au Japon.<\/p>\n<p>L\u00e9gende du graffiti, il continue d'\u00e9tendre ses activit\u00e9s et de d\u00e9velopper divers projets.<\/p>","protected":false},"excerpt":{"rendered":"<p>BE@RBRICK LFYT X STASH 400% 100% 2021 MEDICOM TOY&#8217;s popular BE@RBRICK figure is a limited collaboration figure featuring artwork by New York graffiti legend STASH. A full-fledged SPLATTER PATTERN drawn by STASH on the canvas of the SUBWAY MAP, a New York subway map, exclusively for this collection. &#8220;LAFAYETTE&#8221; is printed on the front of &hellip;<\/p>\n<p class=\"read-more\"> <a class=\"\" href=\"https:\/\/thefactoryconceptstore.com\/fr\/products\/bearbrick-lfyt-x-stash\/\"> <span class=\"screen-reader-text\">BE@RBRICK LFYT X STASH 400% 100% 2021<\/span> Lire la suite \"<\/a><\/p>","protected":false},"featured_media":9200,"template":"","meta":{"site-sidebar-layout":"default","site-content-layout":"default","ast-global-header-display":"","ast-banner-title-visibility":"","ast-main-header-display":"","ast-hfb-above-header-display":"","ast-hfb-below-header-display":"","ast-hfb-mobile-header-display":"","site-post-title":"","ast-breadcrumbs-content":"","ast-featured-img":"","footer-sml-layout":"","theme-transparent-header-meta":"default","adv-header-id-meta":"","stick-header-meta":"","header-above-stick-meta":"","header-main-stick-meta":"","header-below-stick-meta":""},"product_brand":[],"product_cat":[33],"product_tag":[],"class_list":{"0":"post-9199","1":"product","2":"type-product","3":"status-publish","4":"has-post-thumbnail","6":"product_cat-bearbrick","7":"desktop-align-left","8":"tablet-align-left","9":"mobile-align-left","11":"first","12":"instock","13":"shipping-taxable","14":"purchasable","15":"product-type-simple"},"_links":{"self":[{"href":"https:\/\/thefactoryconceptstore.com\/fr\/wp-json\/wp\/v2\/product\/9199","targetHints":{"allow":["GET"]}}],"collection":[{"href":"https:\/\/thefactoryconceptstore.com\/fr\/wp-json\/wp\/v2\/product"}],"about":[{"href":"https:\/\/thefactoryconceptstore.com\/fr\/wp-json\/wp\/v2\/types\/product"}],"version-history":[{"count":4,"href":"https:\/\/thefactoryconceptstore.com\/fr\/wp-json\/wp\/v2\/product\/9199\/revisions"}],"predecessor-version":[{"id":10989,"href":"https:\/\/thefactoryconceptstore.com\/fr\/wp-json\/wp\/v2\/product\/9199\/revisions\/10989"}],"wp:featuredmedia":[{"embeddable":true,"href":"https:\/\/thefactoryconceptstore.com\/fr\/wp-json\/wp\/v2\/media\/9200"}],"wp:attachment":[{"href":"https:\/\/thefactoryconceptstore.com\/fr\/wp-json\/wp\/v2\/media?parent=9199"}],"wp:term":[{"taxonomy":"product_brand","embeddable":true,"href":"https:\/\/thefactoryconceptstore.com\/fr\/wp-json\/wp\/v2\/product_brand?post=9199"},{"taxonomy":"product_cat","embeddable":true,"href":"https:\/\/thefactoryconceptstore.com\/fr\/wp-json\/wp\/v2\/product_cat?post=9199"},{"taxonomy":"product_tag","embeddable":true,"href":"https:\/\/thefactoryconceptstore.com\/fr\/wp-json\/wp\/v2\/product_tag?post=9199"}],"curies":[{"name":"wp","href":"https:\/\/api.w.org\/{rel}","templated":true}]}}