{"id":9187,"date":"2023-05-17T12:10:42","date_gmt":"2023-05-17T10:10:42","guid":{"rendered":"https:\/\/thefactoryconceptstore.com\/?post_type=product&#038;p=9187"},"modified":"2025-11-18T15:39:23","modified_gmt":"2025-11-18T14:39:23","slug":"bearbrick-british-museum-kitagawa-utlmaro-400-100","status":"publish","type":"product","link":"https:\/\/thefactoryconceptstore.com\/fr\/products\/bearbrick-british-museum-kitagawa-utlmaro-400-100\/","title":{"rendered":"BE@RBRICK BRITISH MUSEUM KITAGAWA UTLMARO 400% 100% 2022"},"content":{"rendered":"<p>BE@RBRICK BRITISH MUSEUM KITAGAWA UTLMARO 400% 100% 2022<\/p>\n<p>Un nouveau projet avec le British Museum \u00e0 Londres !<\/p>\n<p>Le motif est un chef-d'\u0153uvre de Kitagawa Utamaro dans la collection.<br \/>\n6 \u0153uvres de la s\u00e9rie \"A cette \u00e9poque pleine de belles femmes\"<\/p>\n<p>Medicom Toy utilise la technologie du transfert d'eau pour garantir un placement unique de l'impression sur chaque Be@rbrick. Cela signifie que chaque Be@rbrick sera sp\u00e9ciale et unique.<\/p>\n<p>&nbsp;<\/p>","protected":false},"excerpt":{"rendered":"<p>BE@RBRICK BRITISH MUSEUM KITAGAWA UTLMARO 400% 100% 2022 Voici un nouveau projet avec le British Museum de Londres ! Le motif est un chef-d'\u0153uvre de Kitagawa Utamaro dans la collection. 6 \u0153uvres de la s\u00e9rie \"At that time full of beautiful women\" Medicom Toy utilise la technologie de transfert d'eau pour garantir un placement unique de l'impression sur chaque Be@rbrick. ...<\/p>\n<p class=\"read-more\"> <a class=\"\" href=\"https:\/\/thefactoryconceptstore.com\/fr\/products\/bearbrick-british-museum-kitagawa-utlmaro-400-100\/\"> <span class=\"screen-reader-text\">BE@RBRICK BRITISH MUSEUM KITAGAWA UTLMARO 400% 100% 2022<\/span> Lire la suite \"<\/a><\/p>","protected":false},"featured_media":9188,"template":"","meta":{"site-sidebar-layout":"default","site-content-layout":"default","ast-global-header-display":"","ast-banner-title-visibility":"","ast-main-header-display":"","ast-hfb-above-header-display":"","ast-hfb-below-header-display":"","ast-hfb-mobile-header-display":"","site-post-title":"","ast-breadcrumbs-content":"","ast-featured-img":"","footer-sml-layout":"","theme-transparent-header-meta":"default","adv-header-id-meta":"","stick-header-meta":"","header-above-stick-meta":"","header-main-stick-meta":"","header-below-stick-meta":""},"product_brand":[],"product_cat":[33],"product_tag":[],"class_list":{"0":"post-9187","1":"product","2":"type-product","3":"status-publish","4":"has-post-thumbnail","6":"product_cat-bearbrick","7":"desktop-align-left","8":"tablet-align-left","9":"mobile-align-left","11":"first","12":"instock","13":"shipping-taxable","14":"purchasable","15":"product-type-simple"},"_links":{"self":[{"href":"https:\/\/thefactoryconceptstore.com\/fr\/wp-json\/wp\/v2\/product\/9187","targetHints":{"allow":["GET"]}}],"collection":[{"href":"https:\/\/thefactoryconceptstore.com\/fr\/wp-json\/wp\/v2\/product"}],"about":[{"href":"https:\/\/thefactoryconceptstore.com\/fr\/wp-json\/wp\/v2\/types\/product"}],"version-history":[{"count":4,"href":"https:\/\/thefactoryconceptstore.com\/fr\/wp-json\/wp\/v2\/product\/9187\/revisions"}],"predecessor-version":[{"id":10993,"href":"https:\/\/thefactoryconceptstore.com\/fr\/wp-json\/wp\/v2\/product\/9187\/revisions\/10993"}],"wp:featuredmedia":[{"embeddable":true,"href":"https:\/\/thefactoryconceptstore.com\/fr\/wp-json\/wp\/v2\/media\/9188"}],"wp:attachment":[{"href":"https:\/\/thefactoryconceptstore.com\/fr\/wp-json\/wp\/v2\/media?parent=9187"}],"wp:term":[{"taxonomy":"product_brand","embeddable":true,"href":"https:\/\/thefactoryconceptstore.com\/fr\/wp-json\/wp\/v2\/product_brand?post=9187"},{"taxonomy":"product_cat","embeddable":true,"href":"https:\/\/thefactoryconceptstore.com\/fr\/wp-json\/wp\/v2\/product_cat?post=9187"},{"taxonomy":"product_tag","embeddable":true,"href":"https:\/\/thefactoryconceptstore.com\/fr\/wp-json\/wp\/v2\/product_tag?post=9187"}],"curies":[{"name":"wp","href":"https:\/\/api.w.org\/{rel}","templated":true}]}}