{"id":9181,"date":"2023-05-17T12:06:48","date_gmt":"2023-05-17T10:06:48","guid":{"rendered":"https:\/\/thefactoryconceptstore.com\/?post_type=product&#038;p=9181"},"modified":"2024-12-03T17:12:12","modified_gmt":"2024-12-03T16:12:12","slug":"bearbrick-aruta-soup-400-100","status":"publish","type":"product","link":"https:\/\/thefactoryconceptstore.com\/fr\/products\/bearbrick-aruta-soup-400-100\/","title":{"rendered":"BE@RBRICK ARUTA SOUP 400% 100% 2022"},"content":{"rendered":"<p>Be@rbrick 400% 100% Aruta Soup 2022<\/p>\n<p>L'artiste japonais Aruta Soup arrive sur la plateforme Bearbrick de Medicom Toy avec l'Aruta Soup Bearbrick ! Inspir\u00e9 par les graffitis de l'est de Londres lors d'un voyage en Angleterre en 2004 \u00e0 l'\u00e2ge de 17 ans, Aruta Soup a commenc\u00e9 \u00e0 peindre et \u00e0 r\u00e9aliser des peintures murales et a m\u00eame commenc\u00e9 \u00e0 organiser des expositions en solo.<\/p>\n<p>Les jouets Medicom utilisent la technologie de transfert d'eau pour garantir un placement unique de l'impression sur chaque brique. Cela signifie que chaque brique Banksy sera sp\u00e9ciale et unique.<\/p>","protected":false},"excerpt":{"rendered":"<p>Be@rbrick 400% 100% Aruta Soup 2022 L'artiste japonais Aruta Soup arrive sur la plateforme Bearbrick de Medicom Toy avec la Bearbrick Aruta Soup ! Inspir\u00e9 par les graffitis de l'est de Londres lors d'un voyage en Angleterre en 2004 \u00e0 l'\u00e2ge de 17 ans, Aruta Soup a commenc\u00e9 \u00e0 peindre et \u00e0 r\u00e9aliser des peintures murales et a m\u00eame commenc\u00e9 \u00e0 organiser des expositions en solo. Les jouets Medicom ...<\/p>\n<p class=\"read-more\"> <a class=\"\" href=\"https:\/\/thefactoryconceptstore.com\/fr\/products\/bearbrick-aruta-soup-400-100\/\"> <span class=\"screen-reader-text\">BE@RBRICK ARUTA SOUP 400% 100% 2022<\/span> Lire la suite \"<\/a><\/p>","protected":false},"featured_media":9183,"template":"","meta":{"site-sidebar-layout":"default","site-content-layout":"default","ast-global-header-display":"","ast-banner-title-visibility":"","ast-main-header-display":"","ast-hfb-above-header-display":"","ast-hfb-below-header-display":"","ast-hfb-mobile-header-display":"","site-post-title":"","ast-breadcrumbs-content":"","ast-featured-img":"","footer-sml-layout":"","theme-transparent-header-meta":"default","adv-header-id-meta":"","stick-header-meta":"","header-above-stick-meta":"","header-main-stick-meta":"","header-below-stick-meta":""},"product_brand":[],"product_cat":[33],"product_tag":[],"class_list":{"0":"post-9181","1":"product","2":"type-product","3":"status-publish","4":"has-post-thumbnail","6":"product_cat-bearbrick","7":"desktop-align-left","8":"tablet-align-left","9":"mobile-align-left","11":"first","12":"outofstock","13":"shipping-taxable","14":"purchasable","15":"product-type-simple"},"_links":{"self":[{"href":"https:\/\/thefactoryconceptstore.com\/fr\/wp-json\/wp\/v2\/product\/9181","targetHints":{"allow":["GET"]}}],"collection":[{"href":"https:\/\/thefactoryconceptstore.com\/fr\/wp-json\/wp\/v2\/product"}],"about":[{"href":"https:\/\/thefactoryconceptstore.com\/fr\/wp-json\/wp\/v2\/types\/product"}],"version-history":[{"count":4,"href":"https:\/\/thefactoryconceptstore.com\/fr\/wp-json\/wp\/v2\/product\/9181\/revisions"}],"predecessor-version":[{"id":10992,"href":"https:\/\/thefactoryconceptstore.com\/fr\/wp-json\/wp\/v2\/product\/9181\/revisions\/10992"}],"wp:featuredmedia":[{"embeddable":true,"href":"https:\/\/thefactoryconceptstore.com\/fr\/wp-json\/wp\/v2\/media\/9183"}],"wp:attachment":[{"href":"https:\/\/thefactoryconceptstore.com\/fr\/wp-json\/wp\/v2\/media?parent=9181"}],"wp:term":[{"taxonomy":"product_brand","embeddable":true,"href":"https:\/\/thefactoryconceptstore.com\/fr\/wp-json\/wp\/v2\/product_brand?post=9181"},{"taxonomy":"product_cat","embeddable":true,"href":"https:\/\/thefactoryconceptstore.com\/fr\/wp-json\/wp\/v2\/product_cat?post=9181"},{"taxonomy":"product_tag","embeddable":true,"href":"https:\/\/thefactoryconceptstore.com\/fr\/wp-json\/wp\/v2\/product_tag?post=9181"}],"curies":[{"name":"wp","href":"https:\/\/api.w.org\/{rel}","templated":true}]}}