{"id":9168,"date":"2023-05-17T10:57:41","date_gmt":"2023-05-17T08:57:41","guid":{"rendered":"https:\/\/thefactoryconceptstore.com\/?post_type=product&#038;p=9168"},"modified":"2024-12-03T17:12:50","modified_gmt":"2024-12-03T16:12:50","slug":"bearbrick-toy-story-army-men-400-100","status":"publish","type":"product","link":"https:\/\/thefactoryconceptstore.com\/fr\/products\/bearbrick-toy-story-army-men-400-100\/","title":{"rendered":"BE@RBRICK TOY STORY ARMY MEN 400% 100% 2020"},"content":{"rendered":"<p>BE@RBRICK TOY STORY ARMY MEN 400% 100% 2020<\/p>\n<p>Medicom Toy apporte la nostalgie de l'enfance avec la derni\u00e8re it\u00e9ration de sa s\u00e9rie incontournable Be@rbrick. En partenariat avec Disney et Pixar, la figurine en vinyle incarne les omnipr\u00e9sents hommes de l'arm\u00e9e en plastique qui ont infiltr\u00e9 les magasins de jouets depuis les ann\u00e9es 1930 et qui ont fait des apparitions dans la franchise bien-aim\u00e9e Toy Story.<\/p>\n<p>Habill\u00e9 d'une teinte vert olive similaire, l'objet de collection pr\u00e9sente des graphismes ressemblant aux uniformes des soldats, jusqu'\u00e0 copier la marque circulaire emboss\u00e9e dans le dos. Les oreilles protub\u00e9rantes du BE@BRICK prennent une forme translucide soulignant le design du casque sur la t\u00eate, tandis que d'autres d\u00e9tails incluent un visage et des yeux sans expression imitant le regard sto\u00efque des hommes de l'arm\u00e9e.<\/p>\n<p>Medicom Toy utilise la technologie du transfert d'eau pour garantir un placement unique de l'impression sur chaque Be@rbrick. Cela signifie que chaque Be@rbrick de Banksy sera sp\u00e9ciale et unique.<\/p>","protected":false},"excerpt":{"rendered":"<p>BE@RBRICK TOY STORY ARMY MEN 400% 100% 2020 Medicom Toy apporte la nostalgie de l'enfance avec la derni\u00e8re it\u00e9ration de sa s\u00e9rie essentielle Be@rbrick. En partenariat avec Disney et Pixar, la figurine en vinyle incarne les omnipr\u00e9sents hommes de l'arm\u00e9e en plastique qui ont infiltr\u00e9 les magasins de jouets depuis les ann\u00e9es 1930 et ont fait des apparitions dans la franchise bien-aim\u00e9e Toy Story. Drap\u00e9e ...<\/p>\n<p class=\"read-more\"> <a class=\"\" href=\"https:\/\/thefactoryconceptstore.com\/fr\/products\/bearbrick-toy-story-army-men-400-100\/\"> <span class=\"screen-reader-text\">BE@RBRICK TOY STORY ARMY MEN 400% 100% 2020<\/span> Lire la suite \"<\/a><\/p>","protected":false},"featured_media":9169,"template":"","meta":{"site-sidebar-layout":"default","site-content-layout":"default","ast-global-header-display":"","ast-banner-title-visibility":"","ast-main-header-display":"","ast-hfb-above-header-display":"","ast-hfb-below-header-display":"","ast-hfb-mobile-header-display":"","site-post-title":"","ast-breadcrumbs-content":"","ast-featured-img":"","footer-sml-layout":"","theme-transparent-header-meta":"default","adv-header-id-meta":"","stick-header-meta":"","header-above-stick-meta":"","header-main-stick-meta":"","header-below-stick-meta":""},"product_brand":[],"product_cat":[33],"product_tag":[],"class_list":{"0":"post-9168","1":"product","2":"type-product","3":"status-publish","4":"has-post-thumbnail","6":"product_cat-bearbrick","7":"desktop-align-left","8":"tablet-align-left","9":"mobile-align-left","11":"first","12":"outofstock","13":"shipping-taxable","14":"purchasable","15":"product-type-simple"},"_links":{"self":[{"href":"https:\/\/thefactoryconceptstore.com\/fr\/wp-json\/wp\/v2\/product\/9168","targetHints":{"allow":["GET"]}}],"collection":[{"href":"https:\/\/thefactoryconceptstore.com\/fr\/wp-json\/wp\/v2\/product"}],"about":[{"href":"https:\/\/thefactoryconceptstore.com\/fr\/wp-json\/wp\/v2\/types\/product"}],"version-history":[{"count":5,"href":"https:\/\/thefactoryconceptstore.com\/fr\/wp-json\/wp\/v2\/product\/9168\/revisions"}],"predecessor-version":[{"id":11015,"href":"https:\/\/thefactoryconceptstore.com\/fr\/wp-json\/wp\/v2\/product\/9168\/revisions\/11015"}],"wp:featuredmedia":[{"embeddable":true,"href":"https:\/\/thefactoryconceptstore.com\/fr\/wp-json\/wp\/v2\/media\/9169"}],"wp:attachment":[{"href":"https:\/\/thefactoryconceptstore.com\/fr\/wp-json\/wp\/v2\/media?parent=9168"}],"wp:term":[{"taxonomy":"product_brand","embeddable":true,"href":"https:\/\/thefactoryconceptstore.com\/fr\/wp-json\/wp\/v2\/product_brand?post=9168"},{"taxonomy":"product_cat","embeddable":true,"href":"https:\/\/thefactoryconceptstore.com\/fr\/wp-json\/wp\/v2\/product_cat?post=9168"},{"taxonomy":"product_tag","embeddable":true,"href":"https:\/\/thefactoryconceptstore.com\/fr\/wp-json\/wp\/v2\/product_tag?post=9168"}],"curies":[{"name":"wp","href":"https:\/\/api.w.org\/{rel}","templated":true}]}}