{"id":9162,"date":"2023-05-17T10:52:03","date_gmt":"2023-05-17T08:52:03","guid":{"rendered":"https:\/\/thefactoryconceptstore.com\/?post_type=product&#038;p=9162"},"modified":"2024-12-03T17:12:43","modified_gmt":"2024-12-03T16:12:43","slug":"bearbrick-studio-seven-400-100","status":"publish","type":"product","link":"https:\/\/thefactoryconceptstore.com\/fr\/products\/bearbrick-studio-seven-400-100\/","title":{"rendered":"BE@RBRICK STUDIO SEVEN 400% 100% 2023"},"content":{"rendered":"<p>Medicom Toy x Studio Seven - Be@rbrick Studio Seven 400% 100% 2023<\/p>\n<p>Les articles de collaboration avec BE@RBRICK, tr\u00e8s populaire parmi les amateurs de jouets du monde entier, sont en vente.<\/p>\n<p>BE@RBRICK, qui est n\u00e9 avec le concept de \"cr\u00e9er un ours en peluche avec une image num\u00e9rique\", a ajout\u00e9 le logo repr\u00e9sentatif de STUDIO SEVEN, \"CAUTION LOGO\". Il s'agit d'un dessin sp\u00e9cial qui a \u00e9t\u00e9 d\u00e9pos\u00e9 dans le corps de Be@rbrick.<\/p>\n<p>Medicom Toy utilise la technologie du transfert d'eau pour garantir un placement unique de l'impression sur chaque Be@rbrick. Cela signifie que chaque Be@rbrick sera sp\u00e9ciale et unique.<\/p>","protected":false},"excerpt":{"rendered":"<p>Medicom Toy x Studio Seven - Be@rbrick Studio Seven 400% 100% 2023 Les articles de collaboration avec BE@RBRICK, extr\u00eamement populaire parmi les amateurs de jouets du monde entier, sont en vente. BE@RBRICK, qui est n\u00e9 avec le concept de \"cr\u00e9er un ours en peluche avec une image num\u00e9rique\", a ajout\u00e9 le logo repr\u00e9sentatif de STUDIO SEVEN, \"CAUTION LOGO\". Il sera ...<\/p>\n<p class=\"read-more\"> <a class=\"\" href=\"https:\/\/thefactoryconceptstore.com\/fr\/products\/bearbrick-studio-seven-400-100\/\"> <span class=\"screen-reader-text\">BE@RBRICK STUDIO SEVEN 400% 100% 2023<\/span> Lire la suite \"<\/a><\/p>","protected":false},"featured_media":9163,"template":"","meta":{"site-sidebar-layout":"default","site-content-layout":"default","ast-global-header-display":"","ast-banner-title-visibility":"","ast-main-header-display":"","ast-hfb-above-header-display":"","ast-hfb-below-header-display":"","ast-hfb-mobile-header-display":"","site-post-title":"","ast-breadcrumbs-content":"","ast-featured-img":"","footer-sml-layout":"","theme-transparent-header-meta":"default","adv-header-id-meta":"","stick-header-meta":"","header-above-stick-meta":"","header-main-stick-meta":"","header-below-stick-meta":""},"product_brand":[],"product_cat":[33],"product_tag":[],"class_list":{"0":"post-9162","1":"product","2":"type-product","3":"status-publish","4":"has-post-thumbnail","6":"product_cat-bearbrick","7":"desktop-align-left","8":"tablet-align-left","9":"mobile-align-left","11":"first","12":"outofstock","13":"shipping-taxable","14":"purchasable","15":"product-type-simple"},"_links":{"self":[{"href":"https:\/\/thefactoryconceptstore.com\/fr\/wp-json\/wp\/v2\/product\/9162","targetHints":{"allow":["GET"]}}],"collection":[{"href":"https:\/\/thefactoryconceptstore.com\/fr\/wp-json\/wp\/v2\/product"}],"about":[{"href":"https:\/\/thefactoryconceptstore.com\/fr\/wp-json\/wp\/v2\/types\/product"}],"version-history":[{"count":6,"href":"https:\/\/thefactoryconceptstore.com\/fr\/wp-json\/wp\/v2\/product\/9162\/revisions"}],"predecessor-version":[{"id":11014,"href":"https:\/\/thefactoryconceptstore.com\/fr\/wp-json\/wp\/v2\/product\/9162\/revisions\/11014"}],"wp:featuredmedia":[{"embeddable":true,"href":"https:\/\/thefactoryconceptstore.com\/fr\/wp-json\/wp\/v2\/media\/9163"}],"wp:attachment":[{"href":"https:\/\/thefactoryconceptstore.com\/fr\/wp-json\/wp\/v2\/media?parent=9162"}],"wp:term":[{"taxonomy":"product_brand","embeddable":true,"href":"https:\/\/thefactoryconceptstore.com\/fr\/wp-json\/wp\/v2\/product_brand?post=9162"},{"taxonomy":"product_cat","embeddable":true,"href":"https:\/\/thefactoryconceptstore.com\/fr\/wp-json\/wp\/v2\/product_cat?post=9162"},{"taxonomy":"product_tag","embeddable":true,"href":"https:\/\/thefactoryconceptstore.com\/fr\/wp-json\/wp\/v2\/product_tag?post=9162"}],"curies":[{"name":"wp","href":"https:\/\/api.w.org\/{rel}","templated":true}]}}