{"id":9144,"date":"2023-05-17T10:33:41","date_gmt":"2023-05-17T08:33:41","guid":{"rendered":"https:\/\/thefactoryconceptstore.com\/?post_type=product&#038;p=9144"},"modified":"2024-12-03T17:12:28","modified_gmt":"2024-12-03T16:12:28","slug":"bearbrick-keith-haring-v8-400-100","status":"publish","type":"product","link":"https:\/\/thefactoryconceptstore.com\/fr\/products\/bearbrick-keith-haring-v8-400-100\/","title":{"rendered":"BE@RBRICK KEITH HARING V10 400% 100% 2023"},"content":{"rendered":"<p>BE@RBRICK KEITH HARING V10 400% 100% 2023<\/p>\n<p>La 10\u00e8me \u00e9dition de la collaboration entre la fondation Keith Haring et Medicom Toy est arriv\u00e9e. La 9\u00e8me be@rbrick Keith Haring pr\u00e9sente l'une de ses \u0153uvres d'art sous la forme d'un motif appel\u00e9 Dancing Dogs (chiens dansants). Les chiens color\u00e9s dansent sur la brique et nous rappellent la premi\u00e8re \u00e9dition de la brique Keith Haring. La signature de Keith Haring est imprim\u00e9e au dos de la brique.<\/p>\n<p>Medicom Toy utilise la technologie du transfert d'eau pour garantir un placement unique de l'impression sur chaque Be@rbrick. Cela signifie que chaque Be@rbrick sera sp\u00e9ciale et unique.<\/p>\n<p>&nbsp;<\/p>","protected":false},"excerpt":{"rendered":"<p>BE@RBRICK KEITH HARING V10 400% 100% 2023 Le 10\u00e8me \u00e9pisode de la collaboration entre la fondation Keith Haring et Medicom Toy est arriv\u00e9. La 9\u00e8me be@rbrick Keith Haring pr\u00e9sente l'une de ses \u0153uvres d'art sous la forme d'un motif appel\u00e9 Dancing Dogs. Les chiens color\u00e9s dansent sur la bearbrick et nous rappellent la ...<\/p>\n<p class=\"read-more\"> <a class=\"\" href=\"https:\/\/thefactoryconceptstore.com\/fr\/products\/bearbrick-keith-haring-v8-400-100\/\"> <span class=\"screen-reader-text\">BE@RBRICK KEITH HARING V10 400% 100% 2023<\/span> Lire la suite \"<\/a><\/p>","protected":false},"featured_media":9145,"template":"","meta":{"site-sidebar-layout":"default","site-content-layout":"default","ast-global-header-display":"","ast-banner-title-visibility":"","ast-main-header-display":"","ast-hfb-above-header-display":"","ast-hfb-below-header-display":"","ast-hfb-mobile-header-display":"","site-post-title":"","ast-breadcrumbs-content":"","ast-featured-img":"","footer-sml-layout":"","theme-transparent-header-meta":"default","adv-header-id-meta":"","stick-header-meta":"","header-above-stick-meta":"","header-main-stick-meta":"","header-below-stick-meta":""},"product_brand":[],"product_cat":[33],"product_tag":[],"class_list":{"0":"post-9144","1":"product","2":"type-product","3":"status-publish","4":"has-post-thumbnail","6":"product_cat-bearbrick","7":"desktop-align-left","8":"tablet-align-left","9":"mobile-align-left","11":"first","12":"outofstock","13":"shipping-taxable","14":"purchasable","15":"product-type-simple"},"_links":{"self":[{"href":"https:\/\/thefactoryconceptstore.com\/fr\/wp-json\/wp\/v2\/product\/9144","targetHints":{"allow":["GET"]}}],"collection":[{"href":"https:\/\/thefactoryconceptstore.com\/fr\/wp-json\/wp\/v2\/product"}],"about":[{"href":"https:\/\/thefactoryconceptstore.com\/fr\/wp-json\/wp\/v2\/types\/product"}],"version-history":[{"count":6,"href":"https:\/\/thefactoryconceptstore.com\/fr\/wp-json\/wp\/v2\/product\/9144\/revisions"}],"predecessor-version":[{"id":11012,"href":"https:\/\/thefactoryconceptstore.com\/fr\/wp-json\/wp\/v2\/product\/9144\/revisions\/11012"}],"wp:featuredmedia":[{"embeddable":true,"href":"https:\/\/thefactoryconceptstore.com\/fr\/wp-json\/wp\/v2\/media\/9145"}],"wp:attachment":[{"href":"https:\/\/thefactoryconceptstore.com\/fr\/wp-json\/wp\/v2\/media?parent=9144"}],"wp:term":[{"taxonomy":"product_brand","embeddable":true,"href":"https:\/\/thefactoryconceptstore.com\/fr\/wp-json\/wp\/v2\/product_brand?post=9144"},{"taxonomy":"product_cat","embeddable":true,"href":"https:\/\/thefactoryconceptstore.com\/fr\/wp-json\/wp\/v2\/product_cat?post=9144"},{"taxonomy":"product_tag","embeddable":true,"href":"https:\/\/thefactoryconceptstore.com\/fr\/wp-json\/wp\/v2\/product_tag?post=9144"}],"curies":[{"name":"wp","href":"https:\/\/api.w.org\/{rel}","templated":true}]}}