{"id":9138,"date":"2023-05-17T10:26:59","date_gmt":"2023-05-17T08:26:59","guid":{"rendered":"https:\/\/thefactoryconceptstore.com\/?post_type=product&#038;p=9138"},"modified":"2024-12-03T17:13:07","modified_gmt":"2024-12-03T16:13:07","slug":"bearbrick-iron-man-rescue-suit","status":"publish","type":"product","link":"https:\/\/thefactoryconceptstore.com\/fr\/products\/bearbrick-iron-man-rescue-suit\/","title":{"rendered":"BE@RBRICK IRON MAN RESCUE SUIT 400% 100% 2022"},"content":{"rendered":"<p>BE@RBRICK IRON MAN RESCUE SUIT 400% 100% 2022<\/p>\n<p>Nouvelle collaboration entre Medicom toy et DC Comics !<\/p>\n<p>L'armure Iron Man : L'armure Mark XLIX, \u00e9galement connue sous le nom d'armure de sauvetage, est une armure utilis\u00e9e par Pepper Potts. Elle a \u00e9t\u00e9 con\u00e7ue par Tony Stark et ressemble beaucoup \u00e0 l'armure Iron Man : Mark LXXXV. Potts l'a utilis\u00e9e pendant la Bataille de la Terre pour combattre l'arm\u00e9e de Thanos aux c\u00f4t\u00e9s de son mari, des Avengers et de leurs alli\u00e9s.<br \/>\nCon\u00e7u \u00e0 l'origine avant Infinity War, Tony Stark a construit ce costume pour qu'il soit utilis\u00e9 par sa fianc\u00e9e Pepper Potts.<\/p>\n<p>Stark a fini par cacher le costume dans le garage de sa maison. Plus tard, leur fille Morgan l'a trouv\u00e9 et a port\u00e9 le casque en jouant dehors. Stark a remis le casque dans le garage apr\u00e8s avoir dit \u00e0 Morgan qu'il s'agissait d'un cadeau pour Potts et s'est plaint en plaisantant qu'elle ne portait jamais les objets qu'il avait fabriqu\u00e9s pour elle.<\/p>\n<p>Medicom Toy utilise la technologie du transfert d'eau pour garantir un placement unique de l'impression sur chaque Be@rbrick. Cela signifie que chaque Be@rbrick sera sp\u00e9ciale et unique.<\/p>","protected":false},"excerpt":{"rendered":"<p>BE@RBRICK IRON MAN RESCUE SUIT 400% 100% 2022 Nouvelle collaboration entre Medicom toy et DC Comics ! L'armure Iron Man : Mark XLIX Armor, \u00e9galement connue sous le nom de Rescue Armor, est une armure utilis\u00e9e par Pepper Potts. Elle a \u00e9t\u00e9 con\u00e7ue par Tony Stark et ressemble beaucoup \u00e0 l'armure Iron Man : Mark LXXXV. Potts a utilis\u00e9 ...<\/p>\n<p class=\"read-more\"> <a class=\"\" href=\"https:\/\/thefactoryconceptstore.com\/fr\/products\/bearbrick-iron-man-rescue-suit\/\"> <span class=\"screen-reader-text\">BE@RBRICK IRON MAN RESCUE SUIT 400% 100% 2022<\/span> Lire la suite \"<\/a><\/p>","protected":false},"featured_media":9139,"template":"","meta":{"site-sidebar-layout":"default","site-content-layout":"default","ast-global-header-display":"","ast-banner-title-visibility":"","ast-main-header-display":"","ast-hfb-above-header-display":"","ast-hfb-below-header-display":"","ast-hfb-mobile-header-display":"","site-post-title":"","ast-breadcrumbs-content":"","ast-featured-img":"","footer-sml-layout":"","theme-transparent-header-meta":"default","adv-header-id-meta":"","stick-header-meta":"","header-above-stick-meta":"","header-main-stick-meta":"","header-below-stick-meta":""},"product_brand":[],"product_cat":[33],"product_tag":[],"class_list":{"0":"post-9138","1":"product","2":"type-product","3":"status-publish","4":"has-post-thumbnail","6":"product_cat-bearbrick","7":"desktop-align-left","8":"tablet-align-left","9":"mobile-align-left","11":"first","12":"outofstock","13":"shipping-taxable","14":"purchasable","15":"product-type-simple"},"_links":{"self":[{"href":"https:\/\/thefactoryconceptstore.com\/fr\/wp-json\/wp\/v2\/product\/9138","targetHints":{"allow":["GET"]}}],"collection":[{"href":"https:\/\/thefactoryconceptstore.com\/fr\/wp-json\/wp\/v2\/product"}],"about":[{"href":"https:\/\/thefactoryconceptstore.com\/fr\/wp-json\/wp\/v2\/types\/product"}],"version-history":[{"count":9,"href":"https:\/\/thefactoryconceptstore.com\/fr\/wp-json\/wp\/v2\/product\/9138\/revisions"}],"predecessor-version":[{"id":11011,"href":"https:\/\/thefactoryconceptstore.com\/fr\/wp-json\/wp\/v2\/product\/9138\/revisions\/11011"}],"wp:featuredmedia":[{"embeddable":true,"href":"https:\/\/thefactoryconceptstore.com\/fr\/wp-json\/wp\/v2\/media\/9139"}],"wp:attachment":[{"href":"https:\/\/thefactoryconceptstore.com\/fr\/wp-json\/wp\/v2\/media?parent=9138"}],"wp:term":[{"taxonomy":"product_brand","embeddable":true,"href":"https:\/\/thefactoryconceptstore.com\/fr\/wp-json\/wp\/v2\/product_brand?post=9138"},{"taxonomy":"product_cat","embeddable":true,"href":"https:\/\/thefactoryconceptstore.com\/fr\/wp-json\/wp\/v2\/product_cat?post=9138"},{"taxonomy":"product_tag","embeddable":true,"href":"https:\/\/thefactoryconceptstore.com\/fr\/wp-json\/wp\/v2\/product_tag?post=9138"}],"curies":[{"name":"wp","href":"https:\/\/api.w.org\/{rel}","templated":true}]}}