{"id":9132,"date":"2023-05-17T10:21:34","date_gmt":"2023-05-17T08:21:34","guid":{"rendered":"https:\/\/thefactoryconceptstore.com\/?post_type=product&#038;p=9132"},"modified":"2024-12-03T17:13:13","modified_gmt":"2024-12-03T16:13:13","slug":"bearbrick-girl-with-a-pearl-earring-400-100","status":"publish","type":"product","link":"https:\/\/thefactoryconceptstore.com\/fr\/products\/bearbrick-girl-with-a-pearl-earring-400-100\/","title":{"rendered":"BE@RBRICK FILLE AVEC UNE BOUCLE D'OREILLE EN PERLE 400% 100% 2021"},"content":{"rendered":"<p>BE@RBRICK FILLE AVEC UNE BOUCLE D'OREILLE EN PERLE 400% 100% 2021<\/p>\n<p>Medicom a de nouveau donn\u00e9 vie \u00e0 l'un des anciens ma\u00eetres hollandais sur sa plateforme Be@rbrick.<\/p>\n<p>Avec Johannes Vermeer, ils font entrer une l\u00e9gende dans le monde de l'art moderne sous la forme d'Une jeune fille \u00e0 la boucle d'oreille en perle.<\/p>\n<p>Il s'agit de l'un des chefs-d'\u0153uvre du peintre n\u00e9erlandais Johannes Vermeer, qui a \u00e9t\u00e9 officiellement tridimensionnalis\u00e9 pour comm\u00e9morer le 200e anniversaire de la cr\u00e9ation du mus\u00e9e, avec l'enti\u00e8re collaboration des Mus\u00e9es royaux des beaux-arts Mauritshuis aux Pays-Bas !<\/p>\n<p>Medicom Toy utilise la technologie du transfert d'eau pour garantir un placement unique de l'impression de chaque Be@rbrick. Cela signifie que chaque Be@rbrick sera sp\u00e9ciale et unique.<\/p>","protected":false},"excerpt":{"rendered":"<p>BE@RBRICK GIRL WITH A PEARL EARRING 400% 100% 2021 Medicom has again brought one of the old Dutch masters to life on their Be@rbrick Platform. With Johannes Vermeer they&#8217;re bringing a legend to the modern art world in the form of A girl with a pearl earring. This is one of the masterpieces of the &hellip;<\/p>\n<p class=\"read-more\"> <a class=\"\" href=\"https:\/\/thefactoryconceptstore.com\/fr\/products\/bearbrick-girl-with-a-pearl-earring-400-100\/\"> <span class=\"screen-reader-text\">BE@RBRICK FILLE AVEC UNE BOUCLE D'OREILLE EN PERLE 400% 100% 2021<\/span> Lire la suite \"<\/a><\/p>","protected":false},"featured_media":9133,"template":"","meta":{"site-sidebar-layout":"default","site-content-layout":"default","ast-global-header-display":"","ast-banner-title-visibility":"","ast-main-header-display":"","ast-hfb-above-header-display":"","ast-hfb-below-header-display":"","ast-hfb-mobile-header-display":"","site-post-title":"","ast-breadcrumbs-content":"","ast-featured-img":"","footer-sml-layout":"","theme-transparent-header-meta":"default","adv-header-id-meta":"","stick-header-meta":"","header-above-stick-meta":"","header-main-stick-meta":"","header-below-stick-meta":""},"product_brand":[],"product_cat":[33],"product_tag":[],"class_list":{"0":"post-9132","1":"product","2":"type-product","3":"status-publish","4":"has-post-thumbnail","6":"product_cat-bearbrick","7":"desktop-align-left","8":"tablet-align-left","9":"mobile-align-left","11":"first","12":"outofstock","13":"shipping-taxable","14":"purchasable","15":"product-type-simple"},"_links":{"self":[{"href":"https:\/\/thefactoryconceptstore.com\/fr\/wp-json\/wp\/v2\/product\/9132","targetHints":{"allow":["GET"]}}],"collection":[{"href":"https:\/\/thefactoryconceptstore.com\/fr\/wp-json\/wp\/v2\/product"}],"about":[{"href":"https:\/\/thefactoryconceptstore.com\/fr\/wp-json\/wp\/v2\/types\/product"}],"version-history":[{"count":4,"href":"https:\/\/thefactoryconceptstore.com\/fr\/wp-json\/wp\/v2\/product\/9132\/revisions"}],"predecessor-version":[{"id":11010,"href":"https:\/\/thefactoryconceptstore.com\/fr\/wp-json\/wp\/v2\/product\/9132\/revisions\/11010"}],"wp:featuredmedia":[{"embeddable":true,"href":"https:\/\/thefactoryconceptstore.com\/fr\/wp-json\/wp\/v2\/media\/9133"}],"wp:attachment":[{"href":"https:\/\/thefactoryconceptstore.com\/fr\/wp-json\/wp\/v2\/media?parent=9132"}],"wp:term":[{"taxonomy":"product_brand","embeddable":true,"href":"https:\/\/thefactoryconceptstore.com\/fr\/wp-json\/wp\/v2\/product_brand?post=9132"},{"taxonomy":"product_cat","embeddable":true,"href":"https:\/\/thefactoryconceptstore.com\/fr\/wp-json\/wp\/v2\/product_cat?post=9132"},{"taxonomy":"product_tag","embeddable":true,"href":"https:\/\/thefactoryconceptstore.com\/fr\/wp-json\/wp\/v2\/product_tag?post=9132"}],"curies":[{"name":"wp","href":"https:\/\/api.w.org\/{rel}","templated":true}]}}