{"id":9126,"date":"2023-05-17T10:16:34","date_gmt":"2023-05-17T08:16:34","guid":{"rendered":"https:\/\/thefactoryconceptstore.com\/?post_type=product&#038;p=9126"},"modified":"2024-12-03T17:13:20","modified_gmt":"2024-12-03T16:13:20","slug":"bearbrick-disney-mr-incredible-400-100","status":"publish","type":"product","link":"https:\/\/thefactoryconceptstore.com\/fr\/products\/bearbrick-disney-mr-incredible-400-100\/","title":{"rendered":"BE@RBRICK DISNEY MR INCREDIBLE 400% 100% 2022"},"content":{"rendered":"<p>BE@RBRICK DISNEY MR INCREDIBLE 400% 100% 2022<\/p>\n<p>Le M. Incroyable du film Les Incroyables 2 de Disney Pixar est un super-h\u00e9ros qui poss\u00e8de une force surhumaine et une invuln\u00e9rabilit\u00e9 limit\u00e9e. Procurez-vous la Be@rbrick Mr. INCREDIBLE pour renforcer votre collection afin que les m\u00e9chants n'aient aucune chance !<\/p>\n<p>Medicom Toy utilise la technologie du transfert d'eau pour garantir un placement unique de l'impression sur chaque Be@rbrick. Cela signifie que chaque Be@rbrick sera sp\u00e9ciale et unique.<\/p>","protected":false},"excerpt":{"rendered":"<p>BE@RBRICK DISNEY MR INCREDIBLE 400% 100% 2022 The Mr. incredible from Disney Pixar&#8217;s Incredibles 2 is a superhero who possesses superhuman strength and limited invulnerability. Grab the Mr. INCREDIBLE Be@rbrick to power up your collection so villains don&#8217;t stand a chance! Medicom Toy uses Water transfer technology to ensure unique print placement on each Be@rbrick. &hellip;<\/p>\n<p class=\"read-more\"> <a class=\"\" href=\"https:\/\/thefactoryconceptstore.com\/fr\/products\/bearbrick-disney-mr-incredible-400-100\/\"> <span class=\"screen-reader-text\">BE@RBRICK DISNEY MR INCREDIBLE 400% 100% 2022<\/span> Lire la suite \"<\/a><\/p>","protected":false},"featured_media":9127,"template":"","meta":{"site-sidebar-layout":"default","site-content-layout":"default","ast-global-header-display":"","ast-banner-title-visibility":"","ast-main-header-display":"","ast-hfb-above-header-display":"","ast-hfb-below-header-display":"","ast-hfb-mobile-header-display":"","site-post-title":"","ast-breadcrumbs-content":"","ast-featured-img":"","footer-sml-layout":"","theme-transparent-header-meta":"default","adv-header-id-meta":"","stick-header-meta":"","header-above-stick-meta":"","header-main-stick-meta":"","header-below-stick-meta":""},"product_brand":[],"product_cat":[33],"product_tag":[],"class_list":{"0":"post-9126","1":"product","2":"type-product","3":"status-publish","4":"has-post-thumbnail","6":"product_cat-bearbrick","7":"desktop-align-left","8":"tablet-align-left","9":"mobile-align-left","11":"first","12":"outofstock","13":"shipping-taxable","14":"purchasable","15":"product-type-simple"},"_links":{"self":[{"href":"https:\/\/thefactoryconceptstore.com\/fr\/wp-json\/wp\/v2\/product\/9126","targetHints":{"allow":["GET"]}}],"collection":[{"href":"https:\/\/thefactoryconceptstore.com\/fr\/wp-json\/wp\/v2\/product"}],"about":[{"href":"https:\/\/thefactoryconceptstore.com\/fr\/wp-json\/wp\/v2\/types\/product"}],"version-history":[{"count":4,"href":"https:\/\/thefactoryconceptstore.com\/fr\/wp-json\/wp\/v2\/product\/9126\/revisions"}],"predecessor-version":[{"id":11008,"href":"https:\/\/thefactoryconceptstore.com\/fr\/wp-json\/wp\/v2\/product\/9126\/revisions\/11008"}],"wp:featuredmedia":[{"embeddable":true,"href":"https:\/\/thefactoryconceptstore.com\/fr\/wp-json\/wp\/v2\/media\/9127"}],"wp:attachment":[{"href":"https:\/\/thefactoryconceptstore.com\/fr\/wp-json\/wp\/v2\/media?parent=9126"}],"wp:term":[{"taxonomy":"product_brand","embeddable":true,"href":"https:\/\/thefactoryconceptstore.com\/fr\/wp-json\/wp\/v2\/product_brand?post=9126"},{"taxonomy":"product_cat","embeddable":true,"href":"https:\/\/thefactoryconceptstore.com\/fr\/wp-json\/wp\/v2\/product_cat?post=9126"},{"taxonomy":"product_tag","embeddable":true,"href":"https:\/\/thefactoryconceptstore.com\/fr\/wp-json\/wp\/v2\/product_tag?post=9126"}],"curies":[{"name":"wp","href":"https:\/\/api.w.org\/{rel}","templated":true}]}}