{"id":9120,"date":"2023-05-17T09:56:35","date_gmt":"2023-05-17T07:56:35","guid":{"rendered":"https:\/\/thefactoryconceptstore.com\/?post_type=product&#038;p=9120"},"modified":"2023-06-11T21:29:18","modified_gmt":"2023-06-11T19:29:18","slug":"bearbrick-demon-slayer-kimetsu-no-yaiba-400-100","status":"publish","type":"product","link":"https:\/\/thefactoryconceptstore.com\/fr\/products\/bearbrick-demon-slayer-kimetsu-no-yaiba-400-100\/","title":{"rendered":"BE@RBRICK DEMON SLAYER KIMETSU NO YAIBA 400% 100% 2020"},"content":{"rendered":"<p>Be@rbrick Demon Slayer : Kimetsu No Yaiba 400% 100% 2020<\/p>\n<p>Demon Slayer : Kimetsu no Yaiba s'est malheureusement achev\u00e9 en mai dernier. Cependant, une collaboration de r\u00eave entre la figurine d'ours Be@rbrick de Medicom Toy et le manga original Demon Slayer a \u00e9t\u00e9 annonc\u00e9e pour remonter le moral de tout le monde !<br \/>\nCouvert d'illustrations tir\u00e9es du manga original de Koyoharu Gotouge !<\/p>\n<p>Medicom Toy utilise la technologie du transfert d'eau pour garantir un placement unique de l'impression sur chaque Be@rbrick. Cela signifie que chaque Be@rbrick sera sp\u00e9ciale et unique.<\/p>","protected":false},"excerpt":{"rendered":"<p>Be@rbrick Demon Slayer: Kimetsu No Yaiba 400% 100% 2020 Demon Slayer: Kimetsu no Yaiba&#8217;s manga sadly concluded this May. However, a dreamlike collaboration between Medicom Toy Be@rbrick bear figure and the original Demon Slayer manga has been announced to cheer everyone up! Covered with illustrations from the original manga by Koyoharu Gotouge! Medicom Toy uses &hellip;<\/p>\n<p class=\"read-more\"> <a class=\"\" href=\"https:\/\/thefactoryconceptstore.com\/fr\/products\/bearbrick-demon-slayer-kimetsu-no-yaiba-400-100\/\"> <span class=\"screen-reader-text\">BE@RBRICK DEMON SLAYER KIMETSU NO YAIBA 400% 100% 2020<\/span> Lire la suite \"<\/a><\/p>","protected":false},"featured_media":9121,"template":"","meta":{"site-sidebar-layout":"default","site-content-layout":"default","ast-global-header-display":"","ast-banner-title-visibility":"","ast-main-header-display":"","ast-hfb-above-header-display":"","ast-hfb-below-header-display":"","ast-hfb-mobile-header-display":"","site-post-title":"","ast-breadcrumbs-content":"","ast-featured-img":"","footer-sml-layout":"","theme-transparent-header-meta":"default","adv-header-id-meta":"","stick-header-meta":"","header-above-stick-meta":"","header-main-stick-meta":"","header-below-stick-meta":""},"product_brand":[],"product_cat":[33],"product_tag":[],"class_list":{"0":"post-9120","1":"product","2":"type-product","3":"status-publish","4":"has-post-thumbnail","6":"product_cat-bearbrick","7":"desktop-align-left","8":"tablet-align-left","9":"mobile-align-left","11":"first","12":"instock","13":"shipping-taxable","14":"purchasable","15":"product-type-simple"},"_links":{"self":[{"href":"https:\/\/thefactoryconceptstore.com\/fr\/wp-json\/wp\/v2\/product\/9120","targetHints":{"allow":["GET"]}}],"collection":[{"href":"https:\/\/thefactoryconceptstore.com\/fr\/wp-json\/wp\/v2\/product"}],"about":[{"href":"https:\/\/thefactoryconceptstore.com\/fr\/wp-json\/wp\/v2\/types\/product"}],"version-history":[{"count":5,"href":"https:\/\/thefactoryconceptstore.com\/fr\/wp-json\/wp\/v2\/product\/9120\/revisions"}],"predecessor-version":[{"id":11006,"href":"https:\/\/thefactoryconceptstore.com\/fr\/wp-json\/wp\/v2\/product\/9120\/revisions\/11006"}],"wp:featuredmedia":[{"embeddable":true,"href":"https:\/\/thefactoryconceptstore.com\/fr\/wp-json\/wp\/v2\/media\/9121"}],"wp:attachment":[{"href":"https:\/\/thefactoryconceptstore.com\/fr\/wp-json\/wp\/v2\/media?parent=9120"}],"wp:term":[{"taxonomy":"product_brand","embeddable":true,"href":"https:\/\/thefactoryconceptstore.com\/fr\/wp-json\/wp\/v2\/product_brand?post=9120"},{"taxonomy":"product_cat","embeddable":true,"href":"https:\/\/thefactoryconceptstore.com\/fr\/wp-json\/wp\/v2\/product_cat?post=9120"},{"taxonomy":"product_tag","embeddable":true,"href":"https:\/\/thefactoryconceptstore.com\/fr\/wp-json\/wp\/v2\/product_tag?post=9120"}],"curies":[{"name":"wp","href":"https:\/\/api.w.org\/{rel}","templated":true}]}}