{"id":9108,"date":"2023-05-17T09:46:08","date_gmt":"2023-05-17T07:46:08","guid":{"rendered":"https:\/\/thefactoryconceptstore.com\/?post_type=product&#038;p=9108"},"modified":"2024-12-03T17:13:28","modified_gmt":"2024-12-03T16:13:28","slug":"bearbrick-bape-camo-tiger-blue-400-100","status":"publish","type":"product","link":"https:\/\/thefactoryconceptstore.com\/fr\/products\/bearbrick-bape-camo-tiger-blue-400-100\/","title":{"rendered":"BE@RBRICK BAPE CAMO TIGER BLUE 400% 100% 2022"},"content":{"rendered":"<p>Be@rbrick Bape Camo Tiger blue 400% 100% 2022<\/p>\n<p>Dans le cadre d'une autre collaboration entre la marque de mode japonaise Bape et Medicom Toy, Bape a adapt\u00e9 l'imprim\u00e9 camouflage tigre de ses v\u00eatements de mode et l'a imprim\u00e9 sur la pi\u00e8ce de collection elle-m\u00eame.<\/p>\n<p>Medicom Toy utilise la technologie du transfert d'eau pour garantir un placement unique de l'impression sur chaque Be@rbrick. Cela signifie que chaque Be@rbrick sera sp\u00e9ciale et unique.<\/p>","protected":false},"excerpt":{"rendered":"<p>Be@rbrick Bape Camo Tiger blue 400% 100% 2022 Dans le cadre d'une nouvelle collaboration entre la marque de mode japonaise Bape et Medicom Toy, Bape a adapt\u00e9 l'imprim\u00e9 camouflage tigre de ses v\u00eatements de mode et l'a imprim\u00e9 sur la pi\u00e8ce de collection elle-m\u00eame. Medicom Toy utilise la technologie du transfert d'eau pour garantir un placement unique de l'impression sur chaque Be@rbrick. Cela signifie que chaque Be@rbrick ...<\/p>\n<p class=\"read-more\"> <a class=\"\" href=\"https:\/\/thefactoryconceptstore.com\/fr\/products\/bearbrick-bape-camo-tiger-blue-400-100\/\"> <span class=\"screen-reader-text\">BE@RBRICK BAPE CAMO TIGER BLUE 400% 100% 2022<\/span> Lire la suite \"<\/a><\/p>","protected":false},"featured_media":9109,"template":"","meta":{"site-sidebar-layout":"default","site-content-layout":"default","ast-global-header-display":"","ast-banner-title-visibility":"","ast-main-header-display":"","ast-hfb-above-header-display":"","ast-hfb-below-header-display":"","ast-hfb-mobile-header-display":"","site-post-title":"","ast-breadcrumbs-content":"","ast-featured-img":"","footer-sml-layout":"","theme-transparent-header-meta":"default","adv-header-id-meta":"","stick-header-meta":"","header-above-stick-meta":"","header-main-stick-meta":"","header-below-stick-meta":""},"product_brand":[],"product_cat":[33],"product_tag":[],"class_list":{"0":"post-9108","1":"product","2":"type-product","3":"status-publish","4":"has-post-thumbnail","6":"product_cat-bearbrick","7":"desktop-align-left","8":"tablet-align-left","9":"mobile-align-left","11":"first","12":"outofstock","13":"shipping-taxable","14":"purchasable","15":"product-type-simple"},"_links":{"self":[{"href":"https:\/\/thefactoryconceptstore.com\/fr\/wp-json\/wp\/v2\/product\/9108","targetHints":{"allow":["GET"]}}],"collection":[{"href":"https:\/\/thefactoryconceptstore.com\/fr\/wp-json\/wp\/v2\/product"}],"about":[{"href":"https:\/\/thefactoryconceptstore.com\/fr\/wp-json\/wp\/v2\/types\/product"}],"version-history":[{"count":4,"href":"https:\/\/thefactoryconceptstore.com\/fr\/wp-json\/wp\/v2\/product\/9108\/revisions"}],"predecessor-version":[{"id":11002,"href":"https:\/\/thefactoryconceptstore.com\/fr\/wp-json\/wp\/v2\/product\/9108\/revisions\/11002"}],"wp:featuredmedia":[{"embeddable":true,"href":"https:\/\/thefactoryconceptstore.com\/fr\/wp-json\/wp\/v2\/media\/9109"}],"wp:attachment":[{"href":"https:\/\/thefactoryconceptstore.com\/fr\/wp-json\/wp\/v2\/media?parent=9108"}],"wp:term":[{"taxonomy":"product_brand","embeddable":true,"href":"https:\/\/thefactoryconceptstore.com\/fr\/wp-json\/wp\/v2\/product_brand?post=9108"},{"taxonomy":"product_cat","embeddable":true,"href":"https:\/\/thefactoryconceptstore.com\/fr\/wp-json\/wp\/v2\/product_cat?post=9108"},{"taxonomy":"product_tag","embeddable":true,"href":"https:\/\/thefactoryconceptstore.com\/fr\/wp-json\/wp\/v2\/product_tag?post=9108"}],"curies":[{"name":"wp","href":"https:\/\/api.w.org\/{rel}","templated":true}]}}